{"id":785965,"date":"2026-04-12T03:38:57","date_gmt":"2026-04-12T00:38:57","guid":{"rendered":"https:\/\/roveyayinevi.com.tr\/index.php\/urun\/ada-ve-adam-2\/"},"modified":"2026-04-15T03:49:52","modified_gmt":"2026-04-15T00:49:52","slug":"ada-ve-adam-2","status":"publish","type":"product","link":"https:\/\/roveyayinevi.com.tr\/index.php\/urun\/ada-ve-adam-2\/","title":{"rendered":"Ada ve Adam"},"content":{"rendered":"<p>Karde\u015finin geli\u015fiyle birlikte evde de\u011fi\u015fen d\u00fczen Ada\u2019y\u0131 kendi kabu\u011funa \u00e7ekilmeye itmi\u015ftir. Anne ve babas\u0131n\u0131n azalan ilgisi, deliksiz bir uykuya hasret kal\u0131\u015f\u0131, derli toplu bir ortam\u0131n \u00f6zlemi derken Ada huzuru evin yak\u0131n\u0131ndaki parkta bulur. Ancak mahalledekilerin yak\u0131nl\u0131\u011f\u0131na, Sena ve Duru\u2019nun arkada\u015fl\u0131\u011f\u0131na, yakla\u015fan spor se\u00e7melerine ra\u011fmen i\u00e7indeki yaln\u0131zl\u0131k hissini ve k\u00fcsk\u00fcnl\u00fc\u011f\u00fc bir t\u00fcrl\u00fc da\u011f\u0131tamaz. \u00c7\u0131nar a\u011fac\u0131n\u0131n alt\u0131ndaki siyah paltolu k\u00fctleyi fark edip, i\u00e7inden \u00e7\u0131kan o gizemli, \u015fapkal\u0131 adamla tan\u0131\u015fana kadar&#8230; \u00c7ocuk edebiyat\u0131m\u0131z\u0131n en sevilen yazarlar\u0131ndan Sevim Ak karde\u015f sahibi olman\u0131n ya\u015fam\u0131 nas\u0131l de\u011fi\u015ftirebildi\u011fini, bir \u00e7ocu\u011fun deneyiminden yola \u00e7\u0131karak anlat\u0131yor. Hayat\u0131n de\u011fi\u015fen ak\u0131\u015f\u0131 i\u00e7inde kendine bir yer a\u00e7abilmek i\u00e7in duygular\u0131 fark edebilmenin; kendinle, do\u011fayla ve ba\u015fka ya\u015famlarla ba\u011f kurman\u0131n \u00f6nemine de\u011finiyor.<\/p>\n","protected":false},"excerpt":{"rendered":"<p>Karde\u015finin geli\u015fiyle birlikte evde de\u011fi\u015fen d\u00fczen Ada\u2019y\u0131 kendi kabu\u011funa \u00e7ekilmeye itmi\u015ftir. Anne ve babas\u0131n\u0131n azalan ilgisi, deliksiz bir uykuya hasret kal\u0131\u015f\u0131, derli toplu bir ortam\u0131n \u00f6zlemi<span class=\"excerpt-hellip\"> [\u2026]<\/span><\/p>\n","protected":false},"featured_media":0,"template":"","meta":{"_monsterinsights_skip_tracking":false,"_monsterinsights_sitenote_active":false,"_monsterinsights_sitenote_note":"","_monsterinsights_sitenote_category":0},"product_brand":[],"product_cat":[12291,12292],"product_tag":[],"class_list":{"0":"post-785965","1":"product","2":"type-product","3":"status-publish","5":"product_cat-edebiyat","6":"product_cat-turk-edebiyati","7":"pa_cilt-ciltsiz","8":"pa_tur-kitap","9":"pa_yayinevi-can-yayinlari","10":"pa_yazar-sevim-ak","12":"first","13":"instock","14":"sale","15":"shipping-taxable","16":"purchasable","17":"product-type-simple"},"_links":{"self":[{"href":"https:\/\/roveyayinevi.com.tr\/index.php\/wp-json\/wp\/v2\/product\/785965","targetHints":{"allow":["GET"]}}],"collection":[{"href":"https:\/\/roveyayinevi.com.tr\/index.php\/wp-json\/wp\/v2\/product"}],"about":[{"href":"https:\/\/roveyayinevi.com.tr\/index.php\/wp-json\/wp\/v2\/types\/product"}],"wp:attachment":[{"href":"https:\/\/roveyayinevi.com.tr\/index.php\/wp-json\/wp\/v2\/media?parent=785965"}],"wp:term":[{"taxonomy":"product_brand","embeddable":true,"href":"https:\/\/roveyayinevi.com.tr\/index.php\/wp-json\/wp\/v2\/product_brand?post=785965"},{"taxonomy":"product_cat","embeddable":true,"href":"https:\/\/roveyayinevi.com.tr\/index.php\/wp-json\/wp\/v2\/product_cat?post=785965"},{"taxonomy":"product_tag","embeddable":true,"href":"https:\/\/roveyayinevi.com.tr\/index.php\/wp-json\/wp\/v2\/product_tag?post=785965"}],"curies":[{"name":"wp","href":"https:\/\/api.w.org\/{rel}","templated":true}]}}