{"id":785962,"date":"2026-04-12T03:38:49","date_gmt":"2026-04-12T00:38:49","guid":{"rendered":"https:\/\/roveyayinevi.com.tr\/index.php\/urun\/tunel-3\/"},"modified":"2026-04-15T03:49:52","modified_gmt":"2026-04-15T00:49:52","slug":"tunel-3","status":"publish","type":"product","link":"https:\/\/roveyayinevi.com.tr\/index.php\/urun\/tunel-3\/","title":{"rendered":"T\u00fcnel"},"content":{"rendered":"<p>D\u00fcnya de\u011fersiz ve k\u00f6t\u00fcyd\u00fc ama ben de onun bir par\u00e7as\u0131yd\u0131m.   Kendisini yaln\u0131z ve anla\u015f\u0131lmam\u0131\u015f hisseden ressam Juan Pablo Castel, onu ger\u00e7ekten anlayan tek insan oldu\u011funa inand\u0131\u011f\u0131 Mar\u00eda\u2019y\u0131 tak\u0131nt\u0131 haline getirir. Ancak ressam\u0131n bu sevgisi giderek saplant\u0131ya, k\u0131skan\u00e7l\u0131\u011fa, kontrol ihtiyac\u0131na d\u00f6n\u00fc\u015fecek ve nihayetinde onu, sevdi\u011fi kad\u0131n\u0131 yok etmeye kadar g\u00f6t\u00fcrecektir.   20. y\u00fczy\u0131l\u0131n en etkileyici Latin Amerikal\u0131 yazarlar\u0131ndan Ernesto Sabato\u2019nun ba\u015fyap\u0131t\u0131 T\u00fcnel, a\u015fk, yaln\u0131zl\u0131k ve saplant\u0131n\u0131n \u00e7arp\u0131c\u0131 bir portresini sunarken, okuru varolu\u015fun k\u0131r\u0131lganl\u0131\u011f\u0131n\u0131 ve insan psikolojisinin karanl\u0131k dehlizlerini ke\u015ffetmeye davet ediyor.   \u201cVarolu\u015f\u00e7u bir klasik\u2026 T\u00fcyler \u00fcrpertici ve ak\u0131llardan \u00e7\u0131kmayacak bir roman.\u201d The New York Times<\/p>\n","protected":false},"excerpt":{"rendered":"<p>D\u00fcnya de\u011fersiz ve k\u00f6t\u00fcyd\u00fc ama ben de onun bir par\u00e7as\u0131yd\u0131m. Kendisini yaln\u0131z ve anla\u015f\u0131lmam\u0131\u015f hisseden ressam Juan Pablo Castel, onu ger\u00e7ekten anlayan tek insan oldu\u011funa inand\u0131\u011f\u0131<span class=\"excerpt-hellip\"> [\u2026]<\/span><\/p>\n","protected":false},"featured_media":0,"template":"","meta":{"_monsterinsights_skip_tracking":false,"_monsterinsights_sitenote_active":false,"_monsterinsights_sitenote_note":"","_monsterinsights_sitenote_category":0},"product_brand":[],"product_cat":[12291,12711],"product_tag":[],"class_list":{"0":"post-785962","1":"product","2":"type-product","3":"status-publish","5":"product_cat-edebiyat","6":"product_cat-roman-oyku","7":"pa_cilt-ciltsiz","8":"pa_tur-kitap","9":"pa_yayinevi-can-yayinlari","10":"pa_yazar-ernesto-sabato","12":"first","13":"instock","14":"sale","15":"shipping-taxable","16":"purchasable","17":"product-type-simple"},"_links":{"self":[{"href":"https:\/\/roveyayinevi.com.tr\/index.php\/wp-json\/wp\/v2\/product\/785962","targetHints":{"allow":["GET"]}}],"collection":[{"href":"https:\/\/roveyayinevi.com.tr\/index.php\/wp-json\/wp\/v2\/product"}],"about":[{"href":"https:\/\/roveyayinevi.com.tr\/index.php\/wp-json\/wp\/v2\/types\/product"}],"wp:attachment":[{"href":"https:\/\/roveyayinevi.com.tr\/index.php\/wp-json\/wp\/v2\/media?parent=785962"}],"wp:term":[{"taxonomy":"product_brand","embeddable":true,"href":"https:\/\/roveyayinevi.com.tr\/index.php\/wp-json\/wp\/v2\/product_brand?post=785962"},{"taxonomy":"product_cat","embeddable":true,"href":"https:\/\/roveyayinevi.com.tr\/index.php\/wp-json\/wp\/v2\/product_cat?post=785962"},{"taxonomy":"product_tag","embeddable":true,"href":"https:\/\/roveyayinevi.com.tr\/index.php\/wp-json\/wp\/v2\/product_tag?post=785962"}],"curies":[{"name":"wp","href":"https:\/\/api.w.org\/{rel}","templated":true}]}}