{"id":785961,"date":"2026-04-12T03:38:46","date_gmt":"2026-04-12T00:38:46","guid":{"rendered":"https:\/\/roveyayinevi.com.tr\/index.php\/urun\/bilimin-oykusu\/"},"modified":"2026-04-15T03:49:52","modified_gmt":"2026-04-15T00:49:52","slug":"bilimin-oykusu","status":"publish","type":"product","link":"https:\/\/roveyayinevi.com.tr\/index.php\/urun\/bilimin-oykusu\/","title":{"rendered":"Bilimin \u00d6yk\u00fcs\u00fc"},"content":{"rendered":"<p>Zamanda yolculuk yaparak bilimin do\u011fu\u015funa tan\u0131kl\u0131k etmeye haz\u0131r m\u0131s\u0131n? \u0130lk yerle\u015fik topluluklar\u0131n pratik g\u00f6zlemlerinden Newton devrimiyle \u015fekillenen modern bilimsel y\u00f6nteme kadar uzanan bu zaman yolculu\u011funda bilimin sadece bir bulu\u015flar silsilesi de\u011fil, bitmek bilmeyen bir merak ve sorgulama ser\u00fcveni oldu\u011funu g\u00f6receksin. \u00dcstelik bu kitap s\u0131k\u0131c\u0131 ansiklopedik bilgilerden olu\u015fmayacak; bilimin en e\u011flenceli y\u00f6nlerini de ke\u015ffedeceksin.   Emrah Aslan, Bilimin \u00d6yk\u00fcs\u00fc\u2019nde gen\u00e7 okurlar\u0131n dilinden konu\u015farak bilimin daima bilinmeyenin pe\u015finde ko\u015fan, heyecan verici bir insanl\u0131k \u00f6yk\u00fcs\u00fc oldu\u011funu g\u00f6steriyor.<\/p>\n","protected":false},"excerpt":{"rendered":"<p>Zamanda yolculuk yaparak bilimin do\u011fu\u015funa tan\u0131kl\u0131k etmeye haz\u0131r m\u0131s\u0131n? \u0130lk yerle\u015fik topluluklar\u0131n pratik g\u00f6zlemlerinden Newton devrimiyle \u015fekillenen modern bilimsel y\u00f6nteme kadar uzanan bu zaman yolculu\u011funda bilimin<span class=\"excerpt-hellip\"> [\u2026]<\/span><\/p>\n","protected":false},"featured_media":0,"template":"","meta":{"_monsterinsights_skip_tracking":false,"_monsterinsights_sitenote_active":false,"_monsterinsights_sitenote_note":"","_monsterinsights_sitenote_category":0},"product_brand":[],"product_cat":[13005,13006],"product_tag":[],"class_list":{"0":"post-785961","1":"product","2":"type-product","3":"status-publish","5":"product_cat-bilim-muhendislik","6":"product_cat-populer-bilim","7":"pa_cilt-ciltsiz","8":"pa_tur-kitap","9":"pa_yayinevi-mundi","10":"pa_yazar-emrah-aslan","12":"first","13":"instock","14":"sale","15":"shipping-taxable","16":"purchasable","17":"product-type-simple"},"_links":{"self":[{"href":"https:\/\/roveyayinevi.com.tr\/index.php\/wp-json\/wp\/v2\/product\/785961","targetHints":{"allow":["GET"]}}],"collection":[{"href":"https:\/\/roveyayinevi.com.tr\/index.php\/wp-json\/wp\/v2\/product"}],"about":[{"href":"https:\/\/roveyayinevi.com.tr\/index.php\/wp-json\/wp\/v2\/types\/product"}],"wp:attachment":[{"href":"https:\/\/roveyayinevi.com.tr\/index.php\/wp-json\/wp\/v2\/media?parent=785961"}],"wp:term":[{"taxonomy":"product_brand","embeddable":true,"href":"https:\/\/roveyayinevi.com.tr\/index.php\/wp-json\/wp\/v2\/product_brand?post=785961"},{"taxonomy":"product_cat","embeddable":true,"href":"https:\/\/roveyayinevi.com.tr\/index.php\/wp-json\/wp\/v2\/product_cat?post=785961"},{"taxonomy":"product_tag","embeddable":true,"href":"https:\/\/roveyayinevi.com.tr\/index.php\/wp-json\/wp\/v2\/product_tag?post=785961"}],"curies":[{"name":"wp","href":"https:\/\/api.w.org\/{rel}","templated":true}]}}