{"id":785960,"date":"2026-04-11T14:51:33","date_gmt":"2026-04-11T11:51:33","guid":{"rendered":"https:\/\/roveyayinevi.com.tr\/index.php\/urun\/corinne-ve-mustafa-kemal-son-mektup\/"},"modified":"2026-04-15T03:50:19","modified_gmt":"2026-04-15T00:50:19","slug":"corinne-ve-mustafa-kemal-son-mektup","status":"publish","type":"product","link":"https:\/\/roveyayinevi.com.tr\/index.php\/urun\/corinne-ve-mustafa-kemal-son-mektup\/","title":{"rendered":"Corinne ve Mustafa Kemal &#8211; Son Mektup"},"content":{"rendered":"<p>\u201cBenim ihtiraslar\u0131m var. Hem de pek b\u00fcy\u00fckleri. Fakat bu ihtiraslar, y\u00fcksek mevkiler i\u015fgal etmek veya b\u00fcy\u00fck paralar elde etmek gibi maddi emellerin tatminine taalluk etmiyor. Ben bu ihtiraslar\u0131m\u0131n ger\u00e7ekle\u015fmesini vatan\u0131ma b\u00fcy\u00fck faydalar\u0131 dokunacak, bana da liyakatle ifa edilmi\u015f bir vazifenin canl\u0131 i\u00e7 rahatl\u0131\u011f\u0131n\u0131 verecek b\u00fcy\u00fck bir fikrin ba\u015far\u0131s\u0131nda ar\u0131yorum. B\u00fct\u00fcn hayat\u0131m\u0131n prensibi bu olmu\u015ftur. Ona \u00e7ok gen\u00e7 ya\u015f\u0131mda sahip oldum ve son nefesime kadar da onu muhafaza edece\u011fim.\u201dMustafa Kemal (12 Ocak 1914-Sofya)\u201c\u00dc\u00e7 y\u0131ld\u0131r zaferlerinizi ad\u0131m ad\u0131m takip ettim ve bug\u00fcnk\u00fc zaferiniz, sizi 12 y\u0131ld\u0131r tan\u0131d\u0131\u011f\u0131m i\u00e7in ve t\u00fcm d\u00fcnyaya hayranl\u0131kla g\u00f6stermeye kararl\u0131 oldu\u011funuz nihai ba\u015far\u0131dan asla umudumu kesmedi\u011fim i\u00e7in beni her zamankinden daha gururlu ve mutlu ediyor!!!\u201dMadam Corinne (25 Ocak 1924-Roma)<\/p>\n","protected":false},"excerpt":{"rendered":"<p>\u201cBenim ihtiraslar\u0131m var. Hem de pek b\u00fcy\u00fckleri. Fakat bu ihtiraslar, y\u00fcksek mevkiler i\u015fgal etmek veya b\u00fcy\u00fck paralar elde etmek gibi maddi emellerin tatminine taalluk etmiyor. Ben<span class=\"excerpt-hellip\"> [\u2026]<\/span><\/p>\n","protected":false},"featured_media":0,"template":"","meta":{"_monsterinsights_skip_tracking":false,"_monsterinsights_sitenote_active":false,"_monsterinsights_sitenote_note":"","_monsterinsights_sitenote_category":0},"product_brand":[],"product_cat":[12530,12304],"product_tag":[],"class_list":{"0":"post-785960","1":"product","2":"type-product","3":"status-publish","5":"product_cat-mustafa-kemal-ataturk","6":"product_cat-tarih","7":"pa_cilt-ciltsiz","8":"pa_tur-kitap","9":"pa_yayinevi-masa-kitap","10":"pa_yazar-con-sinov","12":"first","13":"instock","14":"sale","15":"shipping-taxable","16":"purchasable","17":"product-type-simple"},"_links":{"self":[{"href":"https:\/\/roveyayinevi.com.tr\/index.php\/wp-json\/wp\/v2\/product\/785960","targetHints":{"allow":["GET"]}}],"collection":[{"href":"https:\/\/roveyayinevi.com.tr\/index.php\/wp-json\/wp\/v2\/product"}],"about":[{"href":"https:\/\/roveyayinevi.com.tr\/index.php\/wp-json\/wp\/v2\/types\/product"}],"wp:attachment":[{"href":"https:\/\/roveyayinevi.com.tr\/index.php\/wp-json\/wp\/v2\/media?parent=785960"}],"wp:term":[{"taxonomy":"product_brand","embeddable":true,"href":"https:\/\/roveyayinevi.com.tr\/index.php\/wp-json\/wp\/v2\/product_brand?post=785960"},{"taxonomy":"product_cat","embeddable":true,"href":"https:\/\/roveyayinevi.com.tr\/index.php\/wp-json\/wp\/v2\/product_cat?post=785960"},{"taxonomy":"product_tag","embeddable":true,"href":"https:\/\/roveyayinevi.com.tr\/index.php\/wp-json\/wp\/v2\/product_tag?post=785960"}],"curies":[{"name":"wp","href":"https:\/\/api.w.org\/{rel}","templated":true}]}}