{"id":785959,"date":"2026-04-11T14:51:29","date_gmt":"2026-04-11T11:51:29","guid":{"rendered":"https:\/\/roveyayinevi.com.tr\/index.php\/urun\/bir-tikirti-var\/"},"modified":"2026-04-15T03:49:42","modified_gmt":"2026-04-15T00:49:42","slug":"bir-tikirti-var","status":"publish","type":"product","link":"https:\/\/roveyayinevi.com.tr\/index.php\/urun\/bir-tikirti-var\/","title":{"rendered":"Bir T\u0131k\u0131rt\u0131 Var"},"content":{"rendered":"<p>Bir T\u0131k\u0131rt\u0131 Var, g\u00fcndelik hayat\u0131n en s\u0131radan anlar\u0131na s\u0131zan tuhafl\u0131\u011f\u0131, tekinsizli\u011fi ve i\u00e7ten i\u00e7e b\u00fcy\u00fcyen korkuyu g\u00fc\u00e7l\u00fc bir anlat\u0131yla bulu\u015fturan \u00e7arp\u0131c\u0131 bir \u00f6yk\u00fc kitab\u0131.\u00c7a\u011fatay Y\u00fcceba\u015f, bu eserde okuru g\u00fcvenli sand\u0131\u011f\u0131 d\u00fcnyan\u0131n e\u015fi\u011fine getirip oradaki \u00e7atla\u011f\u0131 sessizce g\u00f6steriyor.Kitaptaki \u00f6yk\u00fcler; yapay zek\u00e2, kay\u0131p, belirsizlik, haf\u0131za, \u00f6l\u00fcm, g\u00f6lge, i\u00e7 s\u0131k\u0131nt\u0131s\u0131 ve g\u00f6r\u00fcnmeyen tehditler etraf\u0131nda dola\u015f\u0131rken her defas\u0131nda zihinde iz b\u0131rakan bir atmosfer kuruyor.Daha ilk sayfalardan itibaren hissedilen o tedirgin edici \u201ct\u0131k\u0131rt\u0131\u201d, kitab\u0131n geneline yay\u0131lan gerilim duygusunun da habercisi oluyor.Metinler, korkuyu b\u00fcy\u00fck g\u00fcr\u00fclt\u00fclerle de\u011fil; ayr\u0131nt\u0131larla, suskunluklarla ve tan\u0131d\u0131k hayatlar\u0131n i\u00e7ine yerle\u015fen k\u00fc\u00e7\u00fck k\u0131r\u0131lmalarla b\u00fcy\u00fct\u00fcyor.Bu y\u00f6n\u00fcyle eser, yaln\u0131zca merak uyand\u0131ran olaylar anlatm\u0131yor; okurun i\u00e7 d\u00fcnyas\u0131nda da huzursuz bir yank\u0131 b\u0131rak\u0131yor.Yazar\u0131n dili, yer yer \u015fiirsel, yer yer sert ama her durumda dikkat \u00e7ekici bir yo\u011funluk ta\u015f\u0131yor.Modern zaman\u0131n kayg\u0131lar\u0131n\u0131, karanl\u0131k sezgilerini ve insan ruhundaki \u00e7atallanmay\u0131 \u00f6yk\u00fc formunda g\u00f6rmek isteyenler i\u00e7in g\u00fc\u00e7l\u00fc bir okuma vaat ediyor.Klasik korku kal\u0131plar\u0131na yaslanmadan tekinsiz bir d\u00fcnya kurabilmesi, kitab\u0131 benzerlerinden ay\u0131ran en belirgin \u00f6zelliklerden biri h\u00e2line geliyor.Bu y\u00fczden Bir T\u0131k\u0131rt\u0131 Var, okuru hem edebi bir atmosferin i\u00e7ine \u00e7eken hem de son sayfadan sonra bile etkisini s\u00fcrd\u00fcren sars\u0131c\u0131 bir eser olarak \u00f6ne \u00e7\u0131k\u0131yor.<\/p>\n","protected":false},"excerpt":{"rendered":"<p>Bir T\u0131k\u0131rt\u0131 Var, g\u00fcndelik hayat\u0131n en s\u0131radan anlar\u0131na s\u0131zan tuhafl\u0131\u011f\u0131, tekinsizli\u011fi ve i\u00e7ten i\u00e7e b\u00fcy\u00fcyen korkuyu g\u00fc\u00e7l\u00fc bir anlat\u0131yla bulu\u015fturan \u00e7arp\u0131c\u0131 bir \u00f6yk\u00fc kitab\u0131.\u00c7a\u011fatay Y\u00fcceba\u015f, bu<span class=\"excerpt-hellip\"> [\u2026]<\/span><\/p>\n","protected":false},"featured_media":0,"template":"","meta":{"_monsterinsights_skip_tracking":false,"_monsterinsights_sitenote_active":false,"_monsterinsights_sitenote_note":"","_monsterinsights_sitenote_category":0},"product_brand":[],"product_cat":[141304],"product_tag":[],"class_list":{"0":"post-785959","1":"product","2":"type-product","3":"status-publish","5":"product_cat-yeni-cikanlar","6":"pa_cilt-ciltsiz","7":"pa_tur-kitap","8":"pa_yayinevi-fa-yayinlari","9":"pa_yazar-cagatay-yucebas","11":"first","12":"instock","13":"sale","14":"shipping-taxable","15":"purchasable","16":"product-type-simple"},"_links":{"self":[{"href":"https:\/\/roveyayinevi.com.tr\/index.php\/wp-json\/wp\/v2\/product\/785959","targetHints":{"allow":["GET"]}}],"collection":[{"href":"https:\/\/roveyayinevi.com.tr\/index.php\/wp-json\/wp\/v2\/product"}],"about":[{"href":"https:\/\/roveyayinevi.com.tr\/index.php\/wp-json\/wp\/v2\/types\/product"}],"wp:attachment":[{"href":"https:\/\/roveyayinevi.com.tr\/index.php\/wp-json\/wp\/v2\/media?parent=785959"}],"wp:term":[{"taxonomy":"product_brand","embeddable":true,"href":"https:\/\/roveyayinevi.com.tr\/index.php\/wp-json\/wp\/v2\/product_brand?post=785959"},{"taxonomy":"product_cat","embeddable":true,"href":"https:\/\/roveyayinevi.com.tr\/index.php\/wp-json\/wp\/v2\/product_cat?post=785959"},{"taxonomy":"product_tag","embeddable":true,"href":"https:\/\/roveyayinevi.com.tr\/index.php\/wp-json\/wp\/v2\/product_tag?post=785959"}],"curies":[{"name":"wp","href":"https:\/\/api.w.org\/{rel}","templated":true}]}}