{"id":785958,"date":"2026-04-11T14:51:23","date_gmt":"2026-04-11T11:51:23","guid":{"rendered":"https:\/\/roveyayinevi.com.tr\/index.php\/urun\/narsisistik-istismar\/"},"modified":"2026-04-15T03:48:55","modified_gmt":"2026-04-15T00:48:55","slug":"narsisistik-istismar","status":"publish","type":"product","link":"https:\/\/roveyayinevi.com.tr\/index.php\/urun\/narsisistik-istismar\/","title":{"rendered":"Narsisistik \u0130stismar"},"content":{"rendered":"<p>A\u015fk gibi ba\u015flayan ama zamanla kendinizden \u015f\u00fcphe duyman\u0131za neden olan bir ili\u015fki ya\u015fad\u0131n\u0131z m\u0131 hi\u00e7? Ba\u015flang\u0131\u00e7ta yo\u011fun ilgi, hayranl\u0131k ve \u201cruh e\u015fi\u201d olma duygusu\u2026 Ard\u0131ndan gelen de\u011fersizle\u015ftirme, kafa kar\u0131\u015f\u0131kl\u0131\u011f\u0131, su\u00e7luluk ve g\u00f6r\u00fcnmez bir kontrol a\u011f\u0131\u2026   Terapist Vanessa M. Reiser Narsisistik \u0130stismar\u2019da narsisistik \u00f6zellikler ta\u015f\u0131yan partnerlerle kurulan ili\u015fkilerin dinamiklerini yal\u0131n bir dille ele al\u0131yor. \u0130li\u015fkilerin idealizasyon, de\u011fersizle\u015ftirme ve kontrol a\u015famalar\u0131n\u0131 ad\u0131m ad\u0131m inceliyor; ayr\u0131l\u0131k sonras\u0131 ya\u015fanan kafa kar\u0131\u015f\u0131kl\u0131\u011f\u0131, \u00f6zlem, su\u00e7luluk ve kimlik sars\u0131nt\u0131s\u0131n\u0131 anlamland\u0131rmaya yard\u0131mc\u0131 oluyor. Okuruna yaln\u0131zca ba\u015fkalar\u0131n\u0131 anlamak i\u00e7in de\u011fil kendi s\u0131n\u0131rlar\u0131n\u0131, sorumluluklar\u0131n\u0131 ve ili\u015fki i\u00e7indeki rol\u00fcn\u00fc d\u00fcr\u00fcst\u00e7e de\u011ferlendirebilmesi i\u00e7in ipu\u00e7lar\u0131 sunuyor. En \u00f6nemlisi de iyile\u015fmenin m\u00fcmk\u00fcn oldu\u011funu hat\u0131rlat\u0131yor.   Ancak her zor ili\u015fki narsisistik de\u011fildir; her istismar bir ki\u015filik bozuklu\u011fu anlam\u0131na gelmez. Ama\u00e7 birilerini damgalamak de\u011fil ya\u015fananlar\u0131 adland\u0131rabilmek, s\u0131n\u0131r koyabilmek ve g\u00fcvenli bir \u00e7\u0131k\u0131\u015f plan\u0131 olu\u015fturabilmek. Dolay\u0131s\u0131yla Reiser, narsisizmi zarars\u0131z g\u00f6r\u00fcn\u00fcmlerden y\u0131k\u0131c\u0131 \u00f6r\u00fcnt\u00fclere uzanan bir s\u00fcreklilik i\u00e7inde ele al\u0131rken okuru fark\u0131ndal\u0131\u011fa davet ediyor.<\/p>\n","protected":false},"excerpt":{"rendered":"<p>A\u015fk gibi ba\u015flayan ama zamanla kendinizden \u015f\u00fcphe duyman\u0131za neden olan bir ili\u015fki ya\u015fad\u0131n\u0131z m\u0131 hi\u00e7? Ba\u015flang\u0131\u00e7ta yo\u011fun ilgi, hayranl\u0131k ve \u201cruh e\u015fi\u201d olma duygusu\u2026 Ard\u0131ndan gelen<span class=\"excerpt-hellip\"> [\u2026]<\/span><\/p>\n","protected":false},"featured_media":0,"template":"","meta":{"_monsterinsights_skip_tracking":false,"_monsterinsights_sitenote_active":false,"_monsterinsights_sitenote_note":"","_monsterinsights_sitenote_category":0},"product_brand":[],"product_cat":[12357],"product_tag":[],"class_list":{"0":"post-785958","1":"product","2":"type-product","3":"status-publish","5":"product_cat-psikoloji","6":"pa_cilt-ciltsiz","7":"pa_tur-kitap","8":"pa_yayinevi-kolektif-kitap","9":"pa_yazar-vanessa-m-reiser","11":"first","12":"instock","13":"sale","14":"shipping-taxable","15":"purchasable","16":"product-type-simple"},"_links":{"self":[{"href":"https:\/\/roveyayinevi.com.tr\/index.php\/wp-json\/wp\/v2\/product\/785958","targetHints":{"allow":["GET"]}}],"collection":[{"href":"https:\/\/roveyayinevi.com.tr\/index.php\/wp-json\/wp\/v2\/product"}],"about":[{"href":"https:\/\/roveyayinevi.com.tr\/index.php\/wp-json\/wp\/v2\/types\/product"}],"wp:attachment":[{"href":"https:\/\/roveyayinevi.com.tr\/index.php\/wp-json\/wp\/v2\/media?parent=785958"}],"wp:term":[{"taxonomy":"product_brand","embeddable":true,"href":"https:\/\/roveyayinevi.com.tr\/index.php\/wp-json\/wp\/v2\/product_brand?post=785958"},{"taxonomy":"product_cat","embeddable":true,"href":"https:\/\/roveyayinevi.com.tr\/index.php\/wp-json\/wp\/v2\/product_cat?post=785958"},{"taxonomy":"product_tag","embeddable":true,"href":"https:\/\/roveyayinevi.com.tr\/index.php\/wp-json\/wp\/v2\/product_tag?post=785958"}],"curies":[{"name":"wp","href":"https:\/\/api.w.org\/{rel}","templated":true}]}}