{"id":785957,"date":"2026-04-11T14:51:21","date_gmt":"2026-04-11T11:51:21","guid":{"rendered":"https:\/\/roveyayinevi.com.tr\/index.php\/urun\/yeniden-uretimin-gizemi\/"},"modified":"2026-04-15T03:48:55","modified_gmt":"2026-04-15T00:48:55","slug":"yeniden-uretimin-gizemi","status":"publish","type":"product","link":"https:\/\/roveyayinevi.com.tr\/index.php\/urun\/yeniden-uretimin-gizemi\/","title":{"rendered":"Yeniden \u00dcretimin Gizemi"},"content":{"rendered":"<p>\u201cNe var ki, o kadar s\u0131k soka\u011fa \u00e7\u0131kam\u0131yorum, her vakit el alt\u0131nda bulunmam gerekiyor, \u00e7\u00fcnk\u00fc hep yap\u0131lacak bir i\u015f \u00e7\u0131k\u0131yor evde.\u201d Franz Kafka, Amerika.   Kafka\u2019n\u0131n Amerika isimli roman\u0131ndan yakla\u015f\u0131k yar\u0131m y\u00fczy\u0131l sonra yaz\u0131lan Yeniden \u00dcretimin Gizemi, ev i\u00e7i ve ev d\u0131\u015f\u0131 i\u015f s\u00fcre\u00e7lerinde kad\u0131n\u0131n yeri, \u00fcretim ve yeniden \u00fcretim alanlar\u0131n\u0131n kapitalizmdeki \u00f6zg\u00fcll\u00fckleri ve yirmi birinci y\u00fczy\u0131lda ge\u00e7irdi\u011fi d\u00f6n\u00fc\u015f\u00fcmleri tart\u0131\u015fan ilk kapsaml\u0131 \u00e7a\u011fda\u015f Marksist klasiklerden biridir.   Kapitalist \u00fcretimin ikili karakterinin ele al\u0131nd\u0131\u011f\u0131 elinizdeki kitap, de\u011fer, \u00fcretim ve yeniden \u00fcretim d\u00f6ng\u00fcs\u00fcn\u00fc, Marx\u2019\u0131n izinden giderek, sil ba\u015ftan sorguluyor. Bu \u00e7\u00f6z\u00fcmlemede, i\u015f\u00e7inin s\u00f6m\u00fcr\u00fclmesi i\u00e7in \u00f6nce kad\u0131n\u0131n evde s\u00f6m\u00fcr\u00fclmesi \u00f6nko\u015fuldur. Feodalizmden kapitalizme ge\u00e7i\u015fle birlikte, lordun el koydu\u011fu topra\u011fa ba\u011fl\u0131 ya\u015fayan kad\u0131n ve erkekler, dinsel mistifikasyonun izinde yeniden \u00f6znele\u015ftirilirler. Bu \u00f6znele\u015fme ve ayn\u0131 zamanda tabi k\u0131l\u0131nma her iki cinsiyet a\u00e7\u0131s\u0131ndan farkl\u0131 i\u015fler. Erkek do\u011frudan \u00fccretli emek alt\u0131nda fabrikada sermayeye tabi k\u0131l\u0131n\u0131rken, kad\u0131n, kapitalist mistifikasyonun \u00fcretim s\u00fcrecinde ikincil, de\u011fer-d\u0131\u015f\u0131 bir ba\u011fl\u0131l\u0131\u011fa tabi k\u0131l\u0131n\u0131r. B\u00f6ylelikle \u00fcretimin bir eklentisi olarak nak\u015fedilen yeniden \u00fcretim d\u00f6ng\u00fcs\u00fcnde kad\u0131n\u0131n tahakk\u00fcm alt\u0131na al\u0131n\u0131\u015f\u0131 do\u011falla\u015ft\u0131r\u0131l\u0131r. Heteroseksizm ise salt bir kontrol bi\u00e7imi olman\u0131n \u00f6tesinde kapitalist \u00fcretim ili\u015fkilerinin olmazsa olmaz halini al\u0131r.   Fortunati\u2019nin kitap boyunca \u00e7\u00f6z\u00fcmledi\u011fi bu gizemi, kad\u0131n m\u00fccadelelerinin ve direni\u015flerinin dayatt\u0131\u011f\u0131 d\u00f6n\u00fc\u015f\u00fcmler ve ayn\u0131 zamanda kapitalizmin buna kar\u015f\u0131 geli\u015ftirdi\u011fi sald\u0131r\u0131larla yirmi birinci y\u00fczy\u0131lda bize bamba\u015fka sorunlar ve f\u0131rsatlar sunmaktad\u0131r. Kapitalizmin ortaya \u00e7\u0131k\u0131\u015f\u0131ndan bu yana yer yer devrimler ve kazan\u0131mlarla an\u0131lan s\u0131n\u0131f m\u00fccadeleleri tarihi, kad\u0131nlar a\u00e7\u0131s\u0131ndan \u00f6zg\u00fcrle\u015fme s\u00fcre\u00e7lerinin \u00f6n\u00fcndeki en b\u00fcy\u00fck engelin sermayenin ta kendisi oldu\u011funu a\u00e7\u0131\u011fa \u00e7\u0131kard\u0131r. Fortunati\u2019ye g\u00f6re ev eme\u011finin g\u00f6r\u00fcnmez k\u0131l\u0131nmas\u0131 ile m\u00fccadele, eme\u011fin kapitalist s\u00f6m\u00fcr\u00fcs\u00fcn\u00fcn m\u00fccadelesiyle birlikte y\u00fcr\u00fcmedik\u00e7e ve bak\u0131m eme\u011fi, sosyal hizmetler gibi, g\u00f6\u00e7menler aleyhine yeniden kurulan tahakk\u00fcm ve s\u00f6m\u00fcr\u00fc zinciri k\u0131r\u0131lmad\u0131k\u00e7a, esaretin bedeli \u00f6denmi\u015f say\u0131lmaz.   Yazar, kitaba ekledi\u011fi uzunca sons\u00f6zde, kapitalizmin yirmi birinci y\u00fczy\u0131lda ge\u00e7irdi\u011fi d\u00f6n\u00fc\u015f\u00fcmleri tart\u0131\u015f\u0131rken, g\u00f6\u00e7men emek zinciriyle olu\u015fan zay\u0131f halkan\u0131n s\u0131n\u0131fsal g\u00fcndemine \u00e7ubuk b\u00fcker.   70\u2019li y\u0131llarda \u0130talyan feminist hareketinin hem tarihsel hem de teorik bak\u0131mdan kad\u0131n eme\u011finin \u00fczerindeki bu gizemi g\u00f6r\u00fcn\u00fcr k\u0131lmaya d\u00f6n\u00fck \u00e7abas\u0131na katk\u0131da bulunan bu eser, yaln\u0131zca maddi olmayan emek, bak\u0131m eme\u011fi, duygulan\u0131msal emek gibi kavramlar\u0131n ilk n\u00fcvelerine de\u011fil, ayn\u0131 zamanda eme\u011fin dijital bir boyut kazand\u0131\u011f\u0131 ev i\u00e7i ve ev d\u0131\u015f\u0131 \u00e7al\u0131\u015fma s\u00fcre\u00e7lerinin tahakk\u00fcm\u00fcne de i\u015faret eden g\u00fcncel ve tarihsel bir \u00e7al\u0131\u015fmad\u0131r.<\/p>\n","protected":false},"excerpt":{"rendered":"<p>\u201cNe var ki, o kadar s\u0131k soka\u011fa \u00e7\u0131kam\u0131yorum, her vakit el alt\u0131nda bulunmam gerekiyor, \u00e7\u00fcnk\u00fc hep yap\u0131lacak bir i\u015f \u00e7\u0131k\u0131yor evde.\u201d Franz Kafka, Amerika. Kafka\u2019n\u0131n Amerika<span class=\"excerpt-hellip\"> [\u2026]<\/span><\/p>\n","protected":false},"featured_media":0,"template":"","meta":{"_monsterinsights_skip_tracking":false,"_monsterinsights_sitenote_active":false,"_monsterinsights_sitenote_note":"","_monsterinsights_sitenote_category":0},"product_brand":[],"product_cat":[13488],"product_tag":[],"class_list":{"0":"post-785957","1":"product","2":"type-product","3":"status-publish","5":"product_cat-toplum-ve-insan","6":"pa_cilt-ciltsiz","7":"pa_tur-kitap","8":"pa_yayinevi-sumer-yayin","9":"pa_yazar-leopoldina-fortunati","11":"first","12":"instock","13":"sale","14":"shipping-taxable","15":"purchasable","16":"product-type-simple"},"_links":{"self":[{"href":"https:\/\/roveyayinevi.com.tr\/index.php\/wp-json\/wp\/v2\/product\/785957","targetHints":{"allow":["GET"]}}],"collection":[{"href":"https:\/\/roveyayinevi.com.tr\/index.php\/wp-json\/wp\/v2\/product"}],"about":[{"href":"https:\/\/roveyayinevi.com.tr\/index.php\/wp-json\/wp\/v2\/types\/product"}],"wp:attachment":[{"href":"https:\/\/roveyayinevi.com.tr\/index.php\/wp-json\/wp\/v2\/media?parent=785957"}],"wp:term":[{"taxonomy":"product_brand","embeddable":true,"href":"https:\/\/roveyayinevi.com.tr\/index.php\/wp-json\/wp\/v2\/product_brand?post=785957"},{"taxonomy":"product_cat","embeddable":true,"href":"https:\/\/roveyayinevi.com.tr\/index.php\/wp-json\/wp\/v2\/product_cat?post=785957"},{"taxonomy":"product_tag","embeddable":true,"href":"https:\/\/roveyayinevi.com.tr\/index.php\/wp-json\/wp\/v2\/product_tag?post=785957"}],"curies":[{"name":"wp","href":"https:\/\/api.w.org\/{rel}","templated":true}]}}