{"id":785955,"date":"2026-04-11T13:55:52","date_gmt":"2026-04-11T10:55:52","guid":{"rendered":"https:\/\/roveyayinevi.com.tr\/index.php\/urun\/dron-yarisi-cilgin-deneyler-kulubu-3\/"},"modified":"2026-04-16T02:36:39","modified_gmt":"2026-04-15T23:36:39","slug":"dron-yarisi-cilgin-deneyler-kulubu-3","status":"publish","type":"product","link":"https:\/\/roveyayinevi.com.tr\/index.php\/urun\/dron-yarisi-cilgin-deneyler-kulubu-3\/","title":{"rendered":"Dron Yar\u0131\u015f\u0131 &#8211; \u00c7\u0131lg\u0131n Deneyler Kul\u00fcb\u00fc 3"},"content":{"rendered":"<p>\u00c7\u0131lg\u0131n Deneyler Kul\u00fcb\u00fc, okuldaki dron projesini tamamlay\u0131p yar\u0131\u015fma i\u00e7in \u0130stanbul\u2019a geliyor. Gelir gelmez de ba\u015flar\u0131na bir s\u00fcr\u00fc i\u015f a\u00e7\u0131l\u0131yor! Dron yar\u0131\u015fmas\u0131na haz\u0131rlan\u0131rlarken, Deli Profes\u00f6r \u00c7\u0131lg\u0131n Deneyler Kul\u00fcb\u00fc\u2019n\u00fcn pe\u015fine d\u00fc\u015f\u00fcyor. Profes\u00f6r\u2019\u00fcn tek iste\u011fi Baha day\u0131n\u0131n ye\u015fil kapl\u0131 defteri ele ge\u00e7irmek. E\u011fer bunu ba\u015farabilirse d\u00fcnyan\u0131n ba\u015f\u0131 b\u00fcy\u00fck derde girecek. Yar\u0131\u015fmaya saatler kala Alp ve arkada\u015flar\u0131 bu durumu \u00e7\u00f6zmek zorundalar! Peki \u00c7\u0131lg\u0131n Deneyler Kul\u00fcb\u00fc d\u00fcnyay\u0131 kurtarmay\u0131 ba\u015farabilecek mi?<\/p>\n","protected":false},"excerpt":{"rendered":"<p>\u00c7\u0131lg\u0131n Deneyler Kul\u00fcb\u00fc, okuldaki dron projesini tamamlay\u0131p yar\u0131\u015fma i\u00e7in \u0130stanbul\u2019a geliyor. Gelir gelmez de ba\u015flar\u0131na bir s\u00fcr\u00fc i\u015f a\u00e7\u0131l\u0131yor! Dron yar\u0131\u015fmas\u0131na haz\u0131rlan\u0131rlarken, Deli Profes\u00f6r \u00c7\u0131lg\u0131n Deneyler<span class=\"excerpt-hellip\"> [\u2026]<\/span><\/p>\n","protected":false},"featured_media":0,"template":"","meta":{"_monsterinsights_skip_tracking":false,"_monsterinsights_sitenote_active":false,"_monsterinsights_sitenote_note":"","_monsterinsights_sitenote_category":0},"product_brand":[],"product_cat":[12275,12274],"product_tag":[],"class_list":{"0":"post-785955","1":"product","2":"type-product","3":"status-publish","5":"product_cat-6-12-yas-kitaplari","6":"product_cat-cocuk-ve-genclik-kitaplari","7":"pa_cilt-ciltsiz","8":"pa_tur-kitap","9":"pa_yayinevi-dogan-egmont-yayincilik","10":"pa_yazar-esra-ilter-demirbilek","12":"first","13":"instock","14":"sale","15":"shipping-taxable","16":"purchasable","17":"product-type-simple"},"_links":{"self":[{"href":"https:\/\/roveyayinevi.com.tr\/index.php\/wp-json\/wp\/v2\/product\/785955","targetHints":{"allow":["GET"]}}],"collection":[{"href":"https:\/\/roveyayinevi.com.tr\/index.php\/wp-json\/wp\/v2\/product"}],"about":[{"href":"https:\/\/roveyayinevi.com.tr\/index.php\/wp-json\/wp\/v2\/types\/product"}],"wp:attachment":[{"href":"https:\/\/roveyayinevi.com.tr\/index.php\/wp-json\/wp\/v2\/media?parent=785955"}],"wp:term":[{"taxonomy":"product_brand","embeddable":true,"href":"https:\/\/roveyayinevi.com.tr\/index.php\/wp-json\/wp\/v2\/product_brand?post=785955"},{"taxonomy":"product_cat","embeddable":true,"href":"https:\/\/roveyayinevi.com.tr\/index.php\/wp-json\/wp\/v2\/product_cat?post=785955"},{"taxonomy":"product_tag","embeddable":true,"href":"https:\/\/roveyayinevi.com.tr\/index.php\/wp-json\/wp\/v2\/product_tag?post=785955"}],"curies":[{"name":"wp","href":"https:\/\/api.w.org\/{rel}","templated":true}]}}