{"id":785954,"date":"2026-04-11T13:55:48","date_gmt":"2026-04-11T10:55:48","guid":{"rendered":"https:\/\/roveyayinevi.com.tr\/index.php\/urun\/cilgin-deneyler-kulubu-2-yapay-zekali-robotlar\/"},"modified":"2026-04-16T02:36:39","modified_gmt":"2026-04-15T23:36:39","slug":"cilgin-deneyler-kulubu-2-yapay-zekali-robotlar","status":"publish","type":"product","link":"https:\/\/roveyayinevi.com.tr\/index.php\/urun\/cilgin-deneyler-kulubu-2-yapay-zekali-robotlar\/","title":{"rendered":"\u00c7\u0131lg\u0131n Deneyler Kul\u00fcb\u00fc 2 &#8211; Yapay Zekal\u0131 Robotlar"},"content":{"rendered":"<p>Alp, Berk, Mete, Ece. Onlar \u00c7\u0131lg\u0131n Deneyler Kul\u00fcb\u00fc \u00fcyeleri. Ve yine \u00e7\u0131lg\u0131n i\u015fler pe\u015findeler!\u015e\u00f6yle sevdi\u011fin yemekleri, o g\u00fczelim pastalar\u0131, kekleri, b\u00f6rekleri her istedi\u011finde \u015f\u0131p diye pi\u015firebilen bir robot fena m\u0131 olurdu? Bu robot bir de yapay zek\u00e2ya sahip olsa? Hayali bile g\u00fczel&#8230; \u0130\u015fte Alp ve arkada\u015flar\u0131 da b\u00f6yle d\u00fc\u015f\u00fcnd\u00fc ve \u00e7areyi yine Baha day\u0131n\u0131n gizemli defterinde buldular. Fakat o da ne? Kasabada birbiri ard\u0131na market h\u0131rs\u0131zl\u0131klar\u0131 ya\u015fanmaya ba\u015flad\u0131. Bir \u015feyler kesinlikle ters gidiyor! Kendilerini bir dedektiflik maceras\u0131 i\u00e7inde bulan \u00c7\u0131lg\u0131n Deneyler Kul\u00fcb\u00fc sence i\u015fleri yoluna koyabilecek mi? Ne dersin, sence ba\u015farabilecekler mi?<\/p>\n","protected":false},"excerpt":{"rendered":"<p>Alp, Berk, Mete, Ece. Onlar \u00c7\u0131lg\u0131n Deneyler Kul\u00fcb\u00fc \u00fcyeleri. Ve yine \u00e7\u0131lg\u0131n i\u015fler pe\u015findeler!\u015e\u00f6yle sevdi\u011fin yemekleri, o g\u00fczelim pastalar\u0131, kekleri, b\u00f6rekleri her istedi\u011finde \u015f\u0131p diye pi\u015firebilen<span class=\"excerpt-hellip\"> [\u2026]<\/span><\/p>\n","protected":false},"featured_media":0,"template":"","meta":{"_monsterinsights_skip_tracking":false,"_monsterinsights_sitenote_active":false,"_monsterinsights_sitenote_note":"","_monsterinsights_sitenote_category":0},"product_brand":[],"product_cat":[12275,12274],"product_tag":[],"class_list":{"0":"post-785954","1":"product","2":"type-product","3":"status-publish","5":"product_cat-6-12-yas-kitaplari","6":"product_cat-cocuk-ve-genclik-kitaplari","7":"pa_cilt-ciltsiz","8":"pa_tur-kitap","9":"pa_yayinevi-dogan-egmont-yayincilik","10":"pa_yazar-esra-ilter-demirbilek","12":"first","13":"instock","14":"sale","15":"shipping-taxable","16":"purchasable","17":"product-type-simple"},"_links":{"self":[{"href":"https:\/\/roveyayinevi.com.tr\/index.php\/wp-json\/wp\/v2\/product\/785954","targetHints":{"allow":["GET"]}}],"collection":[{"href":"https:\/\/roveyayinevi.com.tr\/index.php\/wp-json\/wp\/v2\/product"}],"about":[{"href":"https:\/\/roveyayinevi.com.tr\/index.php\/wp-json\/wp\/v2\/types\/product"}],"wp:attachment":[{"href":"https:\/\/roveyayinevi.com.tr\/index.php\/wp-json\/wp\/v2\/media?parent=785954"}],"wp:term":[{"taxonomy":"product_brand","embeddable":true,"href":"https:\/\/roveyayinevi.com.tr\/index.php\/wp-json\/wp\/v2\/product_brand?post=785954"},{"taxonomy":"product_cat","embeddable":true,"href":"https:\/\/roveyayinevi.com.tr\/index.php\/wp-json\/wp\/v2\/product_cat?post=785954"},{"taxonomy":"product_tag","embeddable":true,"href":"https:\/\/roveyayinevi.com.tr\/index.php\/wp-json\/wp\/v2\/product_tag?post=785954"}],"curies":[{"name":"wp","href":"https:\/\/api.w.org\/{rel}","templated":true}]}}