{"id":785949,"date":"2026-04-11T03:54:43","date_gmt":"2026-04-11T00:54:43","guid":{"rendered":"https:\/\/roveyayinevi.com.tr\/index.php\/urun\/batik-adanin-cocuklari\/"},"modified":"2026-04-12T03:39:13","modified_gmt":"2026-04-12T00:39:13","slug":"batik-adanin-cocuklari","status":"publish","type":"product","link":"https:\/\/roveyayinevi.com.tr\/index.php\/urun\/batik-adanin-cocuklari\/","title":{"rendered":"Bat\u0131k Adan\u0131n \u00c7ocuklar\u0131"},"content":{"rendered":"<p>Yazar, gelecekte iklim krizi sebebiyle baz\u0131 adalar\u0131n sular alt\u0131nda kalaca\u011f\u0131n\u0131, baz\u0131 yerlerin \u00e7\u00f6lle\u015febilece\u011fini \u00f6ng\u00f6rerek hayali bir hik\u00e2ye yazar. Bir ada sular alt\u0131nda kalaca\u011f\u0131 i\u00e7in halk\u0131 aday\u0131 terk etmek zorunda kal\u0131r. 8 ya\u015f\u0131ndaki Nani de anne babas\u0131yla adadan ayr\u0131lanlardand\u0131r. Dedesi Enoha aday\u0131, kendisini, k\u00f6klerini unutmamas\u0131 i\u00e7in torununa mektuplar yazar. G\u00f6\u00e7, yola \u00e7\u0131kma haz\u0131rl\u0131klar\u0131, yolda ya\u015fananlar, g\u00f6\u00e7men olmak, yeni yere yerle\u015fme ve al\u0131\u015fma\u2026 Bir yere ait olmak, duygular, ili\u015fkiler\u2026 Okur bu kavramlar\u0131n olu\u015fturdu\u011fu bir atmosferde duygusal bir yolculu\u011fa \u00e7\u0131kar, t\u0131pk\u0131 Nani gibi\u2026<\/p>\n","protected":false},"excerpt":{"rendered":"<p>Yazar, gelecekte iklim krizi sebebiyle baz\u0131 adalar\u0131n sular alt\u0131nda kalaca\u011f\u0131n\u0131, baz\u0131 yerlerin \u00e7\u00f6lle\u015febilece\u011fini \u00f6ng\u00f6rerek hayali bir hik\u00e2ye yazar. Bir ada sular alt\u0131nda kalaca\u011f\u0131 i\u00e7in halk\u0131 aday\u0131<span class=\"excerpt-hellip\"> [\u2026]<\/span><\/p>\n","protected":false},"featured_media":0,"template":"","meta":{"_monsterinsights_skip_tracking":false,"_monsterinsights_sitenote_active":false,"_monsterinsights_sitenote_note":"","_monsterinsights_sitenote_category":0},"product_brand":[],"product_cat":[12274,12284],"product_tag":[],"class_list":{"0":"post-785949","1":"product","2":"type-product","3":"status-publish","5":"product_cat-cocuk-ve-genclik-kitaplari","6":"product_cat-hikayeler","7":"pa_cilt-ciltsiz","8":"pa_tur-kitap","9":"pa_yayinevi-erdem-cocuk","10":"pa_yazar-kochka","12":"first","13":"instock","14":"sale","15":"shipping-taxable","16":"purchasable","17":"product-type-simple"},"_links":{"self":[{"href":"https:\/\/roveyayinevi.com.tr\/index.php\/wp-json\/wp\/v2\/product\/785949","targetHints":{"allow":["GET"]}}],"collection":[{"href":"https:\/\/roveyayinevi.com.tr\/index.php\/wp-json\/wp\/v2\/product"}],"about":[{"href":"https:\/\/roveyayinevi.com.tr\/index.php\/wp-json\/wp\/v2\/types\/product"}],"wp:attachment":[{"href":"https:\/\/roveyayinevi.com.tr\/index.php\/wp-json\/wp\/v2\/media?parent=785949"}],"wp:term":[{"taxonomy":"product_brand","embeddable":true,"href":"https:\/\/roveyayinevi.com.tr\/index.php\/wp-json\/wp\/v2\/product_brand?post=785949"},{"taxonomy":"product_cat","embeddable":true,"href":"https:\/\/roveyayinevi.com.tr\/index.php\/wp-json\/wp\/v2\/product_cat?post=785949"},{"taxonomy":"product_tag","embeddable":true,"href":"https:\/\/roveyayinevi.com.tr\/index.php\/wp-json\/wp\/v2\/product_tag?post=785949"}],"curies":[{"name":"wp","href":"https:\/\/api.w.org\/{rel}","templated":true}]}}