{"id":785943,"date":"2026-04-11T03:54:30","date_gmt":"2026-04-11T00:54:30","guid":{"rendered":"https:\/\/roveyayinevi.com.tr\/index.php\/urun\/beni-sev-ama-darlama\/"},"modified":"2026-04-15T03:50:30","modified_gmt":"2026-04-15T00:50:30","slug":"beni-sev-ama-darlama","status":"publish","type":"product","link":"https:\/\/roveyayinevi.com.tr\/index.php\/urun\/beni-sev-ama-darlama\/","title":{"rendered":"Beni Sev Ama Darlama"},"content":{"rendered":"<p>\u201cSevmenin birden fazla yolu vard\u0131r.\u201dBu kitap hem \u00e7ocuklar hem gen\u00e7ler hem de yeti\u015fkinler i\u00e7in!\u00c7\u00fcnk\u00fc herkesi ilgilendiren g\u00fc\u00e7l\u00fc bir mesaj\u0131 var: \u201cBeni sev ama darlama!\u201dKayra ve arkada\u015flar\u0131n\u0131 herkes \u00e7ok seviyor. Ama sevgiye e\u015flik etmesi gereken \u00e7ok \u00f6nemli bir \u015feyi unutuyorlar: Sayg\u0131.Yanaklar s\u0131k\u0131l\u0131yor, sa\u00e7lar kar\u0131\u015ft\u0131r\u0131l\u0131yor, g\u00fcre\u015fler tutuluyor\u2026 Ama dokunmadan \u00f6nce izin almak ak\u0131llar\u0131na gelmiyor.Kayra ve arkada\u015flar\u0131 bir karar veriyor:B\u00fcy\u00fcklere, r\u0131zan\u0131n ne demek oldu\u011funu \u00f6\u011fretecekler! Hem de muhte\u015fem bir g\u00f6steriyle!Uzman psikolojik dan\u0131\u015fman kontrol\u00fcyle yaz\u0131lan bu hik\u00e2ye, okura \u201cHay\u0131r diyebilirim\u201d, \u201cDur diyebilirim\u201d ve \u201cBu benim bedenim\u201d demeyi \u00f6\u011fretirken b\u00fcy\u00fcklere de \u00f6nemli bir mevzuyu hat\u0131rlat\u0131yor:Art\u0131k \u201cDeden\/ninen o senin, yavrum. \u00d6ps\u00fcn, ne olacak?\u201d diye \u00e7ocuklar\u0131 darlamak yok!<\/p>\n","protected":false},"excerpt":{"rendered":"<p>\u201cSevmenin birden fazla yolu vard\u0131r.\u201dBu kitap hem \u00e7ocuklar hem gen\u00e7ler hem de yeti\u015fkinler i\u00e7in!\u00c7\u00fcnk\u00fc herkesi ilgilendiren g\u00fc\u00e7l\u00fc bir mesaj\u0131 var: \u201cBeni sev ama darlama!\u201dKayra ve arkada\u015flar\u0131n\u0131<span class=\"excerpt-hellip\"> [\u2026]<\/span><\/p>\n","protected":false},"featured_media":0,"template":"","meta":{"_monsterinsights_skip_tracking":false,"_monsterinsights_sitenote_active":false,"_monsterinsights_sitenote_note":"","_monsterinsights_sitenote_category":0},"product_brand":[],"product_cat":[141304],"product_tag":[],"class_list":{"0":"post-785943","1":"product","2":"type-product","3":"status-publish","5":"product_cat-yeni-cikanlar","6":"pa_cilt-ciltsiz","7":"pa_tur-kitap","8":"pa_yayinevi-genc-timas","9":"pa_yazar-ece-erdogus-levi","11":"first","12":"instock","13":"sale","14":"shipping-taxable","15":"purchasable","16":"product-type-simple"},"_links":{"self":[{"href":"https:\/\/roveyayinevi.com.tr\/index.php\/wp-json\/wp\/v2\/product\/785943","targetHints":{"allow":["GET"]}}],"collection":[{"href":"https:\/\/roveyayinevi.com.tr\/index.php\/wp-json\/wp\/v2\/product"}],"about":[{"href":"https:\/\/roveyayinevi.com.tr\/index.php\/wp-json\/wp\/v2\/types\/product"}],"wp:attachment":[{"href":"https:\/\/roveyayinevi.com.tr\/index.php\/wp-json\/wp\/v2\/media?parent=785943"}],"wp:term":[{"taxonomy":"product_brand","embeddable":true,"href":"https:\/\/roveyayinevi.com.tr\/index.php\/wp-json\/wp\/v2\/product_brand?post=785943"},{"taxonomy":"product_cat","embeddable":true,"href":"https:\/\/roveyayinevi.com.tr\/index.php\/wp-json\/wp\/v2\/product_cat?post=785943"},{"taxonomy":"product_tag","embeddable":true,"href":"https:\/\/roveyayinevi.com.tr\/index.php\/wp-json\/wp\/v2\/product_tag?post=785943"}],"curies":[{"name":"wp","href":"https:\/\/api.w.org\/{rel}","templated":true}]}}