{"id":785941,"date":"2026-04-11T03:54:23","date_gmt":"2026-04-11T00:54:23","guid":{"rendered":"https:\/\/roveyayinevi.com.tr\/index.php\/urun\/guclulerin-hissi\/"},"modified":"2026-04-15T03:50:24","modified_gmt":"2026-04-15T00:50:24","slug":"guclulerin-hissi","status":"publish","type":"product","link":"https:\/\/roveyayinevi.com.tr\/index.php\/urun\/guclulerin-hissi\/","title":{"rendered":"G\u00fc\u00e7l\u00fclerin Hissi"},"content":{"rendered":"<p>G\u00fc\u00e7l\u00fclerin hissine sahip bir adam\u2026 Ancak yeterince g\u00fc\u00e7l\u00fc de\u011fil! A\u011f\u0131rl\u0131k kald\u0131rmay\u0131 seviyor. G\u00fclle sporuna sevdal\u0131\u2026 Bir de sevdi\u011fi var: O da \u015eadiye\u2026 Rakibi de var: Yakup Bostan, B\u00fcy\u00fck g\u00fclleci\u2026 O da \u015eadiye\u2019ye \u00e2\u015f\u0131k! Gerisi bu hik\u00e2yede\u2026<\/p>\n","protected":false},"excerpt":{"rendered":"<p>G\u00fc\u00e7l\u00fclerin hissine sahip bir adam\u2026 Ancak yeterince g\u00fc\u00e7l\u00fc de\u011fil! A\u011f\u0131rl\u0131k kald\u0131rmay\u0131 seviyor. G\u00fclle sporuna sevdal\u0131\u2026 Bir de sevdi\u011fi var: O da \u015eadiye\u2026 Rakibi de var: Yakup<span class=\"excerpt-hellip\"> [\u2026]<\/span><\/p>\n","protected":false},"featured_media":0,"template":"","meta":{"_monsterinsights_skip_tracking":false,"_monsterinsights_sitenote_active":false,"_monsterinsights_sitenote_note":"","_monsterinsights_sitenote_category":0},"product_brand":[],"product_cat":[12777,12291],"product_tag":[],"class_list":{"0":"post-785941","1":"product","2":"type-product","3":"status-publish","5":"product_cat-deneme","6":"product_cat-edebiyat","7":"pa_cilt-ciltsiz","8":"pa_tur-kitap","9":"pa_yayinevi-luna-yayinlari","10":"pa_yazar-volkan-sipka","12":"first","13":"instock","14":"sale","15":"shipping-taxable","16":"purchasable","17":"product-type-simple"},"_links":{"self":[{"href":"https:\/\/roveyayinevi.com.tr\/index.php\/wp-json\/wp\/v2\/product\/785941","targetHints":{"allow":["GET"]}}],"collection":[{"href":"https:\/\/roveyayinevi.com.tr\/index.php\/wp-json\/wp\/v2\/product"}],"about":[{"href":"https:\/\/roveyayinevi.com.tr\/index.php\/wp-json\/wp\/v2\/types\/product"}],"wp:attachment":[{"href":"https:\/\/roveyayinevi.com.tr\/index.php\/wp-json\/wp\/v2\/media?parent=785941"}],"wp:term":[{"taxonomy":"product_brand","embeddable":true,"href":"https:\/\/roveyayinevi.com.tr\/index.php\/wp-json\/wp\/v2\/product_brand?post=785941"},{"taxonomy":"product_cat","embeddable":true,"href":"https:\/\/roveyayinevi.com.tr\/index.php\/wp-json\/wp\/v2\/product_cat?post=785941"},{"taxonomy":"product_tag","embeddable":true,"href":"https:\/\/roveyayinevi.com.tr\/index.php\/wp-json\/wp\/v2\/product_tag?post=785941"}],"curies":[{"name":"wp","href":"https:\/\/api.w.org\/{rel}","templated":true}]}}