{"id":785939,"date":"2026-04-11T03:54:14","date_gmt":"2026-04-11T00:54:14","guid":{"rendered":"https:\/\/roveyayinevi.com.tr\/index.php\/urun\/madonna\/"},"modified":"2026-04-15T03:50:24","modified_gmt":"2026-04-15T00:50:24","slug":"madonna","status":"publish","type":"product","link":"https:\/\/roveyayinevi.com.tr\/index.php\/urun\/madonna\/","title":{"rendered":"Madonna"},"content":{"rendered":"<p>Bakma g\u00f6z\u00fcne, ta\u015fa \u00e7evirir seni. Kim oldu\u011funu unutursun. Eksilirsin. \u00c7\u00fcr\u00fcrs\u00fcn. Yok olursun. Bunu da seve seve yapars\u0131n \u00fcstelik. Kan kusars\u0131n \u015ferbet niyetine. Yine de gidemezsin. M\u0131h gibi kal\u0131rs\u0131n oldu\u011fun yerde. \u00c7\u00fcnk\u00fc varl\u0131\u011f\u0131yla renk verir bu gri \u015fehre. Yoklu\u011fu karanl\u0131klar yarat\u0131r. O karanl\u0131klar yutar seni. Yine de g\u00fcl\u00fcmsersin. Zaman ge\u00e7er. Haf\u0131zan silinir gider yava\u015f yava\u015f. Tek hat\u0131rlad\u0131\u011f\u0131n g\u00fczel bir g\u00fcl\u00fc\u015f, \u015fekerli parf\u00fcm kokusu, nab\u0131z y\u00fckselten o topuk sesi. Ve o sihirli kelime: Madonna. &#8230; Bir a\u015fk hik\u00e2yesi de\u011fil bu. Karanl\u0131k, \u015fiirsel bir ayna. Kurba\u011fa ile prensesin hik\u00e2yesi&#8230; ama bu sefer kurba\u011fa anlat\u0131yor.     Madonna, Muhammet \u0130lkay Kaynak\u2019\u0131n kaleminden; ger\u00e7ek bir hik\u00e2yeden uyarlanm\u0131\u015f, sars\u0131c\u0131 bir anlat\u0131.<\/p>\n","protected":false},"excerpt":{"rendered":"<p>Bakma g\u00f6z\u00fcne, ta\u015fa \u00e7evirir seni. Kim oldu\u011funu unutursun. Eksilirsin. \u00c7\u00fcr\u00fcrs\u00fcn. Yok olursun. Bunu da seve seve yapars\u0131n \u00fcstelik. Kan kusars\u0131n \u015ferbet niyetine. Yine de gidemezsin. M\u0131h<span class=\"excerpt-hellip\"> [\u2026]<\/span><\/p>\n","protected":false},"featured_media":0,"template":"","meta":{"_monsterinsights_skip_tracking":false,"_monsterinsights_sitenote_active":false,"_monsterinsights_sitenote_note":"","_monsterinsights_sitenote_category":0},"product_brand":[],"product_cat":[12291,12711],"product_tag":[],"class_list":{"0":"post-785939","1":"product","2":"type-product","3":"status-publish","5":"product_cat-edebiyat","6":"product_cat-roman-oyku","7":"pa_cilt-ciltsiz","8":"pa_tur-kitap","9":"pa_yayinevi-luna-yayinlari","10":"pa_yazar-muhammet-ilkay-kaynak","12":"first","13":"instock","14":"sale","15":"shipping-taxable","16":"purchasable","17":"product-type-simple"},"_links":{"self":[{"href":"https:\/\/roveyayinevi.com.tr\/index.php\/wp-json\/wp\/v2\/product\/785939","targetHints":{"allow":["GET"]}}],"collection":[{"href":"https:\/\/roveyayinevi.com.tr\/index.php\/wp-json\/wp\/v2\/product"}],"about":[{"href":"https:\/\/roveyayinevi.com.tr\/index.php\/wp-json\/wp\/v2\/types\/product"}],"wp:attachment":[{"href":"https:\/\/roveyayinevi.com.tr\/index.php\/wp-json\/wp\/v2\/media?parent=785939"}],"wp:term":[{"taxonomy":"product_brand","embeddable":true,"href":"https:\/\/roveyayinevi.com.tr\/index.php\/wp-json\/wp\/v2\/product_brand?post=785939"},{"taxonomy":"product_cat","embeddable":true,"href":"https:\/\/roveyayinevi.com.tr\/index.php\/wp-json\/wp\/v2\/product_cat?post=785939"},{"taxonomy":"product_tag","embeddable":true,"href":"https:\/\/roveyayinevi.com.tr\/index.php\/wp-json\/wp\/v2\/product_tag?post=785939"}],"curies":[{"name":"wp","href":"https:\/\/api.w.org\/{rel}","templated":true}]}}