{"id":785938,"date":"2026-04-11T03:54:12","date_gmt":"2026-04-11T00:54:12","guid":{"rendered":"https:\/\/roveyayinevi.com.tr\/index.php\/urun\/rituel\/"},"modified":"2026-04-15T03:50:19","modified_gmt":"2026-04-15T00:50:19","slug":"rituel","status":"publish","type":"product","link":"https:\/\/roveyayinevi.com.tr\/index.php\/urun\/rituel\/","title":{"rendered":"Rit\u00fcel"},"content":{"rendered":"<p>Rit\u00fcel, i\u00e7indeki g\u00fcc\u00fc ke\u015ffetme ve hayallerini ger\u00e7ekle\u015ftirme yolculu\u011fudur. Bu kitapta yer alan bilgiler, anlat\u0131lanlar ve payla\u015f\u0131lan tecr\u00fcbeler kendi becerini ve potansiyelini geli\u015ftirmen, ayn\u0131 zamanda ke\u015ffedebilmen i\u00e7in yaz\u0131ld\u0131. \u015eimdi, kendi rit\u00fcelini yaratma vakti!<\/p>\n","protected":false},"excerpt":{"rendered":"<p>Rit\u00fcel, i\u00e7indeki g\u00fcc\u00fc ke\u015ffetme ve hayallerini ger\u00e7ekle\u015ftirme yolculu\u011fudur. Bu kitapta yer alan bilgiler, anlat\u0131lanlar ve payla\u015f\u0131lan tecr\u00fcbeler kendi becerini ve potansiyelini geli\u015ftirmen, ayn\u0131 zamanda ke\u015ffedebilmen i\u00e7in<span class=\"excerpt-hellip\"> [\u2026]<\/span><\/p>\n","protected":false},"featured_media":0,"template":"","meta":{"_monsterinsights_skip_tracking":false,"_monsterinsights_sitenote_active":false,"_monsterinsights_sitenote_note":"","_monsterinsights_sitenote_category":0},"product_brand":[],"product_cat":[12364,12376],"product_tag":[],"class_list":{"0":"post-785938","1":"product","2":"type-product","3":"status-publish","5":"product_cat-genel-konular","6":"product_cat-kisisel-gelisim","7":"pa_cilt-ciltsiz","8":"pa_tur-kitap","9":"pa_yayinevi-eldra-yayinlari","10":"pa_yazar-macit-inozu","12":"first","13":"instock","14":"sale","15":"shipping-taxable","16":"purchasable","17":"product-type-simple"},"_links":{"self":[{"href":"https:\/\/roveyayinevi.com.tr\/index.php\/wp-json\/wp\/v2\/product\/785938","targetHints":{"allow":["GET"]}}],"collection":[{"href":"https:\/\/roveyayinevi.com.tr\/index.php\/wp-json\/wp\/v2\/product"}],"about":[{"href":"https:\/\/roveyayinevi.com.tr\/index.php\/wp-json\/wp\/v2\/types\/product"}],"wp:attachment":[{"href":"https:\/\/roveyayinevi.com.tr\/index.php\/wp-json\/wp\/v2\/media?parent=785938"}],"wp:term":[{"taxonomy":"product_brand","embeddable":true,"href":"https:\/\/roveyayinevi.com.tr\/index.php\/wp-json\/wp\/v2\/product_brand?post=785938"},{"taxonomy":"product_cat","embeddable":true,"href":"https:\/\/roveyayinevi.com.tr\/index.php\/wp-json\/wp\/v2\/product_cat?post=785938"},{"taxonomy":"product_tag","embeddable":true,"href":"https:\/\/roveyayinevi.com.tr\/index.php\/wp-json\/wp\/v2\/product_tag?post=785938"}],"curies":[{"name":"wp","href":"https:\/\/api.w.org\/{rel}","templated":true}]}}