{"id":785936,"date":"2026-04-11T03:54:03","date_gmt":"2026-04-11T00:54:03","guid":{"rendered":"https:\/\/roveyayinevi.com.tr\/index.php\/urun\/cosy-love\/"},"modified":"2026-04-15T03:50:19","modified_gmt":"2026-04-15T00:50:19","slug":"cosy-love","status":"publish","type":"product","link":"https:\/\/roveyayinevi.com.tr\/index.php\/urun\/cosy-love\/","title":{"rendered":"Cosy Love"},"content":{"rendered":"<p>Ailece keyifli vakit ge\u00e7irmek i\u00e7in tasarlanan bu boyamakitab\u0131, sade \u00e7izimleri renklendirirken yarat\u0131c\u0131l\u0131\u011f\u0131n\u0131z\u0131\u00f6zgu\u0308r b\u0131rakman\u0131z\u0131 sa\u011flar.Her ya\u015ftan boyama sever, \u015fablonlarla kendi desenleriniolu\u015fturabilir ve \u00f6rnek boyamalardan ilham alabilir.Koruyucu ara sayfa sayesinde her tu\u0308rlu\u0308 kalem ve boyamalzemesiyle rahat\u00e7a boyama yapabilirsiniz.<\/p>\n","protected":false},"excerpt":{"rendered":"<p>Ailece keyifli vakit ge\u00e7irmek i\u00e7in tasarlanan bu boyamakitab\u0131, sade \u00e7izimleri renklendirirken yarat\u0131c\u0131l\u0131\u011f\u0131n\u0131z\u0131\u00f6zgu\u0308r b\u0131rakman\u0131z\u0131 sa\u011flar.Her ya\u015ftan boyama sever, \u015fablonlarla kendi desenleriniolu\u015fturabilir ve \u00f6rnek boyamalardan ilham alabilir.Koruyucu ara<span class=\"excerpt-hellip\"> [\u2026]<\/span><\/p>\n","protected":false},"featured_media":0,"template":"","meta":{"_monsterinsights_skip_tracking":false,"_monsterinsights_sitenote_active":false,"_monsterinsights_sitenote_note":"","_monsterinsights_sitenote_category":0},"product_brand":[],"product_cat":[12644,12274],"product_tag":[],"class_list":{"0":"post-785936","1":"product","2":"type-product","3":"status-publish","5":"product_cat-boyama-kitaplari","6":"product_cat-cocuk-ve-genclik-kitaplari","7":"pa_cilt-ciltsiz","8":"pa_tur-kitap","9":"pa_yayinevi-vivago-art","10":"pa_yazar-kolektif","12":"first","13":"instock","14":"sale","15":"shipping-taxable","16":"purchasable","17":"product-type-simple"},"_links":{"self":[{"href":"https:\/\/roveyayinevi.com.tr\/index.php\/wp-json\/wp\/v2\/product\/785936","targetHints":{"allow":["GET"]}}],"collection":[{"href":"https:\/\/roveyayinevi.com.tr\/index.php\/wp-json\/wp\/v2\/product"}],"about":[{"href":"https:\/\/roveyayinevi.com.tr\/index.php\/wp-json\/wp\/v2\/types\/product"}],"wp:attachment":[{"href":"https:\/\/roveyayinevi.com.tr\/index.php\/wp-json\/wp\/v2\/media?parent=785936"}],"wp:term":[{"taxonomy":"product_brand","embeddable":true,"href":"https:\/\/roveyayinevi.com.tr\/index.php\/wp-json\/wp\/v2\/product_brand?post=785936"},{"taxonomy":"product_cat","embeddable":true,"href":"https:\/\/roveyayinevi.com.tr\/index.php\/wp-json\/wp\/v2\/product_cat?post=785936"},{"taxonomy":"product_tag","embeddable":true,"href":"https:\/\/roveyayinevi.com.tr\/index.php\/wp-json\/wp\/v2\/product_tag?post=785936"}],"curies":[{"name":"wp","href":"https:\/\/api.w.org\/{rel}","templated":true}]}}