{"id":785933,"date":"2026-04-11T03:53:54","date_gmt":"2026-04-11T00:53:54","guid":{"rendered":"https:\/\/roveyayinevi.com.tr\/index.php\/urun\/nitel-sosyal-arastirmaya-giris\/"},"modified":"2026-04-15T03:50:11","modified_gmt":"2026-04-15T00:50:11","slug":"nitel-sosyal-arastirmaya-giris","status":"publish","type":"product","link":"https:\/\/roveyayinevi.com.tr\/index.php\/urun\/nitel-sosyal-arastirmaya-giris\/","title":{"rendered":"Nitel Sosyal Ara\u015ftirmaya Giri\u015f"},"content":{"rendered":"<p>Sosyal bilimlerde \u00e7ok az say\u0131da ara\u015ft\u0131rma hem \u201cne?\u201d hem de \u201cnas\u0131l?\u201d sorusunu bir arada sormaktad\u0131r. Sonu\u00e7 olarak da bir tarafta y\u00f6ntemsel deneyimi olan ama \u00e7ok az \u015fey s\u00f6yleyen tasar\u0131lar, di\u011fer taraftan da kuramsal a\u00e7\u0131dan \u00e7ok iyi ama y\u00f6ntemsel olarak zay\u0131f \u00e7al\u0131\u015fmalar ortaya \u00e7\u0131kmaktad\u0131r. Elinizdeki kitap yaln\u0131zca bir y\u00f6ntem kitab\u0131 olmay\u0131p sosyal bilimlerdeki hem olgusal ilgi ile y\u00f6ntemsel ilgi hem de nicel ara\u015ft\u0131rma ile nitel ara\u015ft\u0131rma aras\u0131ndaki bo\u015flu\u011fu giderme \u00e7abas\u0131 da ta\u015f\u0131maktad\u0131r.<\/p>\n","protected":false},"excerpt":{"rendered":"<p>Sosyal bilimlerde \u00e7ok az say\u0131da ara\u015ft\u0131rma hem \u201cne?\u201d hem de \u201cnas\u0131l?\u201d sorusunu bir arada sormaktad\u0131r. Sonu\u00e7 olarak da bir tarafta y\u00f6ntemsel deneyimi olan ama \u00e7ok az<span class=\"excerpt-hellip\"> [\u2026]<\/span><\/p>\n","protected":false},"featured_media":0,"template":"","meta":{"_monsterinsights_skip_tracking":false,"_monsterinsights_sitenote_active":false,"_monsterinsights_sitenote_note":"","_monsterinsights_sitenote_category":0},"product_brand":[],"product_cat":[13072,12291],"product_tag":[],"class_list":{"0":"post-785933","1":"product","2":"type-product","3":"status-publish","5":"product_cat-arastirma-inceleme-referans","6":"product_cat-edebiyat","7":"pa_cilt-ciltsiz","8":"pa_tur-kitap","9":"pa_yayinevi-bilgesu-yayincilik","10":"pa_yazar-philipp-mayring","12":"first","13":"instock","14":"sale","15":"shipping-taxable","16":"purchasable","17":"product-type-simple"},"_links":{"self":[{"href":"https:\/\/roveyayinevi.com.tr\/index.php\/wp-json\/wp\/v2\/product\/785933","targetHints":{"allow":["GET"]}}],"collection":[{"href":"https:\/\/roveyayinevi.com.tr\/index.php\/wp-json\/wp\/v2\/product"}],"about":[{"href":"https:\/\/roveyayinevi.com.tr\/index.php\/wp-json\/wp\/v2\/types\/product"}],"wp:attachment":[{"href":"https:\/\/roveyayinevi.com.tr\/index.php\/wp-json\/wp\/v2\/media?parent=785933"}],"wp:term":[{"taxonomy":"product_brand","embeddable":true,"href":"https:\/\/roveyayinevi.com.tr\/index.php\/wp-json\/wp\/v2\/product_brand?post=785933"},{"taxonomy":"product_cat","embeddable":true,"href":"https:\/\/roveyayinevi.com.tr\/index.php\/wp-json\/wp\/v2\/product_cat?post=785933"},{"taxonomy":"product_tag","embeddable":true,"href":"https:\/\/roveyayinevi.com.tr\/index.php\/wp-json\/wp\/v2\/product_tag?post=785933"}],"curies":[{"name":"wp","href":"https:\/\/api.w.org\/{rel}","templated":true}]}}