{"id":785932,"date":"2026-04-11T03:53:52","date_gmt":"2026-04-11T00:53:52","guid":{"rendered":"https:\/\/roveyayinevi.com.tr\/index.php\/urun\/egitim-zincirinin-halkalari-ve-temel-halkasini-olusturan-aile-yuvasi\/"},"modified":"2026-04-15T03:50:11","modified_gmt":"2026-04-15T00:50:11","slug":"egitim-zincirinin-halkalari-ve-temel-halkasini-olusturan-aile-yuvasi","status":"publish","type":"product","link":"https:\/\/roveyayinevi.com.tr\/index.php\/urun\/egitim-zincirinin-halkalari-ve-temel-halkasini-olusturan-aile-yuvasi\/","title":{"rendered":"E\u011fitim Zincirinin, Halkalar\u0131 Ve Temel Halkas\u0131n\u0131 Olu\u015fturan Aile Yuvas\u0131"},"content":{"rendered":"<p>Hak Din \u0130sl\u00e2m&#8217;da: \u00e7ocuklar\u0131n\u0131n f\u0131tri ve hissi yeteneklerini koruyup geli\u015ftirme sorumlulu\u011fu ana-babaya ait oldu\u011fu, bu asl\u0131 g\u00f6revlerini de ki\u015fi, kurum ve kurulu\u015flara tevdi etmelerinin, kendilerini sorumluluktan asla kurtaramayaca\u011f\u0131&#8230; Yeti\u015fecek nesillerin &#8221; \u0130nsani Geli\u015fmi\u015flik D\u00fczeylerini &#8221; y\u00fckseltilmesi ise &#8221; E\u011fitim Zincirinin 2&#8217;ci Halkas\u0131n\u0131 olu\u015fturan Merkezi ve 3&#8217;c\u00fc halkas\u0131n\u0131 olu\u015fturan yerel y\u00f6netimlerin g\u00f6rev ve sorumluluklar\u0131n\u0131 olu\u015fturdu\u011fu&#8230;. Bu g\u00f6rev ve sorumluluklar\u0131n lay\u0131k\u0131yla yerine getirilmesi yeni nesillerin bireyle\u015fmesine ve i\u00e7 cephenin sa\u011flamla\u015fmas\u0131na vesile olaca\u011f\u0131&#8230;<\/p>\n","protected":false},"excerpt":{"rendered":"<p>Hak Din \u0130sl\u00e2m&#8217;da: \u00e7ocuklar\u0131n\u0131n f\u0131tri ve hissi yeteneklerini koruyup geli\u015ftirme sorumlulu\u011fu ana-babaya ait oldu\u011fu, bu asl\u0131 g\u00f6revlerini de ki\u015fi, kurum ve kurulu\u015flara tevdi etmelerinin, kendilerini sorumluluktan<span class=\"excerpt-hellip\"> [\u2026]<\/span><\/p>\n","protected":false},"featured_media":0,"template":"","meta":{"_monsterinsights_skip_tracking":false,"_monsterinsights_sitenote_active":false,"_monsterinsights_sitenote_note":"","_monsterinsights_sitenote_category":0},"product_brand":[],"product_cat":[12573,12566],"product_tag":[],"class_list":{"0":"post-785932","1":"product","2":"type-product","3":"status-publish","5":"product_cat-akademik-kitaplar","6":"product_cat-egitim","7":"pa_cilt-ciltsiz","8":"pa_tur-kitap","9":"pa_yayinevi-soncag","10":"pa_yazar-korkmaz-tagma","12":"first","13":"instock","14":"sale","15":"shipping-taxable","16":"purchasable","17":"product-type-simple"},"_links":{"self":[{"href":"https:\/\/roveyayinevi.com.tr\/index.php\/wp-json\/wp\/v2\/product\/785932","targetHints":{"allow":["GET"]}}],"collection":[{"href":"https:\/\/roveyayinevi.com.tr\/index.php\/wp-json\/wp\/v2\/product"}],"about":[{"href":"https:\/\/roveyayinevi.com.tr\/index.php\/wp-json\/wp\/v2\/types\/product"}],"wp:attachment":[{"href":"https:\/\/roveyayinevi.com.tr\/index.php\/wp-json\/wp\/v2\/media?parent=785932"}],"wp:term":[{"taxonomy":"product_brand","embeddable":true,"href":"https:\/\/roveyayinevi.com.tr\/index.php\/wp-json\/wp\/v2\/product_brand?post=785932"},{"taxonomy":"product_cat","embeddable":true,"href":"https:\/\/roveyayinevi.com.tr\/index.php\/wp-json\/wp\/v2\/product_cat?post=785932"},{"taxonomy":"product_tag","embeddable":true,"href":"https:\/\/roveyayinevi.com.tr\/index.php\/wp-json\/wp\/v2\/product_tag?post=785932"}],"curies":[{"name":"wp","href":"https:\/\/api.w.org\/{rel}","templated":true}]}}