{"id":785929,"date":"2026-04-11T03:53:43","date_gmt":"2026-04-11T00:53:43","guid":{"rendered":"https:\/\/roveyayinevi.com.tr\/index.php\/urun\/avni-7-saka-makinesi\/"},"modified":"2026-04-15T03:50:11","modified_gmt":"2026-04-15T00:50:11","slug":"avni-7-saka-makinesi","status":"publish","type":"product","link":"https:\/\/roveyayinevi.com.tr\/index.php\/urun\/avni-7-saka-makinesi\/","title":{"rendered":"Avni 7 &#8211; \u015eaka Makinesi"},"content":{"rendered":"<p>Kibar, \u015fakac\u0131, sa\u00e7mal\u0131klar kral\u0131&#8230; \u015eekil de\u011fi\u015ftirmesini sa\u011flayan \u00e7\u0131lg\u0131n g\u00fc\u00e7lere sahip biri: Kar\u015f\u0131n\u0131zda Avni! Ne oldu\u011fu bilinmeyen mavi hayvan Avni\u2019ye hayran olmamak imk\u00e2ns\u0131z! Bazen etraf\u0131ndakileri k\u0131skand\u0131rsa da Avni\u2019yleyken sonunda kazanan hep arkada\u015fl\u0131k oluyor!<\/p>\n","protected":false},"excerpt":{"rendered":"<p>Kibar, \u015fakac\u0131, sa\u00e7mal\u0131klar kral\u0131&#8230; \u015eekil de\u011fi\u015ftirmesini sa\u011flayan \u00e7\u0131lg\u0131n g\u00fc\u00e7lere sahip biri: Kar\u015f\u0131n\u0131zda Avni! Ne oldu\u011fu bilinmeyen mavi hayvan Avni\u2019ye hayran olmamak imk\u00e2ns\u0131z! Bazen etraf\u0131ndakileri k\u0131skand\u0131rsa da<span class=\"excerpt-hellip\"> [\u2026]<\/span><\/p>\n","protected":false},"featured_media":0,"template":"","meta":{"_monsterinsights_skip_tracking":false,"_monsterinsights_sitenote_active":false,"_monsterinsights_sitenote_note":"","_monsterinsights_sitenote_category":0},"product_brand":[],"product_cat":[12689,12274],"product_tag":[],"class_list":{"0":"post-785929","1":"product","2":"type-product","3":"status-publish","5":"product_cat-cizgi-roman-cocuk-ve-genclik-kitaplari","6":"product_cat-cocuk-ve-genclik-kitaplari","7":"pa_cilt-ciltsiz","8":"pa_tur-kitap","9":"pa_yayinevi-buyulu-fener-yayinlari","10":"pa_yazar-romain-pujol-vincent-caut","12":"first","13":"instock","14":"sale","15":"shipping-taxable","16":"purchasable","17":"product-type-simple"},"_links":{"self":[{"href":"https:\/\/roveyayinevi.com.tr\/index.php\/wp-json\/wp\/v2\/product\/785929","targetHints":{"allow":["GET"]}}],"collection":[{"href":"https:\/\/roveyayinevi.com.tr\/index.php\/wp-json\/wp\/v2\/product"}],"about":[{"href":"https:\/\/roveyayinevi.com.tr\/index.php\/wp-json\/wp\/v2\/types\/product"}],"wp:attachment":[{"href":"https:\/\/roveyayinevi.com.tr\/index.php\/wp-json\/wp\/v2\/media?parent=785929"}],"wp:term":[{"taxonomy":"product_brand","embeddable":true,"href":"https:\/\/roveyayinevi.com.tr\/index.php\/wp-json\/wp\/v2\/product_brand?post=785929"},{"taxonomy":"product_cat","embeddable":true,"href":"https:\/\/roveyayinevi.com.tr\/index.php\/wp-json\/wp\/v2\/product_cat?post=785929"},{"taxonomy":"product_tag","embeddable":true,"href":"https:\/\/roveyayinevi.com.tr\/index.php\/wp-json\/wp\/v2\/product_tag?post=785929"}],"curies":[{"name":"wp","href":"https:\/\/api.w.org\/{rel}","templated":true}]}}