{"id":785926,"date":"2026-04-11T03:53:35","date_gmt":"2026-04-11T00:53:35","guid":{"rendered":"https:\/\/roveyayinevi.com.tr\/index.php\/urun\/degerli-hatiralar-oteli\/"},"modified":"2026-04-15T03:49:56","modified_gmt":"2026-04-15T00:49:56","slug":"degerli-hatiralar-oteli","status":"publish","type":"product","link":"https:\/\/roveyayinevi.com.tr\/index.php\/urun\/degerli-hatiralar-oteli\/","title":{"rendered":"De\u011ferli Hat\u0131ralar Oteli"},"content":{"rendered":"<p>Ailesinin bo\u011fucu beklentileri, bitmek bilmeyen diyet bask\u0131lar\u0131 ve i\u015f hayat\u0131n\u0131n stresi alt\u0131nda ezilen otuzlar\u0131ndaki Eunhye i\u00e7in hayat, birilerinden su\u0308rekli azar i\u015fitti\u011fi bir d\u00f6ngu\u0308den ibarettir. K\u0131z karde\u015fi Mihye\u2019nin yakla\u015fan evlili\u011fiyle evdeki gerilim iyice t\u0131rman\u0131rken Eunhye internette tuhaf bir otel ilan\u0131yla kar\u015f\u0131la\u015f\u0131r. De\u011ferli Hat\u0131ralar Oteli\u2019nde menu\u0308 yoktur; can\u0131n\u0131z\u0131n \u00e7ekti\u011fi her yemek an\u0131nda \u00f6nu\u0308nu\u0308ze gelir, hatta sinirinizi atmak i\u00e7in boks ringi bile kurulur. Ancak oteldeki bu kusursuz hayal hizmetinin bir kar\u015f\u0131l\u0131\u011f\u0131 vard\u0131r: Ge\u00e7mi\u015finizden an\u0131lar ta\u015f\u0131yan bir e\u015fyay\u0131 ve onun hat\u0131ras\u0131n\u0131 ard\u0131n\u0131zda b\u0131rakman\u0131z gerekir. Eunhye bu ru\u0308ya gibi mek\u00e2nda kendi benli\u011fini yeniden in\u015fa ederken, gizemli ru\u0308ya \u015firketinin s\u0131rr\u0131n\u0131 da yava\u015f yava\u015f \u00e7\u00f6zmeye ba\u015flar. De\u011ferli Hat\u0131ralar Oteli, hayal k\u0131r\u0131kl\u0131klar\u0131yla ba\u015f etmeyi ve ge\u00e7mi\u015fin yu\u0308klerinden ar\u0131narak iyile\u015fmeyi anlatan duygusal bir modern zaman masal\u0131\u2026<\/p>\n","protected":false},"excerpt":{"rendered":"<p>Ailesinin bo\u011fucu beklentileri, bitmek bilmeyen diyet bask\u0131lar\u0131 ve i\u015f hayat\u0131n\u0131n stresi alt\u0131nda ezilen otuzlar\u0131ndaki Eunhye i\u00e7in hayat, birilerinden su\u0308rekli azar i\u015fitti\u011fi bir d\u00f6ngu\u0308den ibarettir. K\u0131z karde\u015fi<span class=\"excerpt-hellip\"> [\u2026]<\/span><\/p>\n","protected":false},"featured_media":0,"template":"","meta":{"_monsterinsights_skip_tracking":false,"_monsterinsights_sitenote_active":false,"_monsterinsights_sitenote_note":"","_monsterinsights_sitenote_category":0},"product_brand":[],"product_cat":[12291,12711],"product_tag":[],"class_list":{"0":"post-785926","1":"product","2":"type-product","3":"status-publish","5":"product_cat-edebiyat","6":"product_cat-roman-oyku","7":"pa_cilt-ciltsiz","8":"pa_tur-kitap","9":"pa_yayinevi-yuzu-kitap","10":"pa_yazar-min-lan","12":"first","13":"instock","14":"sale","15":"shipping-taxable","16":"purchasable","17":"product-type-simple"},"_links":{"self":[{"href":"https:\/\/roveyayinevi.com.tr\/index.php\/wp-json\/wp\/v2\/product\/785926","targetHints":{"allow":["GET"]}}],"collection":[{"href":"https:\/\/roveyayinevi.com.tr\/index.php\/wp-json\/wp\/v2\/product"}],"about":[{"href":"https:\/\/roveyayinevi.com.tr\/index.php\/wp-json\/wp\/v2\/types\/product"}],"wp:attachment":[{"href":"https:\/\/roveyayinevi.com.tr\/index.php\/wp-json\/wp\/v2\/media?parent=785926"}],"wp:term":[{"taxonomy":"product_brand","embeddable":true,"href":"https:\/\/roveyayinevi.com.tr\/index.php\/wp-json\/wp\/v2\/product_brand?post=785926"},{"taxonomy":"product_cat","embeddable":true,"href":"https:\/\/roveyayinevi.com.tr\/index.php\/wp-json\/wp\/v2\/product_cat?post=785926"},{"taxonomy":"product_tag","embeddable":true,"href":"https:\/\/roveyayinevi.com.tr\/index.php\/wp-json\/wp\/v2\/product_tag?post=785926"}],"curies":[{"name":"wp","href":"https:\/\/api.w.org\/{rel}","templated":true}]}}