{"id":785925,"date":"2026-04-11T03:53:32","date_gmt":"2026-04-11T00:53:32","guid":{"rendered":"https:\/\/roveyayinevi.com.tr\/index.php\/urun\/skipshock\/"},"modified":"2026-04-15T03:49:56","modified_gmt":"2026-04-15T00:49:56","slug":"skipshock","status":"publish","type":"product","link":"https:\/\/roveyayinevi.com.tr\/index.php\/urun\/skipshock\/","title":{"rendered":"Skipshock"},"content":{"rendered":"<p>Gizemli bir tren yolculu\u011fu Margo\u2019yu ba\u015fka bir boyuta s\u00fcr\u00fckledi\u011finde, kendi d\u00fcnyas\u0131n\u0131n d\u0131\u015f\u0131nda say\u0131s\u0131z d\u00fcnya oldu\u011funu ve her birinin zaman\u0131 farkl\u0131 ya\u015fad\u0131\u011f\u0131n\u0131 ke\u015ffeder. Margo\u2019nun yolu, bu karma\u015f\u0131k a\u011fda hayatta kalmaya \u00e7al\u0131\u015fan gizemli t\u00fcccar Moon ile kesi\u015fir. Kar\u015f\u0131la\u015fmamas\u0131 gereken bu iki ruhun kaderi, birbirine kopmaz ba\u011flarla d\u00fc\u011f\u00fcmlenir. Margo hayatta kalmak i\u00e7in bir t\u00fcccar gibi davranmak zorundad\u0131r ancak bu, her s\u0131\u00e7ramada gen\u00e7li\u011finin parmaklar\u0131n\u0131n aras\u0131ndan kay\u0131p gitmesi demektir. Zaman\u0131n h\u0131z\u0131yla yar\u0131\u015f\u0131rken Moon\u2019a besledi\u011fi duygular derinle\u015fse de ikisinin de saklad\u0131\u011f\u0131 s\u0131rlar hayatta kalma m\u00fccadelelerini bir k\u00f6rd\u00fc\u011f\u00fcme d\u00f6n\u00fc\u015ft\u00fcr\u00fcr. Skipshock, zaman\u0131n ve a\u015fk\u0131n do\u011fas\u0131n\u0131 sorgulatan, t\u00fcrler aras\u0131 s\u0131n\u0131rlar\u0131 y\u0131kan destans\u0131 bir ke\u015fif yolculu\u011fu&#8230;<\/p>\n","protected":false},"excerpt":{"rendered":"<p>Gizemli bir tren yolculu\u011fu Margo\u2019yu ba\u015fka bir boyuta s\u00fcr\u00fckledi\u011finde, kendi d\u00fcnyas\u0131n\u0131n d\u0131\u015f\u0131nda say\u0131s\u0131z d\u00fcnya oldu\u011funu ve her birinin zaman\u0131 farkl\u0131 ya\u015fad\u0131\u011f\u0131n\u0131 ke\u015ffeder. Margo\u2019nun yolu, bu karma\u015f\u0131k<span class=\"excerpt-hellip\"> [\u2026]<\/span><\/p>\n","protected":false},"featured_media":0,"template":"","meta":{"_monsterinsights_skip_tracking":false,"_monsterinsights_sitenote_active":false,"_monsterinsights_sitenote_note":"","_monsterinsights_sitenote_category":0},"product_brand":[],"product_cat":[12540,12291],"product_tag":[],"class_list":{"0":"post-785925","1":"product","2":"type-product","3":"status-publish","5":"product_cat-bilim-kurgu","6":"product_cat-edebiyat","7":"pa_cilt-ciltsiz","8":"pa_tur-kitap","9":"pa_yayinevi-yuzu-kitap","10":"pa_yazar-caroline-odonoghue","12":"first","13":"instock","14":"sale","15":"shipping-taxable","16":"purchasable","17":"product-type-simple"},"_links":{"self":[{"href":"https:\/\/roveyayinevi.com.tr\/index.php\/wp-json\/wp\/v2\/product\/785925","targetHints":{"allow":["GET"]}}],"collection":[{"href":"https:\/\/roveyayinevi.com.tr\/index.php\/wp-json\/wp\/v2\/product"}],"about":[{"href":"https:\/\/roveyayinevi.com.tr\/index.php\/wp-json\/wp\/v2\/types\/product"}],"wp:attachment":[{"href":"https:\/\/roveyayinevi.com.tr\/index.php\/wp-json\/wp\/v2\/media?parent=785925"}],"wp:term":[{"taxonomy":"product_brand","embeddable":true,"href":"https:\/\/roveyayinevi.com.tr\/index.php\/wp-json\/wp\/v2\/product_brand?post=785925"},{"taxonomy":"product_cat","embeddable":true,"href":"https:\/\/roveyayinevi.com.tr\/index.php\/wp-json\/wp\/v2\/product_cat?post=785925"},{"taxonomy":"product_tag","embeddable":true,"href":"https:\/\/roveyayinevi.com.tr\/index.php\/wp-json\/wp\/v2\/product_tag?post=785925"}],"curies":[{"name":"wp","href":"https:\/\/api.w.org\/{rel}","templated":true}]}}