{"id":785924,"date":"2026-04-11T03:53:29","date_gmt":"2026-04-11T00:53:29","guid":{"rendered":"https:\/\/roveyayinevi.com.tr\/index.php\/urun\/canavarim-ve-ben\/"},"modified":"2026-04-13T03:45:24","modified_gmt":"2026-04-13T00:45:24","slug":"canavarim-ve-ben","status":"publish","type":"product","link":"https:\/\/roveyayinevi.com.tr\/index.php\/urun\/canavarim-ve-ben\/","title":{"rendered":"Canavar\u0131m ve Ben"},"content":{"rendered":"<p>Ella\u2019n\u0131n onuncu ya\u015f g\u00fcn\u00fc kutlamas\u0131, kimsenin gelmedi\u011fi sessiz bir ak\u015famla ba\u015flar. \u00c7ikolatal\u0131 pastas\u0131, patlayan mumlar\u0131 ve sonsuz heyecan\u0131yla misafirlerini bekler\u2026 Ama evlerinin kap\u0131s\u0131 asla \u00e7almaz. Tam da kendini yapayaln\u0131z hissetti\u011fi anda, tuhaf bir \u015feyle kar\u015f\u0131la\u015f\u0131r: Bah\u00e7ede saklanan ve sanki g\u00f6ky\u00fcz\u00fcnden kopmu\u015f gibi g\u00f6r\u00fcnen bulutsu bir canavar.   Sadece Ella\u2019n\u0131n g\u00f6rebildi\u011fi bu canavar; onun, sahip oldu\u011fu t\u00fcm kayg\u0131lar\u0131ndan ka\u00e7\u0131p s\u0131\u011f\u0131nd\u0131\u011f\u0131 tek dostu olacakt\u0131r.  Cesaretin, arkada\u015fl\u0131\u011f\u0131n ve b\u00fcy\u00fcmenin bazen ne kadar karma\u015f\u0131k olabildi\u011fini anlatan, hayal g\u00fcc\u00fcn\u00fcn s\u0131n\u0131rlar\u0131nda gezinen e\u015fsiz bir hik\u00e2ye\u2026 \u00c7ocuk olmak her zaman kolay de\u011fildir. Ama seni koruyan bir canavar\u0131n varsa, her \u015fey biraz daha katlan\u0131labilir hale gelir.<\/p>\n","protected":false},"excerpt":{"rendered":"<p>Ella\u2019n\u0131n onuncu ya\u015f g\u00fcn\u00fc kutlamas\u0131, kimsenin gelmedi\u011fi sessiz bir ak\u015famla ba\u015flar. \u00c7ikolatal\u0131 pastas\u0131, patlayan mumlar\u0131 ve sonsuz heyecan\u0131yla misafirlerini bekler\u2026 Ama evlerinin kap\u0131s\u0131 asla \u00e7almaz. Tam<span class=\"excerpt-hellip\"> [\u2026]<\/span><\/p>\n","protected":false},"featured_media":0,"template":"","meta":{"_monsterinsights_skip_tracking":false,"_monsterinsights_sitenote_active":false,"_monsterinsights_sitenote_note":"","_monsterinsights_sitenote_category":0},"product_brand":[],"product_cat":[12274,12284],"product_tag":[],"class_list":{"0":"post-785924","1":"product","2":"type-product","3":"status-publish","5":"product_cat-cocuk-ve-genclik-kitaplari","6":"product_cat-hikayeler","7":"pa_cilt-ciltsiz","8":"pa_tur-kitap","9":"pa_yayinevi-carpe-diem-kitaplari","10":"pa_yazar-valentina-toro","12":"first","13":"instock","14":"sale","15":"shipping-taxable","16":"purchasable","17":"product-type-simple"},"_links":{"self":[{"href":"https:\/\/roveyayinevi.com.tr\/index.php\/wp-json\/wp\/v2\/product\/785924","targetHints":{"allow":["GET"]}}],"collection":[{"href":"https:\/\/roveyayinevi.com.tr\/index.php\/wp-json\/wp\/v2\/product"}],"about":[{"href":"https:\/\/roveyayinevi.com.tr\/index.php\/wp-json\/wp\/v2\/types\/product"}],"wp:attachment":[{"href":"https:\/\/roveyayinevi.com.tr\/index.php\/wp-json\/wp\/v2\/media?parent=785924"}],"wp:term":[{"taxonomy":"product_brand","embeddable":true,"href":"https:\/\/roveyayinevi.com.tr\/index.php\/wp-json\/wp\/v2\/product_brand?post=785924"},{"taxonomy":"product_cat","embeddable":true,"href":"https:\/\/roveyayinevi.com.tr\/index.php\/wp-json\/wp\/v2\/product_cat?post=785924"},{"taxonomy":"product_tag","embeddable":true,"href":"https:\/\/roveyayinevi.com.tr\/index.php\/wp-json\/wp\/v2\/product_tag?post=785924"}],"curies":[{"name":"wp","href":"https:\/\/api.w.org\/{rel}","templated":true}]}}