{"id":785923,"date":"2026-04-11T03:53:26","date_gmt":"2026-04-11T00:53:26","guid":{"rendered":"https:\/\/roveyayinevi.com.tr\/index.php\/urun\/hakiki-kullugun-kapisi\/"},"modified":"2026-04-15T03:49:56","modified_gmt":"2026-04-15T00:49:56","slug":"hakiki-kullugun-kapisi","status":"publish","type":"product","link":"https:\/\/roveyayinevi.com.tr\/index.php\/urun\/hakiki-kullugun-kapisi\/","title":{"rendered":"Hakiki Kullu\u011fun Kap\u0131s\u0131"},"content":{"rendered":"<p>K\u0131yamet g\u00fcn\u00fcnde kulun ilk hesaba \u00e7ekilece\u011fi ameli namazd\u0131r. E\u011fer namaz\u0131 d\u00fczg\u00fcn ve kabul edilmi\u015fse, ger\u00e7ekten kurtulmu\u015f ve ba\u015far\u0131ya ermi\u015f olur.Hakiki Kullu\u011fun Kap\u0131s\u0131, \u0130slam dininin temel esaslar\u0131n\u0131, ibadetlerin zahiri kurallar\u0131n\u0131 bat\u0131ni hakikatleriyle birlikte ele alan kapsaml\u0131 bir rehber niteli\u011fi ta\u015f\u0131maktad\u0131r. Metin, insan\u0131n saadetinin Hakk\u2019\u0131 tan\u0131maya ve O\u2019na kul olmaya ba\u011fl\u0131 oldu\u011funu belirterek ba\u015flar. Ard\u0131ndan, M\u00fcsl\u00fcmanl\u0131\u011f\u0131n \u00f6z\u00fcn\u00fc olu\u015fturan itikat ve ibadet disiplinini, ilmin amele d\u00f6n\u00fc\u015fmesi gereklili\u011fini \u00f6rnekler \u00fczerinden muhatab\u0131n kafas\u0131n\u0131 kar\u0131\u015ft\u0131rmaktan uzak, do\u011frudan insan\u0131n kalbine hitap eden sade bir \u00fcslupla ele al\u0131r.\u0130mam Gazz\u00e2l\u00ee\u2019nin en \u00f6nemli eserlerinden biri olan Kimya-y\u0131 Saadet serisinin ilk kitab\u0131 Hakiki Mutlulu\u011fun S\u0131rr\u0131\u2019n\u0131n devam\u0131 mahiyetindeki bu ikinci b\u00f6l\u00fcm\u00fc Hakiki Kullu\u011fun Kap\u0131s\u0131 olarak isimlendirdik. Kitap; ibadet, itikat, ilim-amel ili\u015fkisi, temizlik, infak gibi \u00e7ok temel din\u00ee konular\u0131 sade ve herkesin kolayl\u0131kla anlayabilece\u011fi bir dille anlatmaktad\u0131r.Dr. Serhat G\u00fclta\u015f\u2019\u0131n titiz \u00e7evirisiyle yay\u0131na haz\u0131rlanan Kimya-y\u0131 Saadet Kitapl\u0131\u011f\u0131, bu k\u0131ymetli eserin tamam\u0131n\u0131 okurla bulu\u015fturmay\u0131 hedeflemektedir.<\/p>\n","protected":false},"excerpt":{"rendered":"<p>K\u0131yamet g\u00fcn\u00fcnde kulun ilk hesaba \u00e7ekilece\u011fi ameli namazd\u0131r. E\u011fer namaz\u0131 d\u00fczg\u00fcn ve kabul edilmi\u015fse, ger\u00e7ekten kurtulmu\u015f ve ba\u015far\u0131ya ermi\u015f olur.Hakiki Kullu\u011fun Kap\u0131s\u0131, \u0130slam dininin temel esaslar\u0131n\u0131,<span class=\"excerpt-hellip\"> [\u2026]<\/span><\/p>\n","protected":false},"featured_media":0,"template":"","meta":{"_monsterinsights_skip_tracking":false,"_monsterinsights_sitenote_active":false,"_monsterinsights_sitenote_note":"","_monsterinsights_sitenote_category":0},"product_brand":[],"product_cat":[12718,12719,12720],"product_tag":[],"class_list":{"0":"post-785923","1":"product","2":"type-product","3":"status-publish","5":"product_cat-din","6":"product_cat-islam","7":"product_cat-tasavvuf-mezhepler-tarikatlar","8":"pa_cilt-ciltsiz","9":"pa_tur-kitap","10":"pa_yayinevi-sufi-kitap","11":"pa_yazar-imam-gazali","13":"first","14":"instock","15":"sale","16":"shipping-taxable","17":"purchasable","18":"product-type-simple"},"_links":{"self":[{"href":"https:\/\/roveyayinevi.com.tr\/index.php\/wp-json\/wp\/v2\/product\/785923","targetHints":{"allow":["GET"]}}],"collection":[{"href":"https:\/\/roveyayinevi.com.tr\/index.php\/wp-json\/wp\/v2\/product"}],"about":[{"href":"https:\/\/roveyayinevi.com.tr\/index.php\/wp-json\/wp\/v2\/types\/product"}],"wp:attachment":[{"href":"https:\/\/roveyayinevi.com.tr\/index.php\/wp-json\/wp\/v2\/media?parent=785923"}],"wp:term":[{"taxonomy":"product_brand","embeddable":true,"href":"https:\/\/roveyayinevi.com.tr\/index.php\/wp-json\/wp\/v2\/product_brand?post=785923"},{"taxonomy":"product_cat","embeddable":true,"href":"https:\/\/roveyayinevi.com.tr\/index.php\/wp-json\/wp\/v2\/product_cat?post=785923"},{"taxonomy":"product_tag","embeddable":true,"href":"https:\/\/roveyayinevi.com.tr\/index.php\/wp-json\/wp\/v2\/product_tag?post=785923"}],"curies":[{"name":"wp","href":"https:\/\/api.w.org\/{rel}","templated":true}]}}