{"id":785920,"date":"2026-04-11T03:53:19","date_gmt":"2026-04-11T00:53:19","guid":{"rendered":"https:\/\/roveyayinevi.com.tr\/index.php\/urun\/kose-yazilari\/"},"modified":"2026-04-15T03:49:56","modified_gmt":"2026-04-15T00:49:56","slug":"kose-yazilari","status":"publish","type":"product","link":"https:\/\/roveyayinevi.com.tr\/index.php\/urun\/kose-yazilari\/","title":{"rendered":"K\u00f6\u015fe Yaz\u0131lar\u0131"},"content":{"rendered":"<p>Baz\u0131 yaz\u0131lar vard\u0131r, bi\u0307r an\u0131 hat\u0131rlat\u0131r.   Ki\u0307mi\u0307 i\u0307se hi\u0307\u00e7 ya\u015fanmam\u0131\u015f bi\u0307r duyguyu bi\u0307le tan\u0131d\u0131k k\u0131lar. Bu ki\u0307tapta, hayat\u0131n i\u0307\u00e7i\u0307nden ge\u00e7en k\u00fc\u00e7\u00fck anlar\u0131n, yar\u0131m kalm\u0131\u015f c\u00fcmleleri\u0307n ve i\u0307\u00e7i\u0307mi\u0307zde sakl\u0131 kalan hi\u0307sleri\u0307n i\u0307zi\u0307ni\u0307 s\u00fcreceksi\u0307ni\u0307z.   Bazen bi\u0307r sokakta kaybolaca\u011f\u0131z, bazen eski\u0307 bi\u0307r \u015fark\u0131n\u0131n i\u0307\u00e7i\u0307nde, bazen de hi\u0307\u00e7 g\u00f6nderi\u0307lmemi\u0307\u015f bi\u0307r mesaj\u0131n sat\u0131r aralar\u0131nda\u2026 Bi\u0307r bak\u0131\u015f\u0131n yar\u0131m kald\u0131\u011f\u0131 yerde, bi\u0307r vedan\u0131n tam s\u00f6ylenemedi\u0307\u011fi\u0307 anda duraca\u011f\u0131z.   Belki\u0307 bi\u0307r i\u0307smi\u0307 anaca\u011f\u0131z i\u0307\u00e7i\u0307mi\u0307zden, belki\u0307 de ki\u0307mseye anlatamad\u0131\u011f\u0131m\u0131z bi\u0307r duyguyu i\u0307lk kez burada fark edece\u011fi\u0307z. Bu sayfalarda yaln\u0131zca anlat\u0131lanlar\u0131 de\u011fi\u0307l, kendi\u0307ni\u0307zi\u0307 de bulacaks\u0131n\u0131z.   Unuttu\u011funuzu sand\u0131\u011f\u0131n\u0131z ne varsa, usulca yeni\u0307den kalbi\u0307ni\u0307ze dokunacak. \u00c7\u00fcnk\u00fc baz\u0131 duygular kaybolmaz.   Sadece susar.   Ve bazen, en \u00e7ok sustuklar\u0131 yerde b\u00fcy\u00fcrler.   Nota ve t\u0131n\u0131yla\u2026<\/p>\n","protected":false},"excerpt":{"rendered":"<p>Baz\u0131 yaz\u0131lar vard\u0131r, bi\u0307r an\u0131 hat\u0131rlat\u0131r. Ki\u0307mi\u0307 i\u0307se hi\u0307\u00e7 ya\u015fanmam\u0131\u015f bi\u0307r duyguyu bi\u0307le tan\u0131d\u0131k k\u0131lar. Bu ki\u0307tapta, hayat\u0131n i\u0307\u00e7i\u0307nden ge\u00e7en k\u00fc\u00e7\u00fck anlar\u0131n, yar\u0131m kalm\u0131\u015f c\u00fcmleleri\u0307n ve<span class=\"excerpt-hellip\"> [\u2026]<\/span><\/p>\n","protected":false},"featured_media":0,"template":"","meta":{"_monsterinsights_skip_tracking":false,"_monsterinsights_sitenote_active":false,"_monsterinsights_sitenote_note":"","_monsterinsights_sitenote_category":0},"product_brand":[],"product_cat":[12291,104362],"product_tag":[],"class_list":{"0":"post-785920","1":"product","2":"type-product","3":"status-publish","5":"product_cat-edebiyat","6":"product_cat-makale","7":"pa_cilt-ciltsiz","8":"pa_tur-kitap","9":"pa_yayinevi-zerre-kitap","10":"pa_yazar-macit-soydan","12":"first","13":"instock","14":"sale","15":"shipping-taxable","16":"purchasable","17":"product-type-simple"},"_links":{"self":[{"href":"https:\/\/roveyayinevi.com.tr\/index.php\/wp-json\/wp\/v2\/product\/785920","targetHints":{"allow":["GET"]}}],"collection":[{"href":"https:\/\/roveyayinevi.com.tr\/index.php\/wp-json\/wp\/v2\/product"}],"about":[{"href":"https:\/\/roveyayinevi.com.tr\/index.php\/wp-json\/wp\/v2\/types\/product"}],"wp:attachment":[{"href":"https:\/\/roveyayinevi.com.tr\/index.php\/wp-json\/wp\/v2\/media?parent=785920"}],"wp:term":[{"taxonomy":"product_brand","embeddable":true,"href":"https:\/\/roveyayinevi.com.tr\/index.php\/wp-json\/wp\/v2\/product_brand?post=785920"},{"taxonomy":"product_cat","embeddable":true,"href":"https:\/\/roveyayinevi.com.tr\/index.php\/wp-json\/wp\/v2\/product_cat?post=785920"},{"taxonomy":"product_tag","embeddable":true,"href":"https:\/\/roveyayinevi.com.tr\/index.php\/wp-json\/wp\/v2\/product_tag?post=785920"}],"curies":[{"name":"wp","href":"https:\/\/api.w.org\/{rel}","templated":true}]}}