{"id":785919,"date":"2026-04-11T03:53:15","date_gmt":"2026-04-11T00:53:15","guid":{"rendered":"https:\/\/roveyayinevi.com.tr\/index.php\/urun\/17-haziran\/"},"modified":"2026-04-15T03:49:56","modified_gmt":"2026-04-15T00:49:56","slug":"17-haziran","status":"publish","type":"product","link":"https:\/\/roveyayinevi.com.tr\/index.php\/urun\/17-haziran\/","title":{"rendered":"17 Haziran"},"content":{"rendered":"<p>Vidar\u2019\u0131n hayat\u0131, \u00f6\u011fretmenlik yapt\u0131\u011f\u0131 okulda kar\u0131\u015ft\u0131\u011f\u0131 bir olay ve sonras\u0131nda gelen a\u00e7\u0131\u011fa al\u0131nma karar\u0131yla alt\u00fcst olmu\u015ftur. Ancak as\u0131l sars\u0131nt\u0131, eski bir kolide ailesinin 1980\u2019lerdeki yazl\u0131k evinin numaras\u0131n\u0131 bulmas\u0131yla ba\u015flar. Vidar numaray\u0131 \u00e7evirdi\u011finde, hatt\u0131n ucunda ge\u00e7mi\u015ften bir ses yank\u0131lan\u0131r: Uzun zaman \u00f6nce \u00f6len babas\u0131n\u0131n sesi. 17 Haziran 1986. Bir yaz g\u00fcn\u00fc. Bir mutfak. Bir aile. Vidar her aramada ayn\u0131 g\u00fcne ad\u0131m atar; \u00e7ocuklu\u011funun seslerini dinler, sekiz ya\u015f\u0131ndaki haline yakla\u015fmaya \u00e7al\u0131\u015f\u0131r. Hakk\u0131nda y\u00fcr\u00fct\u00fclen polis soru\u015fturmas\u0131 ve \u00fczerindeki bask\u0131 artarken belle\u011fin labirentlerinde ilerledik\u00e7e ilerler. Sordu\u011fu sorular onu hem kendi karanl\u0131\u011f\u0131yla hem de ailesinin sakl\u0131 kalm\u0131\u015f yaralar\u0131yla y\u00fczle\u015ftirecektir. Romanlar\u0131yla 30\u2019u a\u015fk\u0131n \u00fclkede okurla bulu\u015fan Alex Schulman\u2019dan, ge\u00e7mi\u015fin hayaletleriyle bug\u00fcn\u00fcn ger\u00e7eklerini birbirine d\u00fc\u011f\u00fcmleyen zamans\u0131z bir roman&#8230; \u201cSanki Alex Schulman\u2019\u0131n daha \u00f6nce yazd\u0131\u011f\u0131 her \u015fey bu roman\u0131n yolunu a\u00e7mak i\u00e7inmi\u015f.\u201d \u2013Kristian Ekenberg, Gefle Dagblad \u201cA\u00e7g\u00f6zl\u00fc bir okur gibi okuyorum; sonunun nas\u0131l gelece\u011fini bilmek istiyorum. 80\u2019lerdeki o yaz g\u00fcn\u00fcnde ger\u00e7ekten ne oldu? Vidar\u2019\u0131n hat\u0131rlamaya dayanamad\u0131\u011f\u0131 \u015fey ne? T\u0131pk\u0131 Schulman\u2019\u0131n \u00f6nceki roman\u0131 Malma \u0130stasyonu\u2019nda oldu\u011fu gibi, kurgu zekice in\u015fa edilmi\u015f; ipu\u00e7lar\u0131 ustal\u0131kla yerle\u015ftiriliyor, yap\u0131 ta\u015flar\u0131 tek tek ekleniyor.\u201d \u2013 Oline Stig, Sydsvenskan \u201cAlex Schulman her zamankinden daha derine, ac\u0131n\u0131n merkezine iniyor.\u201d \u2013 Annina Rabe, Expressen<\/p>\n","protected":false},"excerpt":{"rendered":"<p>Vidar\u2019\u0131n hayat\u0131, \u00f6\u011fretmenlik yapt\u0131\u011f\u0131 okulda kar\u0131\u015ft\u0131\u011f\u0131 bir olay ve sonras\u0131nda gelen a\u00e7\u0131\u011fa al\u0131nma karar\u0131yla alt\u00fcst olmu\u015ftur. Ancak as\u0131l sars\u0131nt\u0131, eski bir kolide ailesinin 1980\u2019lerdeki yazl\u0131k evinin<span class=\"excerpt-hellip\"> [\u2026]<\/span><\/p>\n","protected":false},"featured_media":0,"template":"","meta":{"_monsterinsights_skip_tracking":false,"_monsterinsights_sitenote_active":false,"_monsterinsights_sitenote_note":"","_monsterinsights_sitenote_category":0},"product_brand":[],"product_cat":[12291,12711],"product_tag":[],"class_list":{"0":"post-785919","1":"product","2":"type-product","3":"status-publish","5":"product_cat-edebiyat","6":"product_cat-roman-oyku","7":"pa_cilt-ciltsiz","8":"pa_tur-kitap","9":"pa_yayinevi-timas-yayinlari","10":"pa_yazar-alex-schulman","12":"first","13":"instock","14":"sale","15":"shipping-taxable","16":"purchasable","17":"product-type-simple"},"_links":{"self":[{"href":"https:\/\/roveyayinevi.com.tr\/index.php\/wp-json\/wp\/v2\/product\/785919","targetHints":{"allow":["GET"]}}],"collection":[{"href":"https:\/\/roveyayinevi.com.tr\/index.php\/wp-json\/wp\/v2\/product"}],"about":[{"href":"https:\/\/roveyayinevi.com.tr\/index.php\/wp-json\/wp\/v2\/types\/product"}],"wp:attachment":[{"href":"https:\/\/roveyayinevi.com.tr\/index.php\/wp-json\/wp\/v2\/media?parent=785919"}],"wp:term":[{"taxonomy":"product_brand","embeddable":true,"href":"https:\/\/roveyayinevi.com.tr\/index.php\/wp-json\/wp\/v2\/product_brand?post=785919"},{"taxonomy":"product_cat","embeddable":true,"href":"https:\/\/roveyayinevi.com.tr\/index.php\/wp-json\/wp\/v2\/product_cat?post=785919"},{"taxonomy":"product_tag","embeddable":true,"href":"https:\/\/roveyayinevi.com.tr\/index.php\/wp-json\/wp\/v2\/product_tag?post=785919"}],"curies":[{"name":"wp","href":"https:\/\/api.w.org\/{rel}","templated":true}]}}