{"id":785918,"date":"2026-04-11T03:53:12","date_gmt":"2026-04-11T00:53:12","guid":{"rendered":"https:\/\/roveyayinevi.com.tr\/index.php\/urun\/akil-bilim-ve-inanc\/"},"modified":"2026-04-15T03:49:56","modified_gmt":"2026-04-15T00:49:56","slug":"akil-bilim-ve-inanc","status":"publish","type":"product","link":"https:\/\/roveyayinevi.com.tr\/index.php\/urun\/akil-bilim-ve-inanc\/","title":{"rendered":"Ak\u0131l Bilim ve \u0130nan\u00e7"},"content":{"rendered":"<p>\u0130nsanl\u0131k tarihinde belki de en yo\u011fun zihinsel k\u0131r\u0131lmalar\u0131n\u0131n ya\u015fand\u0131\u011f\u0131 bir d\u00f6nemdeyiz. Teknoloji yaln\u0131zca ara\u00e7lar\u0131m\u0131z\u0131 de\u011fil, insan anlay\u0131\u015f\u0131m\u0131z\u0131 da de\u011fi\u015ftiriyor. Bilim yaln\u0131zca do\u011fay\u0131 de\u011fil, anlam\u0131 da tart\u0131\u015fmaya a\u00e7\u0131yor. \u0130\u015fte bu noktada bu kitap, cesurca \u015fu sorular\u0131 soruyor:\u0130man, bu yeni d\u00fcnyada nas\u0131l temellendirilebilir? Ak\u0131l ile vahiy ger\u00e7ekten kar\u015f\u0131 kar\u015f\u0131ya m\u0131d\u0131r, yoksa h\u00e2l\u00e2 birlikte d\u00fc\u015f\u00fcnmenin imk\u00e2n\u0131 var m\u0131d\u0131r?Bilin\u00e7 beyinden, yani maddeden ibaret midir?Kuantum fizi\u011fi metafizi\u011fe kap\u0131 aralar m\u0131?Sim\u00fclasyon teorisi hakikat anlay\u0131\u015f\u0131m\u0131z\u0131 sarsar m\u0131?Transh\u00fcmanizm insan tasavvurunu d\u00f6n\u00fc\u015ft\u00fcr\u00fcr m\u00fc?Ak\u0131l, Bilim ve \u0130nan\u00e7: G\u00fcn\u00fcm\u00fcz Kel\u00e2m\u0131n\u0131n Yeni Meseleleri adl\u0131 bu eser, zengin bir yazar kadrosu Mehmet Bulgen ve Enis Doko\u2019nun edit\u00f6rl\u00fc\u011f\u00fcnde bir araya geliyor ve klasik kel\u00e2m miras\u0131n\u0131 \u00e7a\u011fda\u015f problemlerin \u0131\u015f\u0131\u011f\u0131nda yeniden yorumlamay\u0131 hedefliyor.Kitapta; yeni ateizm ve agnostisizm, Tanr\u0131\u2019n\u0131n varl\u0131\u011f\u0131 lehindeki ve aleyhindeki modern arg\u00fcmanlar, k\u00f6t\u00fcl\u00fck problemi, \u00f6zg\u00fcr irade tart\u0131\u015fmalar\u0131 gibi felsefi meseleler ele al\u0131n\u0131rken; yapay bilin\u00e7, n\u00f6robilim, epigenetik, kuantum teorisi ve transh\u00fcmanizm gibi g\u00fcncel bilimsel geli\u015fmeler de kel\u00e2m perspektifinden de\u011ferlendiriliyor.<\/p>\n","protected":false},"excerpt":{"rendered":"<p>\u0130nsanl\u0131k tarihinde belki de en yo\u011fun zihinsel k\u0131r\u0131lmalar\u0131n\u0131n ya\u015fand\u0131\u011f\u0131 bir d\u00f6nemdeyiz. Teknoloji yaln\u0131zca ara\u00e7lar\u0131m\u0131z\u0131 de\u011fil, insan anlay\u0131\u015f\u0131m\u0131z\u0131 da de\u011fi\u015ftiriyor. Bilim yaln\u0131zca do\u011fay\u0131 de\u011fil, anlam\u0131 da tart\u0131\u015fmaya<span class=\"excerpt-hellip\"> [\u2026]<\/span><\/p>\n","protected":false},"featured_media":0,"template":"","meta":{"_monsterinsights_skip_tracking":false,"_monsterinsights_sitenote_active":false,"_monsterinsights_sitenote_note":"","_monsterinsights_sitenote_category":0},"product_brand":[],"product_cat":[19998,12388],"product_tag":[],"class_list":{"0":"post-785918","1":"product","2":"type-product","3":"status-publish","5":"product_cat-din-felsefesi","6":"product_cat-felsefe","7":"pa_cilt-ciltsiz","8":"pa_tur-kitap","9":"pa_yayinevi-timas-akademi-yayinlari","10":"pa_yazar-enis-doko","11":"pa_yazar-mehmet-bulgen","13":"first","14":"instock","15":"sale","16":"shipping-taxable","17":"purchasable","18":"product-type-simple"},"_links":{"self":[{"href":"https:\/\/roveyayinevi.com.tr\/index.php\/wp-json\/wp\/v2\/product\/785918","targetHints":{"allow":["GET"]}}],"collection":[{"href":"https:\/\/roveyayinevi.com.tr\/index.php\/wp-json\/wp\/v2\/product"}],"about":[{"href":"https:\/\/roveyayinevi.com.tr\/index.php\/wp-json\/wp\/v2\/types\/product"}],"wp:attachment":[{"href":"https:\/\/roveyayinevi.com.tr\/index.php\/wp-json\/wp\/v2\/media?parent=785918"}],"wp:term":[{"taxonomy":"product_brand","embeddable":true,"href":"https:\/\/roveyayinevi.com.tr\/index.php\/wp-json\/wp\/v2\/product_brand?post=785918"},{"taxonomy":"product_cat","embeddable":true,"href":"https:\/\/roveyayinevi.com.tr\/index.php\/wp-json\/wp\/v2\/product_cat?post=785918"},{"taxonomy":"product_tag","embeddable":true,"href":"https:\/\/roveyayinevi.com.tr\/index.php\/wp-json\/wp\/v2\/product_tag?post=785918"}],"curies":[{"name":"wp","href":"https:\/\/api.w.org\/{rel}","templated":true}]}}