{"id":785916,"date":"2026-04-11T03:53:07","date_gmt":"2026-04-11T00:53:07","guid":{"rendered":"https:\/\/roveyayinevi.com.tr\/index.php\/urun\/alevilik-tarih-toplum-siyaset-teoloji\/"},"modified":"2026-04-15T03:49:56","modified_gmt":"2026-04-15T00:49:56","slug":"alevilik-tarih-toplum-siyaset-teoloji","status":"publish","type":"product","link":"https:\/\/roveyayinevi.com.tr\/index.php\/urun\/alevilik-tarih-toplum-siyaset-teoloji\/","title":{"rendered":"Alevilik &#8211; Tarih, Toplum, Siyaset, Teoloji"},"content":{"rendered":"<p>Elinizdeki kitap tasavvuf tarihi alan\u0131n\u0131n tan\u0131nm\u0131\u015f uzman\u0131 Prof. Dr. Ahmet Ya\u015far Ocak\u2019\u0131n uzun y\u0131llara yay\u0131lan Alev\u00eelik ara\u015ft\u0131rmalar\u0131n\u0131n k\u0131sa ve \u00f6zl\u00fc bir anlat\u0131m\u0131\u2026 K\u00f6kenleri Anadolu, Orta Asya ve Balkanlar\u2019a kadar geni\u015f bir co\u011frafyaya uzanan Alev\u00eeli\u011fin tarihine dair genellikle ideolojik, siyasal ya da mezhepsel propagandalar\u0131n etkisiyle yap\u0131lan yay\u0131nlar\u0131n aksine Ocak\u2019\u0131n bu \u00e7al\u0131\u015fmas\u0131 \u00f6nyarg\u0131s\u0131z bak\u0131\u015f a\u00e7\u0131s\u0131 ve bilimsel titizli\u011fiyle dikkat \u00e7ekiyor. Alev\u00eeli\u011fi; tarih\u00ee d\u00f6n\u00fcm noktalar\u0131, T\u00fcrkiye\u2019nin siyasal tarihiyle ba\u011flant\u0131s\u0131, toplumsal ve ideolojik yap\u0131s\u0131, teolojisinin olu\u015fum s\u00fcreci, ana unsurlar\u0131, \u00e7e\u015fitli mezhep ve tarikatlarla temas\u0131 gibi \u00e7ok tart\u0131\u015f\u0131lan konular etraf\u0131nda ele alan bu kitapta doyurucu cevaplar bulaca\u011f\u0131n\u0131z baz\u0131 kritik sorular \u015f\u00f6yle\u2026 \u2022       Alev\u00ee teriminin zaman i\u00e7inde kazand\u0131\u011f\u0131 farkl\u0131 anlamlar\u0131 nelerdir? \u2022       Alev\u00eeli\u011fin tarihi Hz. Ali ile mi ba\u015flar? \u2022       Hz. Ali\u2019nin Alev\u00eelik i\u00e7indeki \u201cyar\u0131 teolojik yar\u0131 mitolojik\u201d kimli\u011fi nas\u0131l olu\u015ftu? \u2022       \u0130lk Osmanl\u0131 padi\u015fahlar\u0131 Alev\u00ee miydi? \u2022       Alev\u00eeli\u011fi tarih sahnesine \u00e7\u0131karan isyan neydi? \u2022       Alev\u00eelikteki Huruf\u00ee etkiler hangi boyuttad\u0131r? \u2022       Safev\u00ee h\u00fck\u00fcmdar\u0131 \u015eah \u0130smail \u201cbeklenen Mehdi\u201d miydi?\u2022       Yavuz, Alev\u00eeleri y\u00f6nelik bir katliam yapt\u0131 m\u0131? \u2022       Ocaklar ve dedeler ni\u00e7in bu kadar \u00f6nemli? \u2022       G\u00f6m\u00fclen ya da yak\u0131lan Alev\u00ee icazetnamelerinden geriye ne kald\u0131? \u2022       \u201cH\u0131z\u0131r yolda\u015f\u0131n olsun\u201d ne demek? Alev\u00eelik: Tarih, Toplum, Siyaset, Teoloji, g\u00fcn\u00fcm\u00fcze kadar nispeten gizli bir toplum (soci\u00e9t\u00e9 secr\u00e8te) oldu\u011fu i\u00e7in a\u00e7\u0131k kavramlar kullanmayan, koyu mistik bir teolojiyle \u00f6r\u00fcl\u00fc tarihsel bir s\u00fcreci menak\u0131bnameler, nefesler, icazetnameler ve ar\u015fiv belgeleri gibi farkl\u0131 kaynaklar e\u015fli\u011finde de\u015fifre ediyor.<\/p>\n","protected":false},"excerpt":{"rendered":"<p>Elinizdeki kitap tasavvuf tarihi alan\u0131n\u0131n tan\u0131nm\u0131\u015f uzman\u0131 Prof. Dr. Ahmet Ya\u015far Ocak\u2019\u0131n uzun y\u0131llara yay\u0131lan Alev\u00eelik ara\u015ft\u0131rmalar\u0131n\u0131n k\u0131sa ve \u00f6zl\u00fc bir anlat\u0131m\u0131\u2026 K\u00f6kenleri Anadolu, Orta Asya<span class=\"excerpt-hellip\"> [\u2026]<\/span><\/p>\n","protected":false},"featured_media":0,"template":"","meta":{"_monsterinsights_skip_tracking":false,"_monsterinsights_sitenote_active":false,"_monsterinsights_sitenote_note":"","_monsterinsights_sitenote_category":0},"product_brand":[],"product_cat":[13575,12718,12719],"product_tag":[],"class_list":{"0":"post-785916","1":"product","2":"type-product","3":"status-publish","5":"product_cat-alevilik-bektasilik","6":"product_cat-din","7":"product_cat-islam","8":"pa_cilt-ciltsiz","9":"pa_tur-kitap","10":"pa_yayinevi-timas-yayinlari","11":"pa_yazar-ahmet-yasar-ocak","13":"first","14":"instock","15":"sale","16":"shipping-taxable","17":"purchasable","18":"product-type-simple"},"_links":{"self":[{"href":"https:\/\/roveyayinevi.com.tr\/index.php\/wp-json\/wp\/v2\/product\/785916","targetHints":{"allow":["GET"]}}],"collection":[{"href":"https:\/\/roveyayinevi.com.tr\/index.php\/wp-json\/wp\/v2\/product"}],"about":[{"href":"https:\/\/roveyayinevi.com.tr\/index.php\/wp-json\/wp\/v2\/types\/product"}],"wp:attachment":[{"href":"https:\/\/roveyayinevi.com.tr\/index.php\/wp-json\/wp\/v2\/media?parent=785916"}],"wp:term":[{"taxonomy":"product_brand","embeddable":true,"href":"https:\/\/roveyayinevi.com.tr\/index.php\/wp-json\/wp\/v2\/product_brand?post=785916"},{"taxonomy":"product_cat","embeddable":true,"href":"https:\/\/roveyayinevi.com.tr\/index.php\/wp-json\/wp\/v2\/product_cat?post=785916"},{"taxonomy":"product_tag","embeddable":true,"href":"https:\/\/roveyayinevi.com.tr\/index.php\/wp-json\/wp\/v2\/product_tag?post=785916"}],"curies":[{"name":"wp","href":"https:\/\/api.w.org\/{rel}","templated":true}]}}