{"id":785914,"date":"2026-04-11T03:53:02","date_gmt":"2026-04-11T00:53:02","guid":{"rendered":"https:\/\/roveyayinevi.com.tr\/index.php\/urun\/cocugun-pusulasi-sinirlar\/"},"modified":"2026-04-15T03:49:56","modified_gmt":"2026-04-15T00:49:56","slug":"cocugun-pusulasi-sinirlar","status":"publish","type":"product","link":"https:\/\/roveyayinevi.com.tr\/index.php\/urun\/cocugun-pusulasi-sinirlar\/","title":{"rendered":"\u00c7ocu\u011fun Pusulas\u0131: S\u0131n\u0131rlar"},"content":{"rendered":"<p>Kendini \u201c\u00e7ocuklara meftun bir pediatrist\u201d olarak tan\u0131mlayan ve uyand\u0131rmak istedi\u011fi duyarl\u0131l\u0131k geni\u015f ebeveyn kitlelerinden kar\u015f\u0131l\u0131k bulan Dr. Handan Sar\u0131mehmet K\u0131l\u0131n\u00e7 \u00c7ocu\u011fun Pusulas\u0131: S\u0131n\u0131rlar\u2019da bebek ruh sa\u011fl\u0131\u011f\u0131 ve erken ili\u015fki sa\u011fl\u0131\u011f\u0131 dendi\u011finde en \u00f6ncelikli g\u00f6rd\u00fc\u011f\u00fc konuyu, yani s\u0131n\u0131rlar\u0131 \u00e7ok boyutlu bir bi\u00e7imde ele ald\u0131.Peki s\u0131n\u0131rlar\u0131 bu kadar \u00f6nemli k\u0131lan ne?Dr. K\u0131l\u0131n\u00e7 bu kitapta, b\u00fcy\u00fck bir i\u015ftahla takip etti\u011fi n\u00f6robilimin sundu\u011fu bilgi birikiminden ve y\u0131llara dayanan klinik tecr\u00fcbesinden s\u00fczd\u00fckleriyle i\u015fte tam olarak bunu anlat\u0131yor.\u00c7ocu\u011fun s\u0131n\u0131r\u0131n verdi\u011fi \u00f6ng\u00f6r\u00fclebilirlik haline duydu\u011fu ihtiyac\u0131, s\u0131n\u0131r ve kurallar\u0131n n\u00f6robiyolojisini, \u2018kat\u0131\u2019 ve \u2018esnek\u2019 olma durumlar\u0131n\u0131, s\u0131n\u0131r koymakta zorlanan ebeveyn ile empati yaparak ebeveynin duygular\u0131n\u0131 nas\u0131l d\u00fczenleyebilece\u011fini, \u00e7ocuklar\u0131n da s\u0131n\u0131rlar\u0131n\u0131n ihlal edilmemesi konusunda geli\u015ftirilecek fark\u0131ndal\u0131\u011f\u0131 ve en temelde ebeveynin \u00e7ocu\u011fun duygu d\u00fczenlemesine nas\u0131l rehberlik edebilece\u011fini gerek\u00e7eleriyle aktar\u0131yor.S\u00fcrekli taktik vermek yerine, ebeveyni olay baz\u0131nda kendisinin ve \u00e7ocu\u011funun hissettiklerini anlamaya ve kendi aile sistemlerinde neler oldu\u011funu \u00fczerine ger\u00e7ek bir d\u00fc\u015f\u00fcnme egzersizine davet ediyor.<\/p>\n","protected":false},"excerpt":{"rendered":"<p>Kendini \u201c\u00e7ocuklara meftun bir pediatrist\u201d olarak tan\u0131mlayan ve uyand\u0131rmak istedi\u011fi duyarl\u0131l\u0131k geni\u015f ebeveyn kitlelerinden kar\u015f\u0131l\u0131k bulan Dr. Handan Sar\u0131mehmet K\u0131l\u0131n\u00e7 \u00c7ocu\u011fun Pusulas\u0131: S\u0131n\u0131rlar\u2019da bebek ruh sa\u011fl\u0131\u011f\u0131<span class=\"excerpt-hellip\"> [\u2026]<\/span><\/p>\n","protected":false},"featured_media":0,"template":"","meta":{"_monsterinsights_skip_tracking":false,"_monsterinsights_sitenote_active":false,"_monsterinsights_sitenote_note":"","_monsterinsights_sitenote_category":0},"product_brand":[],"product_cat":[141304],"product_tag":[],"class_list":{"0":"post-785914","1":"product","2":"type-product","3":"status-publish","5":"product_cat-yeni-cikanlar","6":"pa_cilt-ciltsiz","7":"pa_tur-kitap","8":"pa_yayinevi-timas-yayinlari","9":"pa_yazar-handan-sarimehmet-kilinc","11":"first","12":"instock","13":"sale","14":"shipping-taxable","15":"purchasable","16":"product-type-simple"},"_links":{"self":[{"href":"https:\/\/roveyayinevi.com.tr\/index.php\/wp-json\/wp\/v2\/product\/785914","targetHints":{"allow":["GET"]}}],"collection":[{"href":"https:\/\/roveyayinevi.com.tr\/index.php\/wp-json\/wp\/v2\/product"}],"about":[{"href":"https:\/\/roveyayinevi.com.tr\/index.php\/wp-json\/wp\/v2\/types\/product"}],"wp:attachment":[{"href":"https:\/\/roveyayinevi.com.tr\/index.php\/wp-json\/wp\/v2\/media?parent=785914"}],"wp:term":[{"taxonomy":"product_brand","embeddable":true,"href":"https:\/\/roveyayinevi.com.tr\/index.php\/wp-json\/wp\/v2\/product_brand?post=785914"},{"taxonomy":"product_cat","embeddable":true,"href":"https:\/\/roveyayinevi.com.tr\/index.php\/wp-json\/wp\/v2\/product_cat?post=785914"},{"taxonomy":"product_tag","embeddable":true,"href":"https:\/\/roveyayinevi.com.tr\/index.php\/wp-json\/wp\/v2\/product_tag?post=785914"}],"curies":[{"name":"wp","href":"https:\/\/api.w.org\/{rel}","templated":true}]}}