{"id":785913,"date":"2026-04-11T03:52:59","date_gmt":"2026-04-11T00:52:59","guid":{"rendered":"https:\/\/roveyayinevi.com.tr\/index.php\/urun\/israil-tartismali-bir-ulkenin-kodlari\/"},"modified":"2026-04-15T03:49:56","modified_gmt":"2026-04-15T00:49:56","slug":"israil-tartismali-bir-ulkenin-kodlari","status":"publish","type":"product","link":"https:\/\/roveyayinevi.com.tr\/index.php\/urun\/israil-tartismali-bir-ulkenin-kodlari\/","title":{"rendered":"\u0130srail &#8211; Tart\u0131\u015fmal\u0131 Bir \u00dclkenin Kodlar\u0131"},"content":{"rendered":"<p>Modern d\u00fcnyan\u0131n en tart\u0131\u015fmal\u0131, en \u015faibeli, me\u015fruiyeti en \u00e7ok sorgulanan devleti \u0130srail\u2026 Kurulu\u015fu, s\u0131n\u0131rlar\u0131 ve kimli\u011fi \u00fczerine s\u00fcregelen tart\u0131\u015fmalar, bu \u00fclkeyi s\u0131radan bir ulus-devlet olmaktan \u00e7\u0131kar\u0131p k\u00fcresel siyasetin merkezine yerle\u015ftirir. \u0130srail\u2019in resm\u00ee tarih mitlerini ve siyonist tarih anlat\u0131s\u0131n\u0131 ciddiyetle sorgulayan ve Filistinlileri kendi tarihlerinin \u00f6znesi k\u0131lan yeni tarihyaz\u0131m\u0131n\u0131n \u00f6nde gelen temsilcilerinden Ilan Papp\u00e9, \u00e7ok \u00f6nemli bir soru soruyor: \u0130srail\u2019de tarih, kimin sesiyle yaz\u0131ld\u0131 ve kimin sesi susturuldu? Kendisini \u201cOrtado\u011fu\u2019daki tek demokrasi\u201d olarak sunan ama vatanda\u015fl\u0131k hakk\u0131n\u0131n etnik ve hatta din\u00ee kimli\u011fe endekslendi\u011fi bir yap\u0131 demokrasi midir, etnokrasi midir? Yerle\u015fimci s\u00f6m\u00fcrgecilik ne demektir? Arap \u00fclkelerinden gelip n\u00fcfusun yar\u0131s\u0131n\u0131 olu\u015fturan Mizrahi Yahudiler ile Avrupa Yahudili\u011fini temsil eden, \u00fclkenin h\u00e2kim unsuru A\u015fkenazlar aras\u0131ndaki fay hatlar\u0131 nelerdir? Holokost miras\u0131 nas\u0131l ara\u00e7salla\u015ft\u0131r\u0131ld\u0131 ve bir PR malzemesine d\u00f6n\u00fc\u015ft\u00fcr\u00fcld\u00fc? Oslo S\u00fcreci neden ba\u015far\u0131s\u0131z oldu? Rabin suikast\u0131 i\u00e7 siyasette nas\u0131l k\u0131r\u0131lmalara yol a\u00e7t\u0131? Tarih\u00e7i ve siyaset malar\u0131n yan\u0131nda Korece ve \u0130ngilizceden \u00e7eviri yapmaktad\u0131r1800\u2019lerden g\u00fcn\u00fcm\u00fcze \u0130srail tarihini, bu \u00fclkenin k\u00fclt\u00fcr end\u00fcstrisi, toplumsal ve ekonomik yap\u0131s\u0131, y\u00fcr\u00fctt\u00fc\u011f\u00fc uluslararas\u0131 kampanyalar ve en \u00f6nemlisi, i\u00e7 siyaseti e\u015fli\u011finde ele al\u0131yor ve bu analiz bi\u00e7imiyle kitab\u0131n \u00e7\u0131tas\u0131n\u0131 ciddi anlamda y\u00fckseltiyor. \u00c7\u00fcnk\u00fc Henry Kissinger\u2019\u0131n o me\u015fhur tespitiyle; \u201c\u0130srail\u2019in d\u0131\u015f politikas\u0131 yoktur, yaln\u0131zca i\u00e7 politikas\u0131 vard\u0131r.\u201d<\/p>\n","protected":false},"excerpt":{"rendered":"<p>Modern d\u00fcnyan\u0131n en tart\u0131\u015fmal\u0131, en \u015faibeli, me\u015fruiyeti en \u00e7ok sorgulanan devleti \u0130srail\u2026 Kurulu\u015fu, s\u0131n\u0131rlar\u0131 ve kimli\u011fi \u00fczerine s\u00fcregelen tart\u0131\u015fmalar, bu \u00fclkeyi s\u0131radan bir ulus-devlet olmaktan \u00e7\u0131kar\u0131p<span class=\"excerpt-hellip\"> [\u2026]<\/span><\/p>\n","protected":false},"featured_media":0,"template":"","meta":{"_monsterinsights_skip_tracking":false,"_monsterinsights_sitenote_active":false,"_monsterinsights_sitenote_note":"","_monsterinsights_sitenote_category":0},"product_brand":[],"product_cat":[12370,12304],"product_tag":[],"class_list":{"0":"post-785913","1":"product","2":"type-product","3":"status-publish","5":"product_cat-arastirma-inceleme","6":"product_cat-tarih","7":"pa_cilt-ciltsiz","8":"pa_tur-kitap","9":"pa_yayinevi-timas-yayinlari","10":"pa_yazar-ilan-pappe","12":"first","13":"instock","14":"sale","15":"shipping-taxable","16":"purchasable","17":"product-type-simple"},"_links":{"self":[{"href":"https:\/\/roveyayinevi.com.tr\/index.php\/wp-json\/wp\/v2\/product\/785913","targetHints":{"allow":["GET"]}}],"collection":[{"href":"https:\/\/roveyayinevi.com.tr\/index.php\/wp-json\/wp\/v2\/product"}],"about":[{"href":"https:\/\/roveyayinevi.com.tr\/index.php\/wp-json\/wp\/v2\/types\/product"}],"wp:attachment":[{"href":"https:\/\/roveyayinevi.com.tr\/index.php\/wp-json\/wp\/v2\/media?parent=785913"}],"wp:term":[{"taxonomy":"product_brand","embeddable":true,"href":"https:\/\/roveyayinevi.com.tr\/index.php\/wp-json\/wp\/v2\/product_brand?post=785913"},{"taxonomy":"product_cat","embeddable":true,"href":"https:\/\/roveyayinevi.com.tr\/index.php\/wp-json\/wp\/v2\/product_cat?post=785913"},{"taxonomy":"product_tag","embeddable":true,"href":"https:\/\/roveyayinevi.com.tr\/index.php\/wp-json\/wp\/v2\/product_tag?post=785913"}],"curies":[{"name":"wp","href":"https:\/\/api.w.org\/{rel}","templated":true}]}}