{"id":785896,"date":"2026-04-11T03:52:13","date_gmt":"2026-04-11T00:52:13","guid":{"rendered":"https:\/\/roveyayinevi.com.tr\/index.php\/urun\/hayat-yenile-beni\/"},"modified":"2026-04-15T03:49:52","modified_gmt":"2026-04-15T00:49:52","slug":"hayat-yenile-beni","status":"publish","type":"product","link":"https:\/\/roveyayinevi.com.tr\/index.php\/urun\/hayat-yenile-beni\/","title":{"rendered":"Hayat Yenile Beni"},"content":{"rendered":"<p>\u2018\u2019Hasan  Erkek\u2019\u2019  vizyon ve yaz\u0131n\u0131n, tiyatro ve resmin, \u015fiir ve m\u00fczi\u011fin, \u00e7e\u015fitli tezah\u00fcrleriyle yarat\u0131c\u0131l\u0131\u011f\u0131n bu \u00f6zg\u00fcrle\u015fmeyi sa\u011flad\u0131\u011f\u0131n\u0131 d\u00fc\u015f\u00fcn\u00fcyor ve \u2018\u2019yeniden do\u011fu\u015f\u2019\u2019 ad\u0131n\u0131 verdi\u011fi \u015feyle yeni bir ufuk a\u00e7\u0131yor. \u015eairin s\u00f6z konusu yeniden do\u011fu\u015f \u00e7a\u011fr\u0131s\u0131n\u0131 T\u00fcrk\u00e7e bilmedi\u011fim i\u00e7in dil ve \u015fiirsel boyutuyla tadamad\u0131\u011f\u0131m i\u00e7in \u00fczg\u00fcn\u00fcm. \u2018\u2019Yeniden do\u011fu\u015f\u2019\u2019 birbirine ba\u011fl\u0131 iki \u015feyi varsayar:  Yeniden do\u011fu\u015fun ger\u00e7ekle\u015fece\u011fi d\u00fcnyay\u0131 yeniden d\u00fc\u015f\u00fcnmek ve bu do\u011fum bi\u00e7imlerinin somutla\u015faca\u011f\u0131 yeni ifade yollar\u0131 aramak. Bu s\u00fcre\u00e7te \u015fiirle ilgili soru sormak, \u015fiirin bahsetti\u011fi d\u00fcnya hakk\u0131nda soru sorman\u0131n temelini olu\u015fturuyor gibi g\u00f6r\u00fcn\u00fcyor.   \u015eair burada sadece \u2018\u2019\u015fiir\u2019\u2019 denilen metnin bir yazar\u0131 de\u011fil, ayn\u0131 zamanda ele\u015ftirel bir okuyucu ve d\u00fc\u015f\u00fcn\u00fcrd\u00fcr. \u015eiir, tek ba\u015f\u0131na bir cevap de\u011fildir. Di\u011fer bir deyi\u015fle \u015fiir ayn\u0131 anda hem soru hem cevapt\u0131r. Sorular\u0131n\u0131 d\u00fcnyaya sorarken, bunlar\u0131 kendisine ve kendi ara\u00e7lar\u0131na da sorar. Zira \u015fiir, d\u00fcnyay\u0131 ifade etmenin oldu\u011fu kadar onu anlaman\u0131n da bir yoludur.\u2019\u2019<\/p>\n","protected":false},"excerpt":{"rendered":"<p>\u2018\u2019Hasan Erkek\u2019\u2019 vizyon ve yaz\u0131n\u0131n, tiyatro ve resmin, \u015fiir ve m\u00fczi\u011fin, \u00e7e\u015fitli tezah\u00fcrleriyle yarat\u0131c\u0131l\u0131\u011f\u0131n bu \u00f6zg\u00fcrle\u015fmeyi sa\u011flad\u0131\u011f\u0131n\u0131 d\u00fc\u015f\u00fcn\u00fcyor ve \u2018\u2019yeniden do\u011fu\u015f\u2019\u2019 ad\u0131n\u0131 verdi\u011fi \u015feyle yeni bir<span class=\"excerpt-hellip\"> [\u2026]<\/span><\/p>\n","protected":false},"featured_media":0,"template":"","meta":{"_monsterinsights_skip_tracking":false,"_monsterinsights_sitenote_active":false,"_monsterinsights_sitenote_note":"","_monsterinsights_sitenote_category":0},"product_brand":[],"product_cat":[12291,12509],"product_tag":[],"class_list":{"0":"post-785896","1":"product","2":"type-product","3":"status-publish","5":"product_cat-edebiyat","6":"product_cat-siir","7":"pa_cilt-ciltsiz","8":"pa_tur-kitap","9":"pa_yayinevi-cem-yayinevi","10":"pa_yazar-hasan-erkek","12":"first","13":"instock","14":"sale","15":"shipping-taxable","16":"purchasable","17":"product-type-simple"},"_links":{"self":[{"href":"https:\/\/roveyayinevi.com.tr\/index.php\/wp-json\/wp\/v2\/product\/785896","targetHints":{"allow":["GET"]}}],"collection":[{"href":"https:\/\/roveyayinevi.com.tr\/index.php\/wp-json\/wp\/v2\/product"}],"about":[{"href":"https:\/\/roveyayinevi.com.tr\/index.php\/wp-json\/wp\/v2\/types\/product"}],"wp:attachment":[{"href":"https:\/\/roveyayinevi.com.tr\/index.php\/wp-json\/wp\/v2\/media?parent=785896"}],"wp:term":[{"taxonomy":"product_brand","embeddable":true,"href":"https:\/\/roveyayinevi.com.tr\/index.php\/wp-json\/wp\/v2\/product_brand?post=785896"},{"taxonomy":"product_cat","embeddable":true,"href":"https:\/\/roveyayinevi.com.tr\/index.php\/wp-json\/wp\/v2\/product_cat?post=785896"},{"taxonomy":"product_tag","embeddable":true,"href":"https:\/\/roveyayinevi.com.tr\/index.php\/wp-json\/wp\/v2\/product_tag?post=785896"}],"curies":[{"name":"wp","href":"https:\/\/api.w.org\/{rel}","templated":true}]}}