{"id":785894,"date":"2026-04-11T03:52:09","date_gmt":"2026-04-11T00:52:09","guid":{"rendered":"https:\/\/roveyayinevi.com.tr\/index.php\/urun\/altin-cicegin-sirri\/"},"modified":"2026-04-15T03:49:42","modified_gmt":"2026-04-15T00:49:42","slug":"altin-cicegin-sirri","status":"publish","type":"product","link":"https:\/\/roveyayinevi.com.tr\/index.php\/urun\/altin-cicegin-sirri\/","title":{"rendered":"Alt\u0131n \u00c7i\u00e7e\u011fin S\u0131rr\u0131"},"content":{"rendered":"<p>Alt\u0131n \u00c7i\u00e7e\u011fin S\u0131rr\u0131: Bilin\u00e7alt\u0131n\u0131n Gizemi, insan\u0131n i\u00e7 d\u00fcnyas\u0131na y\u00f6nelmesini, zihnini ar\u0131nd\u0131rmas\u0131n\u0131 ve varl\u0131\u011f\u0131n\u0131n daha derin katmanlar\u0131n\u0131 ke\u015ffetmesini ama\u00e7layan kadim bir bilgelik metni olarak \u00f6ne \u00e7\u0131k\u0131yor.Richard Wilhelm\u2019in \u00e7evirisiyle okura ula\u015fan bu eser, Taoist d\u00fc\u015f\u00fcncenin i\u00e7sel d\u00f6n\u00fc\u015f\u00fcm, nefes, enerji ve bilin\u00e7 \u00fczerine kurdu\u011fu incelikli yolu anla\u015f\u0131l\u0131r bir \u00e7er\u00e7evede sunuyor.Kitap, okuru d\u0131\u015f d\u00fcnyan\u0131n g\u00fcr\u00fclt\u00fcs\u00fcnden uzakla\u015ft\u0131r\u0131p kendi merkezine d\u00f6nmeye \u00e7a\u011f\u0131r\u0131rken, bunu soyut bir mistisizmle de\u011fil; y\u00f6ntem, disiplin ve i\u00e7 g\u00f6zlem \u00fczerinden yap\u0131yor.I\u015f\u0131\u011f\u0131n dola\u015f\u0131m\u0131, nefesin ritmi, i\u00e7 denge ve ruhsal olgunla\u015fma gibi ba\u015fl\u0131klar, metne hem d\u00fc\u015f\u00fcnsel hem de deneyimsel bir derinlik kazand\u0131r\u0131yor.Eserin dikkat \u00e7ekici yanlar\u0131ndan biri de Do\u011fu bilgeli\u011fiyle modern psikolojik bak\u0131\u015f\u0131, \u00f6zellikle Jung\u2019un yorumlar\u0131 arac\u0131l\u0131\u011f\u0131yla, ayn\u0131 zeminde bulu\u015fturmas\u0131.Bu sayede kitap, kadim bir \u00f6\u011fretinin bug\u00fcn\u00fcn insan\u0131 i\u00e7in neden h\u00e2l\u00e2 anlam ta\u015f\u0131d\u0131\u011f\u0131n\u0131 g\u00fc\u00e7l\u00fc bi\u00e7imde hissettiriyor.Kendi zihninin karanl\u0131k noktalar\u0131n\u0131 anlamak, i\u00e7sel s\u00fckuneti geli\u015ftirmek ve bilin\u00e7alt\u0131n\u0131n i\u015fleyi\u015fine daha farkl\u0131 bir yerden bakmak isteyen okurlar i\u00e7in son derece zengin bir kaynak niteli\u011fi ta\u015f\u0131yor.Metin ilerledik\u00e7e okur, manevi geli\u015fimin b\u00fcy\u00fck s\u00f6zlerden \u00e7ok dikkat, sab\u0131r ve s\u00fcreklilik istedi\u011fini de fark ediyor.Ruhsal aray\u0131\u015f, meditasyon, Taoist \u00f6\u011freti ve i\u00e7sel d\u00f6n\u00fc\u015f\u00fcm alanlar\u0131na ilgi duyanlar i\u00e7in bu kitap, y\u00fczeyde kalmayan, derinle\u015fmeye a\u00e7\u0131k bir okuma deneyimi sunuyor.Bu y\u00fczden Alt\u0131n \u00c7i\u00e7e\u011fin S\u0131rr\u0131, bir defa okunup rafa kald\u0131r\u0131lacak bir eser olmaktan \u00e7ok, d\u00f6n\u00fcp yeniden a\u00e7\u0131lacak ve her seferinde ba\u015fka bir kap\u0131 aralayacak g\u00fc\u00e7l\u00fc bir metin olarak dikkat \u00e7ekiyor.<\/p>\n","protected":false},"excerpt":{"rendered":"<p>Alt\u0131n \u00c7i\u00e7e\u011fin S\u0131rr\u0131: Bilin\u00e7alt\u0131n\u0131n Gizemi, insan\u0131n i\u00e7 d\u00fcnyas\u0131na y\u00f6nelmesini, zihnini ar\u0131nd\u0131rmas\u0131n\u0131 ve varl\u0131\u011f\u0131n\u0131n daha derin katmanlar\u0131n\u0131 ke\u015ffetmesini ama\u00e7layan kadim bir bilgelik metni olarak \u00f6ne \u00e7\u0131k\u0131yor.Richard Wilhelm\u2019in<span class=\"excerpt-hellip\"> [\u2026]<\/span><\/p>\n","protected":false},"featured_media":0,"template":"","meta":{"_monsterinsights_skip_tracking":false,"_monsterinsights_sitenote_active":false,"_monsterinsights_sitenote_note":"","_monsterinsights_sitenote_category":0},"product_brand":[],"product_cat":[12364,12376],"product_tag":[],"class_list":{"0":"post-785894","1":"product","2":"type-product","3":"status-publish","5":"product_cat-genel-konular","6":"product_cat-kisisel-gelisim","7":"pa_cilt-ciltsiz","8":"pa_tur-kitap","9":"pa_yayinevi-fa-yayinlari","10":"pa_yazar-richard-wilhelm","12":"first","13":"instock","14":"sale","15":"shipping-taxable","16":"purchasable","17":"product-type-simple"},"_links":{"self":[{"href":"https:\/\/roveyayinevi.com.tr\/index.php\/wp-json\/wp\/v2\/product\/785894","targetHints":{"allow":["GET"]}}],"collection":[{"href":"https:\/\/roveyayinevi.com.tr\/index.php\/wp-json\/wp\/v2\/product"}],"about":[{"href":"https:\/\/roveyayinevi.com.tr\/index.php\/wp-json\/wp\/v2\/types\/product"}],"wp:attachment":[{"href":"https:\/\/roveyayinevi.com.tr\/index.php\/wp-json\/wp\/v2\/media?parent=785894"}],"wp:term":[{"taxonomy":"product_brand","embeddable":true,"href":"https:\/\/roveyayinevi.com.tr\/index.php\/wp-json\/wp\/v2\/product_brand?post=785894"},{"taxonomy":"product_cat","embeddable":true,"href":"https:\/\/roveyayinevi.com.tr\/index.php\/wp-json\/wp\/v2\/product_cat?post=785894"},{"taxonomy":"product_tag","embeddable":true,"href":"https:\/\/roveyayinevi.com.tr\/index.php\/wp-json\/wp\/v2\/product_tag?post=785894"}],"curies":[{"name":"wp","href":"https:\/\/api.w.org\/{rel}","templated":true}]}}