{"id":785886,"date":"2026-04-11T03:51:57","date_gmt":"2026-04-11T00:51:57","guid":{"rendered":"https:\/\/roveyayinevi.com.tr\/index.php\/urun\/aile-psikolojisi\/"},"modified":"2026-04-15T03:49:42","modified_gmt":"2026-04-15T00:49:42","slug":"aile-psikolojisi","status":"publish","type":"product","link":"https:\/\/roveyayinevi.com.tr\/index.php\/urun\/aile-psikolojisi\/","title":{"rendered":"Aile Psikolojisi"},"content":{"rendered":"<p>Aile, insan\u0131n d\u00fcnyayla kurdu\u011fu ilk ba\u011f, kimli\u011finin \u015fekillendi\u011fi ilk alan ve psikolojik iyi olu\u015fun en g\u00fc\u00e7l\u00fc kaynaklar\u0131ndan biridir. Aile Psikolojisi: Kuram, Uygulama ve G\u00fcncel Yakla\u015f\u0131mlar, aileyi yaln\u0131zca geleneksel bir kurum olarak de\u011fil; de\u011fi\u015fen toplum, dijitalle\u015fme, g\u00f6\u00e7, krizler ve yeni ya\u015fam bi\u00e7imleri i\u00e7inde d\u00f6n\u00fc\u015fen canl\u0131 bir sistem olarak ele alan kapsaml\u0131 ve \u00f6zg\u00fcn bir ba\u015fvuru eseridir. Alan\u0131nda uzman akademisyenlerin katk\u0131lar\u0131yla haz\u0131rlanan bu kitap; ba\u011flanmadan aile sistemlerine, evlilikten ebeveynli\u011fe, travmadan ruh sa\u011fl\u0131\u011f\u0131na, ba\u011f\u0131ml\u0131l\u0131klardan sosyal politikalara, dijital ebeveynlikten yapay zek\u00e2n\u0131n aile ya\u015fam\u0131na etkilerine kadar geni\u015f bir yelpazede kuramsal bilgiyi uygulama \u00f6rnekleriyle bulu\u015fturuyor. Bilimsel derinli\u011fi anla\u015f\u0131l\u0131r bir anlat\u0131mla birle\u015ftiren eser; psikologlar, psikolojik dan\u0131\u015fmanlar, sosyal hizmet uzmanlar\u0131, sosyologlar, e\u011fitimciler, \u00f6\u011frenciler ve aileyi daha iyi anlamak isteyen t\u00fcm okurlar i\u00e7in hem akademik bir kaynak hem de ger\u00e7ek ya\u015fam\u0131n karma\u015f\u0131k ili\u015fkilerine \u0131\u015f\u0131k tutan g\u00fc\u00e7l\u00fc bir rehber niteli\u011findedir. G\u00fcn\u00fcm\u00fcz\u00fcn h\u0131zla de\u011fi\u015fen d\u00fcnyas\u0131nda aileyi anlamak, korumak ve g\u00fc\u00e7lendirmek isteyen herkes i\u00e7in bu kitap yaln\u0131zca okunacak bir eser de\u011fil, tekrar tekrar ba\u015fvurulacak bir yol arkada\u015f\u0131 olacakt\u0131r.<\/p>\n","protected":false},"excerpt":{"rendered":"<p>Aile, insan\u0131n d\u00fcnyayla kurdu\u011fu ilk ba\u011f, kimli\u011finin \u015fekillendi\u011fi ilk alan ve psikolojik iyi olu\u015fun en g\u00fc\u00e7l\u00fc kaynaklar\u0131ndan biridir. Aile Psikolojisi: Kuram, Uygulama ve G\u00fcncel Yakla\u015f\u0131mlar, aileyi<span class=\"excerpt-hellip\"> [\u2026]<\/span><\/p>\n","protected":false},"featured_media":0,"template":"","meta":{"_monsterinsights_skip_tracking":false,"_monsterinsights_sitenote_active":false,"_monsterinsights_sitenote_note":"","_monsterinsights_sitenote_category":0},"product_brand":[],"product_cat":[12358,12357],"product_tag":[],"class_list":{"0":"post-785886","1":"product","2":"type-product","3":"status-publish","5":"product_cat-genel-psikoloji","6":"product_cat-psikoloji","7":"pa_cilt-ciltsiz","8":"pa_tur-kitap","9":"pa_yayinevi-kapi-yayinlari","10":"pa_yazar-ekmel-gecer","12":"first","13":"instock","14":"sale","15":"shipping-taxable","16":"purchasable","17":"product-type-simple"},"_links":{"self":[{"href":"https:\/\/roveyayinevi.com.tr\/index.php\/wp-json\/wp\/v2\/product\/785886","targetHints":{"allow":["GET"]}}],"collection":[{"href":"https:\/\/roveyayinevi.com.tr\/index.php\/wp-json\/wp\/v2\/product"}],"about":[{"href":"https:\/\/roveyayinevi.com.tr\/index.php\/wp-json\/wp\/v2\/types\/product"}],"wp:attachment":[{"href":"https:\/\/roveyayinevi.com.tr\/index.php\/wp-json\/wp\/v2\/media?parent=785886"}],"wp:term":[{"taxonomy":"product_brand","embeddable":true,"href":"https:\/\/roveyayinevi.com.tr\/index.php\/wp-json\/wp\/v2\/product_brand?post=785886"},{"taxonomy":"product_cat","embeddable":true,"href":"https:\/\/roveyayinevi.com.tr\/index.php\/wp-json\/wp\/v2\/product_cat?post=785886"},{"taxonomy":"product_tag","embeddable":true,"href":"https:\/\/roveyayinevi.com.tr\/index.php\/wp-json\/wp\/v2\/product_tag?post=785886"}],"curies":[{"name":"wp","href":"https:\/\/api.w.org\/{rel}","templated":true}]}}