{"id":785884,"date":"2026-04-11T03:51:54","date_gmt":"2026-04-11T00:51:54","guid":{"rendered":"https:\/\/roveyayinevi.com.tr\/index.php\/urun\/doll-kara-1\/"},"modified":"2026-04-15T03:49:41","modified_gmt":"2026-04-15T00:49:41","slug":"doll-kara-1","status":"publish","type":"product","link":"https:\/\/roveyayinevi.com.tr\/index.php\/urun\/doll-kara-1\/","title":{"rendered":"Doll Kara &#8211; 1"},"content":{"rendered":"<p>K-1\u2019in efsanevi yap\u0131mc\u0131s\u0131 ve usta karateci \u0130shii Kazuyoshi , hapishanede ge\u00e7irdi\u011fi bir y\u0131l\u0131n ard\u0131ndan tahliye edilir edilmez talihsiz bir kaza ge\u00e7irir. \u00d6lu\u0308m d\u00f6\u015fe\u011finde kar\u015f\u0131s\u0131na \u00e7\u0131kan gizemli bir kedi, ona \u015fa\u015f\u0131rt\u0131c\u0131 bir teklifle yakla\u015f\u0131r. Yard\u0131m\u0131na kar\u015f\u0131l\u0131k hayatta ikinci bir \u015fans\u2026 Ne oldu\u011funu dahi kavrayamadan son nefesini veren \u0130shii, g\u00f6zlerini a\u00e7t\u0131\u011f\u0131nda kendini 17 ya\u015f\u0131ndaki Kei \u0130chinose \u2019nin bedeninde bulur. Kei, ailesinin i\u015fletti\u011fi karate dojosuyla ilgili bir sebepten \u00f6tu\u0308ru\u0308 ya\u015fam\u0131na son vermi\u015ftir. Kei\u2019nin hayat\u0131na nas\u0131l son verdi\u011fini \u00f6\u011frenen \u0130shii, \u015fimdi hem onun yar\u0131m kalan hayallerini devral\u0131r hem de y\u0131llard\u0131r ayakta kalma mu\u0308cadelesi veren dojonun kaderini s\u0131rtlan\u0131r. Fakat karate du\u0308nyas\u0131n\u0131n her \u015feyini bilen \u0130shii\u2019nin plan\u0131 \u00e7oktan haz\u0131rd\u0131r. Modern karatenin \u00e7\u0131\u011f\u0131r a\u00e7aca\u011f\u0131 bir d\u00f6neme haz\u0131r olun!<\/p>\n","protected":false},"excerpt":{"rendered":"<p>K-1\u2019in efsanevi yap\u0131mc\u0131s\u0131 ve usta karateci \u0130shii Kazuyoshi , hapishanede ge\u00e7irdi\u011fi bir y\u0131l\u0131n ard\u0131ndan tahliye edilir edilmez talihsiz bir kaza ge\u00e7irir. \u00d6lu\u0308m d\u00f6\u015fe\u011finde kar\u015f\u0131s\u0131na \u00e7\u0131kan gizemli<span class=\"excerpt-hellip\"> [\u2026]<\/span><\/p>\n","protected":false},"featured_media":0,"template":"","meta":{"_monsterinsights_skip_tracking":false,"_monsterinsights_sitenote_active":false,"_monsterinsights_sitenote_note":"","_monsterinsights_sitenote_category":0},"product_brand":[],"product_cat":[12416,12291],"product_tag":[],"class_list":{"0":"post-785884","1":"product","2":"type-product","3":"status-publish","5":"product_cat-cizgi-roman","6":"product_cat-edebiyat","7":"pa_cilt-ciltsiz","8":"pa_tur-kitap","9":"pa_yayinevi-tokyo-manga","10":"pa_yazar-kazuyoshi-ishii","12":"first","13":"instock","14":"sale","15":"shipping-taxable","16":"purchasable","17":"product-type-simple"},"_links":{"self":[{"href":"https:\/\/roveyayinevi.com.tr\/index.php\/wp-json\/wp\/v2\/product\/785884","targetHints":{"allow":["GET"]}}],"collection":[{"href":"https:\/\/roveyayinevi.com.tr\/index.php\/wp-json\/wp\/v2\/product"}],"about":[{"href":"https:\/\/roveyayinevi.com.tr\/index.php\/wp-json\/wp\/v2\/types\/product"}],"wp:attachment":[{"href":"https:\/\/roveyayinevi.com.tr\/index.php\/wp-json\/wp\/v2\/media?parent=785884"}],"wp:term":[{"taxonomy":"product_brand","embeddable":true,"href":"https:\/\/roveyayinevi.com.tr\/index.php\/wp-json\/wp\/v2\/product_brand?post=785884"},{"taxonomy":"product_cat","embeddable":true,"href":"https:\/\/roveyayinevi.com.tr\/index.php\/wp-json\/wp\/v2\/product_cat?post=785884"},{"taxonomy":"product_tag","embeddable":true,"href":"https:\/\/roveyayinevi.com.tr\/index.php\/wp-json\/wp\/v2\/product_tag?post=785884"}],"curies":[{"name":"wp","href":"https:\/\/api.w.org\/{rel}","templated":true}]}}