{"id":785882,"date":"2026-04-11T03:51:51","date_gmt":"2026-04-11T00:51:51","guid":{"rendered":"https:\/\/roveyayinevi.com.tr\/index.php\/urun\/cep-sudoku-3\/"},"modified":"2026-04-15T03:49:41","modified_gmt":"2026-04-15T00:49:41","slug":"cep-sudoku-3","status":"publish","type":"product","link":"https:\/\/roveyayinevi.com.tr\/index.php\/urun\/cep-sudoku-3\/","title":{"rendered":"Cep Sudoku &#8211; 3"},"content":{"rendered":"<p>Sudoku tutkunlar\u0131 i\u00e7in tasarlanm\u0131\u015f yepyeni bir seri:Cep Sudoku. K\u00fc\u00e7\u00fck boyut, b\u00fcy\u00fck meydan okuma!G\u00fcn i\u00e7inde k\u0131sa bir mola vermek, yolculukta zihninizi din\u00e7 tutmak ya da her g\u00fcn kendinize k\u00fc\u00e7\u00fck bir hedef koymak i\u00e7in ideal bir yol arkada\u015f\u0131. Toplam 174 bulmacayla ister temel tekniklerinizi peki\u015ftirin ister s\u0131n\u0131rlar\u0131n\u0131z\u0131 zorlay\u0131n. Her seviyede net, okunakl\u0131 ve sade tasarlanm\u0131\u015f sayfalar sayesinde dikkatiniz yaln\u0131zca rakamlarda olacak. Sudoku\u2019nun k\u00f6keni 18. y\u00fczy\u0131lda Leonhard Euler\u2019in geli\u015ftirdi\u011fi \u201cLatin kareleri\u201dne kadar uzan\u0131r. Modern sudoku ise 1979\u2019da ABD\u2019de yay\u0131mlanm\u0131\u015f, as\u0131l b\u00fcy\u00fck pop\u00fclerli\u011fini 1980\u2019lerde Japonya\u2019da kazanm\u0131\u015ft\u0131r. Ad\u0131n\u0131 da Japonca \u201cSuji wa dokushin ni kagiru\u201d (rakamlar tek olmal\u0131) ifadesinden al\u0131r. Bug\u00fcn sudoku, d\u00fcnyan\u0131n d\u00f6rt bir yan\u0131nda milyonlarca insan\u0131n vazge\u00e7ilmez zihin egzersizidir.<\/p>\n","protected":false},"excerpt":{"rendered":"<p>Sudoku tutkunlar\u0131 i\u00e7in tasarlanm\u0131\u015f yepyeni bir seri:Cep Sudoku. K\u00fc\u00e7\u00fck boyut, b\u00fcy\u00fck meydan okuma!G\u00fcn i\u00e7inde k\u0131sa bir mola vermek, yolculukta zihninizi din\u00e7 tutmak ya da her g\u00fcn<span class=\"excerpt-hellip\"> [\u2026]<\/span><\/p>\n","protected":false},"featured_media":0,"template":"","meta":{"_monsterinsights_skip_tracking":false,"_monsterinsights_sitenote_active":false,"_monsterinsights_sitenote_note":"","_monsterinsights_sitenote_category":0},"product_brand":[],"product_cat":[16943,15563],"product_tag":[],"class_list":{"0":"post-785882","1":"product","2":"type-product","3":"status-publish","5":"product_cat-bilmeceler-bulmacalar","6":"product_cat-hobi","7":"pa_cilt-ciltsiz","8":"pa_tur-kitap","9":"pa_yayinevi-bks-etkinlik-yayinlari","10":"pa_yazar-mekin-gani-pehlivan","12":"first","13":"instock","14":"sale","15":"shipping-taxable","16":"purchasable","17":"product-type-simple"},"_links":{"self":[{"href":"https:\/\/roveyayinevi.com.tr\/index.php\/wp-json\/wp\/v2\/product\/785882","targetHints":{"allow":["GET"]}}],"collection":[{"href":"https:\/\/roveyayinevi.com.tr\/index.php\/wp-json\/wp\/v2\/product"}],"about":[{"href":"https:\/\/roveyayinevi.com.tr\/index.php\/wp-json\/wp\/v2\/types\/product"}],"wp:attachment":[{"href":"https:\/\/roveyayinevi.com.tr\/index.php\/wp-json\/wp\/v2\/media?parent=785882"}],"wp:term":[{"taxonomy":"product_brand","embeddable":true,"href":"https:\/\/roveyayinevi.com.tr\/index.php\/wp-json\/wp\/v2\/product_brand?post=785882"},{"taxonomy":"product_cat","embeddable":true,"href":"https:\/\/roveyayinevi.com.tr\/index.php\/wp-json\/wp\/v2\/product_cat?post=785882"},{"taxonomy":"product_tag","embeddable":true,"href":"https:\/\/roveyayinevi.com.tr\/index.php\/wp-json\/wp\/v2\/product_tag?post=785882"}],"curies":[{"name":"wp","href":"https:\/\/api.w.org\/{rel}","templated":true}]}}