{"id":785881,"date":"2026-04-11T03:51:48","date_gmt":"2026-04-11T00:51:48","guid":{"rendered":"https:\/\/roveyayinevi.com.tr\/index.php\/urun\/her-seyi-savustur-1\/"},"modified":"2026-04-15T03:49:41","modified_gmt":"2026-04-15T00:49:41","slug":"her-seyi-savustur-1","status":"publish","type":"product","link":"https:\/\/roveyayinevi.com.tr\/index.php\/urun\/her-seyi-savustur-1\/","title":{"rendered":"Her \u015eeyi Savu\u015ftur &#8211; 1"},"content":{"rendered":"<p>Hayranl\u0131k duydu\u011fu macerac\u0131l\u0131k mesle\u011fini yapabilmek i\u00e7in durmaks\u0131z\u0131n antrenman yapan Noor, sahip oldu\u011fu du\u0308\u015fu\u0308k seviye beceri \u201cSavu\u015ftur\u201d ile binlerce k\u0131l\u0131c\u0131 geri sektirebilecek gu\u0308ce ula\u015fm\u0131\u015ft\u0131r! Ancak ne kadar \u00e7abalarsa \u00e7abalas\u0131n, du\u0308\u015fu\u0308k seviyenin u\u0308zerinde beceriler \u00f6\u011frenemez. Her \u015feye ra\u011fmen resmi bir macerac\u0131 olma hayalinden asla vazge\u00e7mez. Gu\u0308nlerini \u015fehirde ayak i\u015fleri yaparak ge\u00e7irirken e\u011fitimini de aksatmaz. Fakat fark\u0131nda bile olmad\u0131\u011f\u0131 insanu\u0308stu\u0308 gu\u0308cu\u0308, onu bir gu\u0308n u\u0308lkeyi sarmaya ba\u015flayan bu\u0308yu\u0308k komplonun i\u00e7ine su\u0308ru\u0308kleyecektir. \u201cKADER, EN \u00c7OK VAZGE\u00c7MEYENLER\u0130 SINAR.\u201d \u201cBen de i\u015fe yarar bir macerac\u0131 olabilir miyim?\u201d Mu\u0308tevaz\u0131 bir adam\u0131n macerac\u0131l\u0131\u011fa uzanan seru\u0308veni ba\u015fl\u0131yor!<\/p>\n","protected":false},"excerpt":{"rendered":"<p>Hayranl\u0131k duydu\u011fu macerac\u0131l\u0131k mesle\u011fini yapabilmek i\u00e7in durmaks\u0131z\u0131n antrenman yapan Noor, sahip oldu\u011fu du\u0308\u015fu\u0308k seviye beceri \u201cSavu\u015ftur\u201d ile binlerce k\u0131l\u0131c\u0131 geri sektirebilecek gu\u0308ce ula\u015fm\u0131\u015ft\u0131r! Ancak ne kadar<span class=\"excerpt-hellip\"> [\u2026]<\/span><\/p>\n","protected":false},"featured_media":0,"template":"","meta":{"_monsterinsights_skip_tracking":false,"_monsterinsights_sitenote_active":false,"_monsterinsights_sitenote_note":"","_monsterinsights_sitenote_category":0},"product_brand":[],"product_cat":[12416,12291],"product_tag":[],"class_list":{"0":"post-785881","1":"product","2":"type-product","3":"status-publish","5":"product_cat-cizgi-roman","6":"product_cat-edebiyat","7":"pa_cilt-ciltsiz","8":"pa_tur-kitap","9":"pa_yayinevi-tokyo-manga","10":"pa_yazar-kawaguchi","11":"pa_yazar-nabeshiki","13":"first","14":"instock","15":"sale","16":"shipping-taxable","17":"purchasable","18":"product-type-simple"},"_links":{"self":[{"href":"https:\/\/roveyayinevi.com.tr\/index.php\/wp-json\/wp\/v2\/product\/785881","targetHints":{"allow":["GET"]}}],"collection":[{"href":"https:\/\/roveyayinevi.com.tr\/index.php\/wp-json\/wp\/v2\/product"}],"about":[{"href":"https:\/\/roveyayinevi.com.tr\/index.php\/wp-json\/wp\/v2\/types\/product"}],"wp:attachment":[{"href":"https:\/\/roveyayinevi.com.tr\/index.php\/wp-json\/wp\/v2\/media?parent=785881"}],"wp:term":[{"taxonomy":"product_brand","embeddable":true,"href":"https:\/\/roveyayinevi.com.tr\/index.php\/wp-json\/wp\/v2\/product_brand?post=785881"},{"taxonomy":"product_cat","embeddable":true,"href":"https:\/\/roveyayinevi.com.tr\/index.php\/wp-json\/wp\/v2\/product_cat?post=785881"},{"taxonomy":"product_tag","embeddable":true,"href":"https:\/\/roveyayinevi.com.tr\/index.php\/wp-json\/wp\/v2\/product_tag?post=785881"}],"curies":[{"name":"wp","href":"https:\/\/api.w.org\/{rel}","templated":true}]}}