{"id":785878,"date":"2026-04-11T03:51:42","date_gmt":"2026-04-11T00:51:42","guid":{"rendered":"https:\/\/roveyayinevi.com.tr\/index.php\/urun\/degerler-egitimi-prens-ve-prensesler-icin\/"},"modified":"2026-04-15T03:49:39","modified_gmt":"2026-04-15T00:49:39","slug":"degerler-egitimi-prens-ve-prensesler-icin","status":"publish","type":"product","link":"https:\/\/roveyayinevi.com.tr\/index.php\/urun\/degerler-egitimi-prens-ve-prensesler-icin\/","title":{"rendered":"De\u011ferler E\u011fitimi &#8211; Prens ve Prensesler \u0130\u00e7in"},"content":{"rendered":"<p>Da\u011flar kadar b\u00fcy\u00fck, korkun\u00e7 bir ejderha\u2026 Onu minik bir kavanoz \u00e7ilek re\u00e7eliyle yenebilece\u011fine inanan iki k\u00fc\u00e7\u00fck \u00e7ocuk\u2026 Ayr\u0131ca sevimsiz bir cad\u0131. Bu macera ger\u00e7ek hayat ve masal d\u00fcnyas\u0131n\u0131n kap\u0131lar\u0131n\u0131 aral\u0131yor. K\u00fc\u00e7\u00fck kral ve krali\u00e7e Melisa \u00e7\u0131kt\u0131klar\u0131 tehlikeli, gizemli ve tuhaf yolculukta d\u00fcr\u00fcstl\u00fck, iyilik, sevgi, adalet, sab\u0131r, sayg\u0131, g\u00fcven, \u00f6zg\u00fcven, cesaret, dostluk ve payla\u015fma gibi de\u011ferlerle y\u00fczle\u015fiyor. K\u00fc\u00e7\u00fck kral\u0131n ger\u00e7ek hayatta ya\u015fad\u0131klar\u0131 da insani de\u011ferlerin yaln\u0131zca masallarda anlat\u0131lan \u015feyler olmad\u0131\u011f\u0131n\u0131 g\u00f6steriyor bize.<\/p>\n","protected":false},"excerpt":{"rendered":"<p>Da\u011flar kadar b\u00fcy\u00fck, korkun\u00e7 bir ejderha\u2026 Onu minik bir kavanoz \u00e7ilek re\u00e7eliyle yenebilece\u011fine inanan iki k\u00fc\u00e7\u00fck \u00e7ocuk\u2026 Ayr\u0131ca sevimsiz bir cad\u0131. Bu macera ger\u00e7ek hayat ve<span class=\"excerpt-hellip\"> [\u2026]<\/span><\/p>\n","protected":false},"featured_media":0,"template":"","meta":{"_monsterinsights_skip_tracking":false,"_monsterinsights_sitenote_active":false,"_monsterinsights_sitenote_note":"","_monsterinsights_sitenote_category":0},"product_brand":[],"product_cat":[12274,12284],"product_tag":[],"class_list":{"0":"post-785878","1":"product","2":"type-product","3":"status-publish","5":"product_cat-cocuk-ve-genclik-kitaplari","6":"product_cat-hikayeler","7":"pa_cilt-ciltsiz","8":"pa_tur-kitap","9":"pa_yayinevi-epsilon-yayinlari","10":"pa_yazar-rifat-batur","12":"first","13":"instock","14":"sale","15":"shipping-taxable","16":"purchasable","17":"product-type-simple"},"_links":{"self":[{"href":"https:\/\/roveyayinevi.com.tr\/index.php\/wp-json\/wp\/v2\/product\/785878","targetHints":{"allow":["GET"]}}],"collection":[{"href":"https:\/\/roveyayinevi.com.tr\/index.php\/wp-json\/wp\/v2\/product"}],"about":[{"href":"https:\/\/roveyayinevi.com.tr\/index.php\/wp-json\/wp\/v2\/types\/product"}],"wp:attachment":[{"href":"https:\/\/roveyayinevi.com.tr\/index.php\/wp-json\/wp\/v2\/media?parent=785878"}],"wp:term":[{"taxonomy":"product_brand","embeddable":true,"href":"https:\/\/roveyayinevi.com.tr\/index.php\/wp-json\/wp\/v2\/product_brand?post=785878"},{"taxonomy":"product_cat","embeddable":true,"href":"https:\/\/roveyayinevi.com.tr\/index.php\/wp-json\/wp\/v2\/product_cat?post=785878"},{"taxonomy":"product_tag","embeddable":true,"href":"https:\/\/roveyayinevi.com.tr\/index.php\/wp-json\/wp\/v2\/product_tag?post=785878"}],"curies":[{"name":"wp","href":"https:\/\/api.w.org\/{rel}","templated":true}]}}