{"id":785874,"date":"2026-04-11T03:51:35","date_gmt":"2026-04-11T00:51:35","guid":{"rendered":"https:\/\/roveyayinevi.com.tr\/index.php\/urun\/ali-nazik\/"},"modified":"2026-04-15T03:49:39","modified_gmt":"2026-04-15T00:49:39","slug":"ali-nazik","status":"publish","type":"product","link":"https:\/\/roveyayinevi.com.tr\/index.php\/urun\/ali-nazik\/","title":{"rendered":"Ali Nazik"},"content":{"rendered":"<p>Bir \u00f6z\u00fcr dilememek i\u00e7in k\u0131rk takla atanlar\u0131n d\u00fcnyas\u0131&#8230; Neden, diye d\u00fc\u015f\u00fcnd\u00fc Ali Nazik. Bir ba\u015fkas\u0131ndan \u00f6z\u00fcr dilemek, hata yapt\u0131\u011f\u0131n\u0131 d\u00fc\u015f\u00fcnd\u00fc\u011f\u00fcnde bir ad\u0131m atabilmek, birilerine yard\u0131m etmek, nazik olabilmek&#8230; Bunun nesi k\u00f6t\u00fc olabilirdi?Ali Nazik, Bela H\u00fcsn\u00fc, \u00c7i\u00e7ek, Aysel, Vefa, Hasan, Hazan, Zamir ve Munis \u00f6\u011fretmen&#8230; Onlar\u0131 bir araya getiren \u015fans de\u011fildi; iyi kalpli kalabilmeleriydi. Birbirlerine s\u0131ms\u0131k\u0131 tutunmu\u015f ve umudun yakas\u0131n\u0131 bir an olsun b\u0131rakmam\u0131\u015flar\u0131n \u0130NCEL\u0130KL\u0130 hik\u00e2yesi&#8230;<\/p>\n","protected":false},"excerpt":{"rendered":"<p>Bir \u00f6z\u00fcr dilememek i\u00e7in k\u0131rk takla atanlar\u0131n d\u00fcnyas\u0131&#8230; Neden, diye d\u00fc\u015f\u00fcnd\u00fc Ali Nazik. Bir ba\u015fkas\u0131ndan \u00f6z\u00fcr dilemek, hata yapt\u0131\u011f\u0131n\u0131 d\u00fc\u015f\u00fcnd\u00fc\u011f\u00fcnde bir ad\u0131m atabilmek, birilerine yard\u0131m etmek,<span class=\"excerpt-hellip\"> [\u2026]<\/span><\/p>\n","protected":false},"featured_media":0,"template":"","meta":{"_monsterinsights_skip_tracking":false,"_monsterinsights_sitenote_active":false,"_monsterinsights_sitenote_note":"","_monsterinsights_sitenote_category":0},"product_brand":[],"product_cat":[141304],"product_tag":[],"class_list":{"0":"post-785874","1":"product","2":"type-product","3":"status-publish","5":"product_cat-yeni-cikanlar","6":"pa_cilt-ciltsiz","7":"pa_tur-kitap","8":"pa_yayinevi-genc-timas","9":"pa_yazar-anil-basili","11":"first","12":"instock","13":"sale","14":"shipping-taxable","15":"purchasable","16":"product-type-simple"},"_links":{"self":[{"href":"https:\/\/roveyayinevi.com.tr\/index.php\/wp-json\/wp\/v2\/product\/785874","targetHints":{"allow":["GET"]}}],"collection":[{"href":"https:\/\/roveyayinevi.com.tr\/index.php\/wp-json\/wp\/v2\/product"}],"about":[{"href":"https:\/\/roveyayinevi.com.tr\/index.php\/wp-json\/wp\/v2\/types\/product"}],"wp:attachment":[{"href":"https:\/\/roveyayinevi.com.tr\/index.php\/wp-json\/wp\/v2\/media?parent=785874"}],"wp:term":[{"taxonomy":"product_brand","embeddable":true,"href":"https:\/\/roveyayinevi.com.tr\/index.php\/wp-json\/wp\/v2\/product_brand?post=785874"},{"taxonomy":"product_cat","embeddable":true,"href":"https:\/\/roveyayinevi.com.tr\/index.php\/wp-json\/wp\/v2\/product_cat?post=785874"},{"taxonomy":"product_tag","embeddable":true,"href":"https:\/\/roveyayinevi.com.tr\/index.php\/wp-json\/wp\/v2\/product_tag?post=785874"}],"curies":[{"name":"wp","href":"https:\/\/api.w.org\/{rel}","templated":true}]}}