{"id":785872,"date":"2026-04-11T03:51:31","date_gmt":"2026-04-11T00:51:31","guid":{"rendered":"https:\/\/roveyayinevi.com.tr\/index.php\/urun\/cagatay-edebiyati-antolojisi-gazeller\/"},"modified":"2026-04-15T03:49:39","modified_gmt":"2026-04-15T00:49:39","slug":"cagatay-edebiyati-antolojisi-gazeller","status":"publish","type":"product","link":"https:\/\/roveyayinevi.com.tr\/index.php\/urun\/cagatay-edebiyati-antolojisi-gazeller\/","title":{"rendered":"\u00c7a\u011fatay Edebiyat\u0131 Antolojisi &#8211; Gazeller"},"content":{"rendered":"<p>Edebiyat Serisi\u00c7a\u011fatay Edebiyat\u0131n\u0131n se\u00e7kin \u015fairlerine ait gazelleri merkeze alan bu eser, \u00c7a\u011fatay T\u00fcrk\u00e7esiyle kaleme al\u0131nm\u0131\u015f \u015fiirlerin dil \u00f6zelliklerini ve anlam d\u00fcnyas\u0131n\u0131 g\u00fcn\u00fcm\u00fcz okuruna ula\u015ft\u0131rmay\u0131 hedefleyen titiz bir \u00e7al\u0131\u015fman\u0131n \u00f6rne\u011fidir.Farkl\u0131 disiplinlerden ara\u015ft\u0131rmac\u0131lar\u0131n katk\u0131s\u0131yla haz\u0131rlanan eserde \u00c7a\u011fatay sahas\u0131 ile Osmanl\u0131 divan gelene\u011fi aras\u0131ndaki m\u00fc\u015fterek y\u00f6nler de ortaya konulmaktad\u0131r.\u00c7a\u011fatay T\u00fcrk\u00e7esinin s\u00f6z varl\u0131\u011f\u0131n\u0131 ve dil \u00f6zelliklerini b\u00fct\u00fcnc\u00fcl bir yakla\u015f\u0131mla ele alan bu kitap; T\u00fcrk dili ve edebiyat\u0131 ara\u015ft\u0131rmac\u0131lar\u0131, lisans ve lisans\u00fcst\u00fc \u00f6\u011frencileri ile klasik T\u00fcrk \u015fiiri \u00fczerine \u00e7al\u0131\u015fan okurlar i\u00e7in g\u00fcvenilir bir ba\u015fvuru kayna\u011f\u0131 niteli\u011fi ta\u015f\u0131maktad\u0131r.<\/p>\n","protected":false},"excerpt":{"rendered":"<p>Edebiyat Serisi\u00c7a\u011fatay Edebiyat\u0131n\u0131n se\u00e7kin \u015fairlerine ait gazelleri merkeze alan bu eser, \u00c7a\u011fatay T\u00fcrk\u00e7esiyle kaleme al\u0131nm\u0131\u015f \u015fiirlerin dil \u00f6zelliklerini ve anlam d\u00fcnyas\u0131n\u0131 g\u00fcn\u00fcm\u00fcz okuruna ula\u015ft\u0131rmay\u0131 hedefleyen titiz<span class=\"excerpt-hellip\"> [\u2026]<\/span><\/p>\n","protected":false},"featured_media":0,"template":"","meta":{"_monsterinsights_skip_tracking":false,"_monsterinsights_sitenote_active":false,"_monsterinsights_sitenote_note":"","_monsterinsights_sitenote_category":0},"product_brand":[],"product_cat":[14060,12291],"product_tag":[],"class_list":{"0":"post-785872","1":"product","2":"type-product","3":"status-publish","5":"product_cat-antoloji","6":"product_cat-edebiyat","7":"pa_cilt-ciltsiz","8":"pa_tur-kitap","9":"pa_yayinevi-bogazici-universitesi-yayinevi","10":"pa_yazar-zuhal-olmez","12":"first","13":"instock","14":"sale","15":"shipping-taxable","16":"purchasable","17":"product-type-simple"},"_links":{"self":[{"href":"https:\/\/roveyayinevi.com.tr\/index.php\/wp-json\/wp\/v2\/product\/785872","targetHints":{"allow":["GET"]}}],"collection":[{"href":"https:\/\/roveyayinevi.com.tr\/index.php\/wp-json\/wp\/v2\/product"}],"about":[{"href":"https:\/\/roveyayinevi.com.tr\/index.php\/wp-json\/wp\/v2\/types\/product"}],"wp:attachment":[{"href":"https:\/\/roveyayinevi.com.tr\/index.php\/wp-json\/wp\/v2\/media?parent=785872"}],"wp:term":[{"taxonomy":"product_brand","embeddable":true,"href":"https:\/\/roveyayinevi.com.tr\/index.php\/wp-json\/wp\/v2\/product_brand?post=785872"},{"taxonomy":"product_cat","embeddable":true,"href":"https:\/\/roveyayinevi.com.tr\/index.php\/wp-json\/wp\/v2\/product_cat?post=785872"},{"taxonomy":"product_tag","embeddable":true,"href":"https:\/\/roveyayinevi.com.tr\/index.php\/wp-json\/wp\/v2\/product_tag?post=785872"}],"curies":[{"name":"wp","href":"https:\/\/api.w.org\/{rel}","templated":true}]}}