{"id":785870,"date":"2026-04-11T03:51:28","date_gmt":"2026-04-11T00:51:28","guid":{"rendered":"https:\/\/roveyayinevi.com.tr\/index.php\/urun\/akdenizin-iki-ucunda\/"},"modified":"2026-04-15T03:49:39","modified_gmt":"2026-04-15T00:49:39","slug":"akdenizin-iki-ucunda","status":"publish","type":"product","link":"https:\/\/roveyayinevi.com.tr\/index.php\/urun\/akdenizin-iki-ucunda\/","title":{"rendered":"Akdeniz&#8217;in \u0130ki Ucunda"},"content":{"rendered":"<p>Modern Tarih SerisiElinizdeki kitap, T\u00fcrkiye ile \u0130spanya aras\u0131ndaki diplomatik, siyasal ve k\u00fclt\u00fcrel ba\u011flar\u0131 zengin bir ar\u015fiv \u00e7al\u0131\u015fmas\u0131na dayanarak ele almaktad\u0131r. T\u00fcrk ve \u0130spanyol gazeteleri ile el\u00e7ilik raporlar\u0131n\u0131 merkeze alan bu \u00e7al\u0131\u015fma, iki \u00fclkenin kar\u015f\u0131l\u0131kl\u0131 ili\u015fkisini ve diplomatik giri\u015fimlerini ortaya koymaktad\u0131r.Akdeniz&#8217;in iki ucundaki bu iki \u00fclkenin krizler ve d\u00f6n\u00fc\u015f\u00fcmlerle \u015fekillenen temaslar\u0131na odaklanana bu eser, diplomasi tarihi, uluslararas\u0131 ili\u015fkiler ve Cumhuriyet d\u00f6nemi d\u0131\u015f politikas\u0131 \u00fczerine \u00f6nemli bir ba\u015fvuru kayna\u011f\u0131d\u0131r.<\/p>\n","protected":false},"excerpt":{"rendered":"<p>Modern Tarih SerisiElinizdeki kitap, T\u00fcrkiye ile \u0130spanya aras\u0131ndaki diplomatik, siyasal ve k\u00fclt\u00fcrel ba\u011flar\u0131 zengin bir ar\u015fiv \u00e7al\u0131\u015fmas\u0131na dayanarak ele almaktad\u0131r. T\u00fcrk ve \u0130spanyol gazeteleri ile el\u00e7ilik<span class=\"excerpt-hellip\"> [\u2026]<\/span><\/p>\n","protected":false},"featured_media":0,"template":"","meta":{"_monsterinsights_skip_tracking":false,"_monsterinsights_sitenote_active":false,"_monsterinsights_sitenote_note":"","_monsterinsights_sitenote_category":0},"product_brand":[],"product_cat":[141304],"product_tag":[],"class_list":{"0":"post-785870","1":"product","2":"type-product","3":"status-publish","5":"product_cat-yeni-cikanlar","6":"pa_cilt-ciltsiz","7":"pa_tur-kitap","8":"pa_yayinevi-bogazici-universitesi-yayinevi","9":"pa_yazar-berksan-gulsoy","11":"first","12":"instock","13":"sale","14":"shipping-taxable","15":"purchasable","16":"product-type-simple"},"_links":{"self":[{"href":"https:\/\/roveyayinevi.com.tr\/index.php\/wp-json\/wp\/v2\/product\/785870","targetHints":{"allow":["GET"]}}],"collection":[{"href":"https:\/\/roveyayinevi.com.tr\/index.php\/wp-json\/wp\/v2\/product"}],"about":[{"href":"https:\/\/roveyayinevi.com.tr\/index.php\/wp-json\/wp\/v2\/types\/product"}],"wp:attachment":[{"href":"https:\/\/roveyayinevi.com.tr\/index.php\/wp-json\/wp\/v2\/media?parent=785870"}],"wp:term":[{"taxonomy":"product_brand","embeddable":true,"href":"https:\/\/roveyayinevi.com.tr\/index.php\/wp-json\/wp\/v2\/product_brand?post=785870"},{"taxonomy":"product_cat","embeddable":true,"href":"https:\/\/roveyayinevi.com.tr\/index.php\/wp-json\/wp\/v2\/product_cat?post=785870"},{"taxonomy":"product_tag","embeddable":true,"href":"https:\/\/roveyayinevi.com.tr\/index.php\/wp-json\/wp\/v2\/product_tag?post=785870"}],"curies":[{"name":"wp","href":"https:\/\/api.w.org\/{rel}","templated":true}]}}