{"id":785869,"date":"2026-04-11T03:51:26","date_gmt":"2026-04-11T00:51:26","guid":{"rendered":"https:\/\/roveyayinevi.com.tr\/index.php\/urun\/metaforun-dogasi\/"},"modified":"2026-04-15T03:49:39","modified_gmt":"2026-04-15T00:49:39","slug":"metaforun-dogasi","status":"publish","type":"product","link":"https:\/\/roveyayinevi.com.tr\/index.php\/urun\/metaforun-dogasi\/","title":{"rendered":"Metaforun Do\u011fas\u0131"},"content":{"rendered":"<p>Edebiyat SerisiMetaforlar sadece s\u00fcsl\u00fc edebi ara\u00e7lar de\u011fildir; ayn\u0131 zamanda d\u00fc\u015f\u00fcnme bi\u00e7imimizin temel ta\u015flar\u0131d\u0131r.George Lakoff ile Mark Turner, bu \u00e7\u0131\u011f\u0131r a\u00e7\u0131c\u0131 eserlerinde \u015fiirsel metaforun g\u00fcc\u00fcn\u00fc ve onun insan zihnindeki ve lisan\u0131ndaki derin k\u00f6klerini ke\u015ffe \u00e7\u0131k\u0131yorlar. Metaforun Do\u011fas\u0131, dilin nas\u0131l i\u015fledi\u011fini, metaforlar\u0131n hem \u015fiirde hem de g\u00fcndelik ya\u015famda oynad\u0131\u011f\u0131 \u015fekillendirici rol\u00fc g\u00f6zler \u00f6n\u00fcne seriyor. Emily Dickinson&#8217;dan Shakespeare\u2019e, Dante\u2019den T.S. Eliot\u2019a kadar pek \u00e7ok b\u00fcy\u00fck \u015fairin g\u00f6rkemli dizelerini inceleyerek derinlemesine analiz eden bu eser, \u00f6l\u00fcm, zaman, hayat gibi \u00e7e\u015fitli soyut kavramlar\u0131 alg\u0131lay\u0131\u015f\u0131m\u0131z\u0131n temelinde yatan metaforik yap\u0131lar\u0131, ortaya koydu\u011fu metafor kuram\u0131 do\u011frultusunda a\u00e7\u0131\u011fa \u00e7\u0131kar\u0131yor. G\u00fcndelik dilimizin fark\u0131nda bile olmadan nas\u0131l metaforlarla \u00f6r\u00fcl\u00fc oldu\u011funu okurun dikkatine sunan bu kitap, edebiyatseverler, edebiyat ve \u015fiir kuramc\u0131lar\u0131, dilbilimciler, felsefeciler ve bili\u015fsel bilimlere ilgi duyan t\u00fcm okurlar i\u00e7in ufuk a\u00e7\u0131c\u0131 bir rehber niteli\u011findedir.<\/p>\n","protected":false},"excerpt":{"rendered":"<p>Edebiyat SerisiMetaforlar sadece s\u00fcsl\u00fc edebi ara\u00e7lar de\u011fildir; ayn\u0131 zamanda d\u00fc\u015f\u00fcnme bi\u00e7imimizin temel ta\u015flar\u0131d\u0131r.George Lakoff ile Mark Turner, bu \u00e7\u0131\u011f\u0131r a\u00e7\u0131c\u0131 eserlerinde \u015fiirsel metaforun g\u00fcc\u00fcn\u00fc ve onun<span class=\"excerpt-hellip\"> [\u2026]<\/span><\/p>\n","protected":false},"featured_media":0,"template":"","meta":{"_monsterinsights_skip_tracking":false,"_monsterinsights_sitenote_active":false,"_monsterinsights_sitenote_note":"","_monsterinsights_sitenote_category":0},"product_brand":[],"product_cat":[13072,12291],"product_tag":[],"class_list":{"0":"post-785869","1":"product","2":"type-product","3":"status-publish","5":"product_cat-arastirma-inceleme-referans","6":"product_cat-edebiyat","7":"pa_cilt-ciltsiz","8":"pa_tur-kitap","9":"pa_yayinevi-bogazici-universitesi-yayinevi","10":"pa_yazar-george-lakoff","12":"first","13":"instock","14":"sale","15":"shipping-taxable","16":"purchasable","17":"product-type-simple"},"_links":{"self":[{"href":"https:\/\/roveyayinevi.com.tr\/index.php\/wp-json\/wp\/v2\/product\/785869","targetHints":{"allow":["GET"]}}],"collection":[{"href":"https:\/\/roveyayinevi.com.tr\/index.php\/wp-json\/wp\/v2\/product"}],"about":[{"href":"https:\/\/roveyayinevi.com.tr\/index.php\/wp-json\/wp\/v2\/types\/product"}],"wp:attachment":[{"href":"https:\/\/roveyayinevi.com.tr\/index.php\/wp-json\/wp\/v2\/media?parent=785869"}],"wp:term":[{"taxonomy":"product_brand","embeddable":true,"href":"https:\/\/roveyayinevi.com.tr\/index.php\/wp-json\/wp\/v2\/product_brand?post=785869"},{"taxonomy":"product_cat","embeddable":true,"href":"https:\/\/roveyayinevi.com.tr\/index.php\/wp-json\/wp\/v2\/product_cat?post=785869"},{"taxonomy":"product_tag","embeddable":true,"href":"https:\/\/roveyayinevi.com.tr\/index.php\/wp-json\/wp\/v2\/product_tag?post=785869"}],"curies":[{"name":"wp","href":"https:\/\/api.w.org\/{rel}","templated":true}]}}