{"id":785867,"date":"2026-04-11T03:51:23","date_gmt":"2026-04-11T00:51:23","guid":{"rendered":"https:\/\/roveyayinevi.com.tr\/index.php\/urun\/annemin-ayaklarinin-altinda-dogan-gunes\/"},"modified":"2026-04-15T03:49:39","modified_gmt":"2026-04-15T00:49:39","slug":"annemin-ayaklarinin-altinda-dogan-gunes","status":"publish","type":"product","link":"https:\/\/roveyayinevi.com.tr\/index.php\/urun\/annemin-ayaklarinin-altinda-dogan-gunes\/","title":{"rendered":"Annemin Ayaklar\u0131n\u0131n Alt\u0131nda Do\u011fan G\u00fcne\u015f"},"content":{"rendered":"<p>6 \u015eubat 2023\u2026 Karanl\u0131\u011f\u0131n en derininde.Bir gecede her \u015fey de\u011fi\u015febilir mi?Bir insan, bir \u015fehir, bir hayat\u2026Annemin ayaklar\u0131n\u0131n alt\u0131ndan do\u011fan g\u00fcne\u015f\u2026Enkaz\u0131n i\u00e7inden do\u011fan kitap\u2026Saatler ilerlerken insanlar uykudayd\u0131. Hayaller kuruluyor, yar\u0131nlar planlan\u0131yordu. Kimse birka\u00e7 saniye sonra hayat\u0131n ikiye b\u00f6l\u00fcnece\u011fini bilmiyordu:Depremden \u00f6nce ve depremden sonra.Yazar, enkaz\u0131n alt\u0131ndan alt\u0131nc\u0131 g\u00fcn \u00e7\u0131kt\u0131\u011f\u0131nda; kay\u0131plar, yar\u0131m kalan hikayeler ve i\u00e7e g\u00f6m\u00fclen \u00e7\u0131\u011fl\u0131klar vard\u0131.Bu sayfalarda yaln\u0131zca bir felaket okumayacaks\u0131n\u0131z. Bir insan\u0131n hayata tutunma m\u00fccadelesini, bir \u015fehrin yas\u0131n\u0131 ve ac\u0131n\u0131n i\u00e7inden do\u011fan umudu okuyacaks\u0131n\u0131z.Her sat\u0131r ger\u00e7ek.Her kelime ya\u015fanm\u0131\u015f.Ve her sayfa, unutulmamas\u0131 gereken bir hat\u0131ra\u2026Bu kitap kaybettiklerimizin an\u0131s\u0131na yaz\u0131ld\u0131.Ayn\u0131 zamanda ya\u015fayanlara bir hat\u0131rlatma:Bazen insan her \u015feyini kaybeder\u2026Ve tam o anda yeniden ya\u015famay\u0131 \u00f6\u011frenir.Bu y\u00fczden bu kitap sadece bir hikaye de\u011fil.Bir tan\u0131kl\u0131k. Bir haf\u0131za. Ve unutulmamas\u0131 gereken bir ger\u00e7ek.Alt\u0131 g\u00fcn enkaz\u0131n alt\u0131nda kalan hayat\u2026Ve o karanl\u0131\u011f\u0131n i\u00e7inden do\u011fan umutlar\u2026Belki de bu sat\u0131rlar\u0131 okurken siz de kendiniz ve sevdikleriniz i\u00e7in bir par\u00e7a umut bulacaks\u0131n\u0131z.<\/p>\n","protected":false},"excerpt":{"rendered":"<p>6 \u015eubat 2023\u2026 Karanl\u0131\u011f\u0131n en derininde.Bir gecede her \u015fey de\u011fi\u015febilir mi?Bir insan, bir \u015fehir, bir hayat\u2026Annemin ayaklar\u0131n\u0131n alt\u0131ndan do\u011fan g\u00fcne\u015f\u2026Enkaz\u0131n i\u00e7inden do\u011fan kitap\u2026Saatler ilerlerken insanlar uykudayd\u0131.<span class=\"excerpt-hellip\"> [\u2026]<\/span><\/p>\n","protected":false},"featured_media":0,"template":"","meta":{"_monsterinsights_skip_tracking":false,"_monsterinsights_sitenote_active":false,"_monsterinsights_sitenote_note":"","_monsterinsights_sitenote_category":0},"product_brand":[],"product_cat":[141304],"product_tag":[],"class_list":{"0":"post-785867","1":"product","2":"type-product","3":"status-publish","5":"product_cat-yeni-cikanlar","6":"pa_cilt-ciltsiz","7":"pa_tur-kitap","8":"pa_yayinevi-alfa-yayinlari","9":"pa_yazar-ceylan-susam","11":"first","12":"instock","13":"sale","14":"shipping-taxable","15":"purchasable","16":"product-type-simple"},"_links":{"self":[{"href":"https:\/\/roveyayinevi.com.tr\/index.php\/wp-json\/wp\/v2\/product\/785867","targetHints":{"allow":["GET"]}}],"collection":[{"href":"https:\/\/roveyayinevi.com.tr\/index.php\/wp-json\/wp\/v2\/product"}],"about":[{"href":"https:\/\/roveyayinevi.com.tr\/index.php\/wp-json\/wp\/v2\/types\/product"}],"wp:attachment":[{"href":"https:\/\/roveyayinevi.com.tr\/index.php\/wp-json\/wp\/v2\/media?parent=785867"}],"wp:term":[{"taxonomy":"product_brand","embeddable":true,"href":"https:\/\/roveyayinevi.com.tr\/index.php\/wp-json\/wp\/v2\/product_brand?post=785867"},{"taxonomy":"product_cat","embeddable":true,"href":"https:\/\/roveyayinevi.com.tr\/index.php\/wp-json\/wp\/v2\/product_cat?post=785867"},{"taxonomy":"product_tag","embeddable":true,"href":"https:\/\/roveyayinevi.com.tr\/index.php\/wp-json\/wp\/v2\/product_tag?post=785867"}],"curies":[{"name":"wp","href":"https:\/\/api.w.org\/{rel}","templated":true}]}}