{"id":785862,"date":"2026-04-11T03:51:14","date_gmt":"2026-04-11T00:51:14","guid":{"rendered":"https:\/\/roveyayinevi.com.tr\/index.php\/urun\/dunya-hayvan-atlasi\/"},"modified":"2026-04-15T03:49:38","modified_gmt":"2026-04-15T00:49:38","slug":"dunya-hayvan-atlasi","status":"publish","type":"product","link":"https:\/\/roveyayinevi.com.tr\/index.php\/urun\/dunya-hayvan-atlasi\/","title":{"rendered":"D\u00fcnya Hayvan Atlas\u0131"},"content":{"rendered":"<p>D\u00dcNYANIN \u015eU ANA KADAR HAZIRLANMI\u015e EN VAH\u015e\u0130 ATLASININ KAPA\u011eINI A\u00c7MAK \u00dcZERES\u0130N\u0130Z!Bu sayfalarda, devasa ya da minicik, vah\u015fi ya da \u00fcrkek, tan\u0131d\u0131k ya da tuhaf ve gizemli hayvanlarla(hatta baz\u0131lar\u0131n\u0131n art\u0131k soyu t\u00fckenmi\u015f) tan\u0131\u015facaks\u0131n\u0131z! Her biri hakk\u0131nda akl\u0131n\u0131z\u0131 ba\u015f\u0131n\u0131zdan alacak\u015fa\u015f\u0131rt\u0131c\u0131 bilgiler \u00f6\u011freneceksiniz. Ayr\u0131ca t\u0131pk\u0131 benim gibi ya\u015famlar\u0131n\u0131 gezegenimizin hayvanlar\u0131n\u0131korumaya adam\u0131\u015f yedi \u00fcnl\u00fc ki\u015fiyle de kar\u015f\u0131la\u015facaks\u0131n\u0131z. Hik\u00e2yelerimizi okuduktan sonra, belki siz dearam\u0131za kat\u0131l\u0131p d\u00fcnyan\u0131n en de\u011ferli ve en k\u0131r\u0131lgan krall\u0131\u011f\u0131 olan hayvanlar \u00e2leminin bir savunucusuolmaya karar verirsiniz!CHARLES DARWINDo\u011fa Bilimci ve Biyolog<\/p>\n","protected":false},"excerpt":{"rendered":"<p>D\u00dcNYANIN \u015eU ANA KADAR HAZIRLANMI\u015e EN VAH\u015e\u0130 ATLASININ KAPA\u011eINI A\u00c7MAK \u00dcZERES\u0130N\u0130Z!Bu sayfalarda, devasa ya da minicik, vah\u015fi ya da \u00fcrkek, tan\u0131d\u0131k ya da tuhaf ve gizemli<span class=\"excerpt-hellip\"> [\u2026]<\/span><\/p>\n","protected":false},"featured_media":0,"template":"","meta":{"_monsterinsights_skip_tracking":false,"_monsterinsights_sitenote_active":false,"_monsterinsights_sitenote_note":"","_monsterinsights_sitenote_category":0},"product_brand":[],"product_cat":[12274,15842],"product_tag":[],"class_list":{"0":"post-785862","1":"product","2":"type-product","3":"status-publish","5":"product_cat-cocuk-ve-genclik-kitaplari","6":"product_cat-egitici-kitaplar","7":"pa_cilt-ciltsiz","8":"pa_tur-kitap","9":"pa_yayinevi-inkilap-kitabevi","10":"pa_yazar-cristina-banfi","12":"first","13":"instock","14":"sale","15":"shipping-taxable","16":"purchasable","17":"product-type-simple"},"_links":{"self":[{"href":"https:\/\/roveyayinevi.com.tr\/index.php\/wp-json\/wp\/v2\/product\/785862","targetHints":{"allow":["GET"]}}],"collection":[{"href":"https:\/\/roveyayinevi.com.tr\/index.php\/wp-json\/wp\/v2\/product"}],"about":[{"href":"https:\/\/roveyayinevi.com.tr\/index.php\/wp-json\/wp\/v2\/types\/product"}],"wp:attachment":[{"href":"https:\/\/roveyayinevi.com.tr\/index.php\/wp-json\/wp\/v2\/media?parent=785862"}],"wp:term":[{"taxonomy":"product_brand","embeddable":true,"href":"https:\/\/roveyayinevi.com.tr\/index.php\/wp-json\/wp\/v2\/product_brand?post=785862"},{"taxonomy":"product_cat","embeddable":true,"href":"https:\/\/roveyayinevi.com.tr\/index.php\/wp-json\/wp\/v2\/product_cat?post=785862"},{"taxonomy":"product_tag","embeddable":true,"href":"https:\/\/roveyayinevi.com.tr\/index.php\/wp-json\/wp\/v2\/product_tag?post=785862"}],"curies":[{"name":"wp","href":"https:\/\/api.w.org\/{rel}","templated":true}]}}