{"id":785859,"date":"2026-04-11T03:51:08","date_gmt":"2026-04-11T00:51:08","guid":{"rendered":"https:\/\/roveyayinevi.com.tr\/index.php\/urun\/gulersen-yengecler-isirmaz-ii\/"},"modified":"2026-04-15T03:49:25","modified_gmt":"2026-04-15T00:49:25","slug":"gulersen-yengecler-isirmaz-ii","status":"publish","type":"product","link":"https:\/\/roveyayinevi.com.tr\/index.php\/urun\/gulersen-yengecler-isirmaz-ii\/","title":{"rendered":"G\u00fclersen Yenge\u00e7ler Is\u0131rmaz-II"},"content":{"rendered":"<p>G\u00fclersen Yenge\u00e7ler Is\u0131rmaz- II, art\u0131k bir roman\u2026 Hayatlar\u0131n\u0131n en sert krizlerine yakalanan ve yollar\u0131 kesi\u015fen alt\u0131 kad\u0131n\u0131n ve erke\u011fin pencerelerinden g\u00f6r\u00fcnenleri on iki tuvalde resmeden\u2026    Kad\u0131n, bazen bir \u00e7ocuk hasretini hayk\u0131r\u0131yor. Selin gibi\u2026 Bazen onu, narsist bir zincirden ya da korku filmlerine ta\u015f \u00e7\u0131kartacak bir tecav\u00fczden, \u00f6rt\u00fcl\u00fc bir \u015fiddetten kurtaracak kahraman\u0131n\u0131 bekliyor. Filiz ve Kezban gibi\u2026 Bazen ise bir dua e\u015fli\u011finde, s\u0131n\u0131r \u00f6tesi bir imk\u00e2ns\u0131zl\u0131\u011f\u0131n, do\u011fmayacak bir \u00e7ocu\u011fun pe\u015finde ko\u015fuyor. Fatma ve Hacer gibi\u2026 Adalet ararken, so\u011fuk bir mahkeme dilinden a\u015fk\u0131n\u0131n hik\u00e2yesini d\u00f6k\u00fcveriyor, as\u0131l kahraman\u0131n kendisi oldu\u011funu d\u00fc\u015f\u00fcnmeden. G\u00fcler gibi\u2026   Kad\u0131nlar korktuklar\u0131nda en \u00e7ok g\u00fcvendiklerine tutunuyorlar. Kalplerine&#8230; Erkekler ise kriz yollar\u0131na yabanc\u0131\u2026 El yordam\u0131 ile ilerlerken k\u00e2h bir sevdaya tutuluyorlar k\u00e2h hayat ile hayal aras\u0131nda savurulup duruyorlar. Plazada s\u0131k\u0131\u015fm\u0131\u015f, kel Selin\u2019e ko\u015far m\u0131, A\u015fil? Serkan, narsistik k\u0131r\u0131lmalar\u0131ndan uyan\u0131p da Filiz\u2019lendirebilir mi y\u0131kt\u0131\u011f\u0131 yuvas\u0131n\u0131? Markus, Fatma\u2019n\u0131n bir katre \u015fefkati i\u00e7in can\u0131n\u0131 verece\u011fi Katrin\u2019e kiralar m\u0131 tohumlar\u0131n\u0131? Mustafa, Kezban\u2019\u0131n \u00f6c\u00fcn\u00fc alabilir mi me\u00e7hul d\u00fc\u015fmanlardan? \u0130brahim, i\u00e7ine do\u011fdu\u011fu kozay\u0131 y\u0131rt\u0131p Sara\u2019n\u0131n putlar\u0131n\u0131 y\u0131kabilir mi? Civan, ka\u00e7ak sava\u015f\u0131n\u0131n bedelini G\u00fcler\u2019e \u00f6demeye haz\u0131r m\u0131?   Alt\u0131 ats\u0131z delikanl\u0131n\u0131n y\u00fcz\u00fcnden ve iyi ki \u2018mercek\u2019 kay\u0131yor da \u2018Delikanl\u0131 Ser\u2019lerin pencerelerinden \u00e7ok renkli bir \u00f6r\u00fcnt\u00fc \u00f6n\u00fcm\u00fcze a\u00e7\u0131l\u0131veriyor. Farkl\u0131 filtreler kullan\u0131larak foto\u011fraf\u0131 \u00e7ekilen, yenge\u00e7lerin yani engellerin, yaslar\u0131n oldu\u011fu kadar kahkahalar\u0131n ve a\u015fklar\u0131n da yer ald\u0131\u011f\u0131 bu manzaray\u0131, kelime oyunlar\u0131n\u0131n zevkine vararak, yazara \u00e7a\u011fr\u0131\u015ft\u0131rd\u0131\u011f\u0131 m\u00fczikler e\u015fli\u011finde seyredebilirsiniz.   \u0130yi Seyirler\u2026<\/p>\n","protected":false},"excerpt":{"rendered":"<p>G\u00fclersen Yenge\u00e7ler Is\u0131rmaz- II, art\u0131k bir roman\u2026 Hayatlar\u0131n\u0131n en sert krizlerine yakalanan ve yollar\u0131 kesi\u015fen alt\u0131 kad\u0131n\u0131n ve erke\u011fin pencerelerinden g\u00f6r\u00fcnenleri on iki tuvalde resmeden\u2026 Kad\u0131n,<span class=\"excerpt-hellip\"> [\u2026]<\/span><\/p>\n","protected":false},"featured_media":0,"template":"","meta":{"_monsterinsights_skip_tracking":false,"_monsterinsights_sitenote_active":false,"_monsterinsights_sitenote_note":"","_monsterinsights_sitenote_category":0},"product_brand":[],"product_cat":[12291,12711],"product_tag":[],"class_list":{"0":"post-785859","1":"product","2":"type-product","3":"status-publish","5":"product_cat-edebiyat","6":"product_cat-roman-oyku","7":"pa_cilt-ciltsiz","8":"pa_tur-kitap","9":"pa_yayinevi-alden-yayinlari","10":"pa_yazar-zeynep-pelin-ataman","12":"first","13":"instock","14":"sale","15":"shipping-taxable","16":"purchasable","17":"product-type-simple"},"_links":{"self":[{"href":"https:\/\/roveyayinevi.com.tr\/index.php\/wp-json\/wp\/v2\/product\/785859","targetHints":{"allow":["GET"]}}],"collection":[{"href":"https:\/\/roveyayinevi.com.tr\/index.php\/wp-json\/wp\/v2\/product"}],"about":[{"href":"https:\/\/roveyayinevi.com.tr\/index.php\/wp-json\/wp\/v2\/types\/product"}],"wp:attachment":[{"href":"https:\/\/roveyayinevi.com.tr\/index.php\/wp-json\/wp\/v2\/media?parent=785859"}],"wp:term":[{"taxonomy":"product_brand","embeddable":true,"href":"https:\/\/roveyayinevi.com.tr\/index.php\/wp-json\/wp\/v2\/product_brand?post=785859"},{"taxonomy":"product_cat","embeddable":true,"href":"https:\/\/roveyayinevi.com.tr\/index.php\/wp-json\/wp\/v2\/product_cat?post=785859"},{"taxonomy":"product_tag","embeddable":true,"href":"https:\/\/roveyayinevi.com.tr\/index.php\/wp-json\/wp\/v2\/product_tag?post=785859"}],"curies":[{"name":"wp","href":"https:\/\/api.w.org\/{rel}","templated":true}]}}