{"id":785854,"date":"2026-04-11T03:50:59","date_gmt":"2026-04-11T00:50:59","guid":{"rendered":"https:\/\/roveyayinevi.com.tr\/index.php\/urun\/karsit-fikirlerden-korkmak-allodoksafobi\/"},"modified":"2026-04-15T03:49:24","modified_gmt":"2026-04-15T00:49:24","slug":"karsit-fikirlerden-korkmak-allodoksafobi","status":"publish","type":"product","link":"https:\/\/roveyayinevi.com.tr\/index.php\/urun\/karsit-fikirlerden-korkmak-allodoksafobi\/","title":{"rendered":"Kar\u015f\u0131t Fikirlerden Korkmak &#8211; Allodoksafobi"},"content":{"rendered":"<p>Neden farkl\u0131 bir g\u00f6r\u00fc\u015fle kar\u015f\u0131la\u015ft\u0131\u011f\u0131m\u0131z anda savunmaya ge\u00e7eriz? Neden kar\u015f\u0131t fikirler yaln\u0131zca d\u00fc\u015f\u00fcncelerimizi de\u011fil, kimli\u011fimizi de tehdit ediyormu\u015f gibi gelir? Filozof Lammert Kamphuis, bu refleksin hem psikolojik hem felsefi k\u00f6klerini ara\u015ft\u0131r\u0131yor. \u0130nsan zihni belirsizlikten ho\u015flanmaz; tutarl\u0131l\u0131k, aidiyet ve hakl\u0131 olma duygusu g\u00fcven verir. Oysa tam da bu ihtiya\u00e7, bizi farkl\u0131 bak\u0131\u015f a\u00e7\u0131lar\u0131na ve ke\u015ffedilmeyi bekleyen yeni olas\u0131l\u0131klara kapat\u0131r. \u201cAllodoksafobi\u201d, yani kar\u015f\u0131t fikirlerden duyulan korku, bizi \u00e7o\u011fu zaman grinin hi\u00e7bir tonunun olmad\u0131\u011f\u0131, siyah-beyaz bir d\u00fcnyaya hapseder. Bu kitapta Kamphuis, i\u00e7inde bulundu\u011fumuz kutupla\u015fma \u00e7a\u011f\u0131nda birbirimizin sesini nas\u0131l duyabilece\u011fimizi sorguluyor. Zihinsel kat\u0131l\u0131ktan \u00f6zg\u00fcrle\u015fmenin, yaln\u0131zca d\u00fc\u015f\u00fcnme bi\u00e7imimizi de\u011fil, d\u00fcnyayla kurdu\u011fumuz ili\u015fkiyi de nas\u0131l de\u011fi\u015ftirebilece\u011fini g\u00f6steriyor<\/p>\n","protected":false},"excerpt":{"rendered":"<p>Neden farkl\u0131 bir g\u00f6r\u00fc\u015fle kar\u015f\u0131la\u015ft\u0131\u011f\u0131m\u0131z anda savunmaya ge\u00e7eriz? Neden kar\u015f\u0131t fikirler yaln\u0131zca d\u00fc\u015f\u00fcncelerimizi de\u011fil, kimli\u011fimizi de tehdit ediyormu\u015f gibi gelir? Filozof Lammert Kamphuis, bu refleksin hem<span class=\"excerpt-hellip\"> [\u2026]<\/span><\/p>\n","protected":false},"featured_media":0,"template":"","meta":{"_monsterinsights_skip_tracking":false,"_monsterinsights_sitenote_active":false,"_monsterinsights_sitenote_note":"","_monsterinsights_sitenote_category":0},"product_brand":[],"product_cat":[12358,12357],"product_tag":[],"class_list":{"0":"post-785854","1":"product","2":"type-product","3":"status-publish","5":"product_cat-genel-psikoloji","6":"product_cat-psikoloji","7":"pa_cilt-ciltsiz","8":"pa_tur-kitap","9":"pa_yayinevi-say-yayinlari","10":"pa_yazar-lammert-kamphuis","12":"first","13":"instock","14":"sale","15":"shipping-taxable","16":"purchasable","17":"product-type-simple"},"_links":{"self":[{"href":"https:\/\/roveyayinevi.com.tr\/index.php\/wp-json\/wp\/v2\/product\/785854","targetHints":{"allow":["GET"]}}],"collection":[{"href":"https:\/\/roveyayinevi.com.tr\/index.php\/wp-json\/wp\/v2\/product"}],"about":[{"href":"https:\/\/roveyayinevi.com.tr\/index.php\/wp-json\/wp\/v2\/types\/product"}],"wp:attachment":[{"href":"https:\/\/roveyayinevi.com.tr\/index.php\/wp-json\/wp\/v2\/media?parent=785854"}],"wp:term":[{"taxonomy":"product_brand","embeddable":true,"href":"https:\/\/roveyayinevi.com.tr\/index.php\/wp-json\/wp\/v2\/product_brand?post=785854"},{"taxonomy":"product_cat","embeddable":true,"href":"https:\/\/roveyayinevi.com.tr\/index.php\/wp-json\/wp\/v2\/product_cat?post=785854"},{"taxonomy":"product_tag","embeddable":true,"href":"https:\/\/roveyayinevi.com.tr\/index.php\/wp-json\/wp\/v2\/product_tag?post=785854"}],"curies":[{"name":"wp","href":"https:\/\/api.w.org\/{rel}","templated":true}]}}