{"id":785853,"date":"2026-04-11T03:50:57","date_gmt":"2026-04-11T00:50:57","guid":{"rendered":"https:\/\/roveyayinevi.com.tr\/index.php\/urun\/beden-konustugunda\/"},"modified":"2026-04-15T03:49:24","modified_gmt":"2026-04-15T00:49:24","slug":"beden-konustugunda","status":"publish","type":"product","link":"https:\/\/roveyayinevi.com.tr\/index.php\/urun\/beden-konustugunda\/","title":{"rendered":"Beden Konu\u015ftu\u011funda"},"content":{"rendered":"<p>T\u0131bbi muayenelerden \u201chi\u00e7bir \u015feyiniz yok\u201d cevab\u0131n\u0131 alman\u0131za ra\u011fmen dinmeyen a\u011fr\u0131larla m\u0131 ya\u015f\u0131yorsunuz? N\u00f6rolog Dr. Arturo Goicoechea, bu kitapta modern t\u0131bb\u0131n en b\u00fcy\u00fck paradokslar\u0131ndan birine \u0131\u015f\u0131k tutuyor: Dokularda hasar yokken hissedilen ger\u00e7ek a\u011fr\u0131. Goicoechea\u2019ya g\u00f6re a\u011fr\u0131, her zaman bir hasar g\u00f6stergesi de\u011fil; beynin bizi korumak ad\u0131na kurgulad\u0131\u011f\u0131, bazen de kontrolden \u00e7\u0131kan bir \u201calarm\u201d hik\u00e2yesidir. Yanl\u0131\u015f bilgilerle \u015fekillenen bu biyolojik \u00f6yk\u00fc, organizmam\u0131z\u0131 haks\u0131z bir savunma sarmal\u0131na sokabilir. \u2022 A\u011fr\u0131 Pedagojisi: Hatal\u0131 beyin devrelerini bilgiyle yeniden e\u011fitin. \u2022 Hipervijilans: Beyninizin neden \u201ca\u015f\u0131r\u0131 tetikte\u201d oldu\u011funu anlay\u0131n. \u2022 \u00d6zg\u00fcrl\u00fc\u011f\u00fc Geri Kazanmak: Semptom odakl\u0131 ya\u015famdan, biyolojik ger\u00e7ekli\u011fe dayal\u0131 \u00f6zg\u00fcr bir hayata ge\u00e7i\u015f yap\u0131n. \u201cHayatta korkulacak hi\u00e7bir \u015fey yoktur, sadece anlamam\u0131z gereken \u015feyler vard\u0131r.\u201d Dr. Goicoechea ile kendi bedeninizin dilini yeniden \u00f6\u011frenin ve a\u011fr\u0131n\u0131n biyolojik senaryosunu de\u011fi\u015ftirmeye ba\u015flay\u0131n<\/p>\n","protected":false},"excerpt":{"rendered":"<p>T\u0131bbi muayenelerden \u201chi\u00e7bir \u015feyiniz yok\u201d cevab\u0131n\u0131 alman\u0131za ra\u011fmen dinmeyen a\u011fr\u0131larla m\u0131 ya\u015f\u0131yorsunuz? N\u00f6rolog Dr. Arturo Goicoechea, bu kitapta modern t\u0131bb\u0131n en b\u00fcy\u00fck paradokslar\u0131ndan birine \u0131\u015f\u0131k tutuyor:<span class=\"excerpt-hellip\"> [\u2026]<\/span><\/p>\n","protected":false},"featured_media":0,"template":"","meta":{"_monsterinsights_skip_tracking":false,"_monsterinsights_sitenote_active":false,"_monsterinsights_sitenote_note":"","_monsterinsights_sitenote_category":0},"product_brand":[],"product_cat":[16965,13365],"product_tag":[],"class_list":{"0":"post-785853","1":"product","2":"type-product","3":"status-publish","5":"product_cat-genel-saglik-kitaplari","6":"product_cat-saglik","7":"pa_cilt-ciltsiz","8":"pa_tur-kitap","9":"pa_yayinevi-say-yayinlari","10":"pa_yazar-arturo-goicoechea","12":"first","13":"instock","14":"sale","15":"shipping-taxable","16":"purchasable","17":"product-type-simple"},"_links":{"self":[{"href":"https:\/\/roveyayinevi.com.tr\/index.php\/wp-json\/wp\/v2\/product\/785853","targetHints":{"allow":["GET"]}}],"collection":[{"href":"https:\/\/roveyayinevi.com.tr\/index.php\/wp-json\/wp\/v2\/product"}],"about":[{"href":"https:\/\/roveyayinevi.com.tr\/index.php\/wp-json\/wp\/v2\/types\/product"}],"wp:attachment":[{"href":"https:\/\/roveyayinevi.com.tr\/index.php\/wp-json\/wp\/v2\/media?parent=785853"}],"wp:term":[{"taxonomy":"product_brand","embeddable":true,"href":"https:\/\/roveyayinevi.com.tr\/index.php\/wp-json\/wp\/v2\/product_brand?post=785853"},{"taxonomy":"product_cat","embeddable":true,"href":"https:\/\/roveyayinevi.com.tr\/index.php\/wp-json\/wp\/v2\/product_cat?post=785853"},{"taxonomy":"product_tag","embeddable":true,"href":"https:\/\/roveyayinevi.com.tr\/index.php\/wp-json\/wp\/v2\/product_tag?post=785853"}],"curies":[{"name":"wp","href":"https:\/\/api.w.org\/{rel}","templated":true}]}}