{"id":785851,"date":"2026-04-11T03:50:54","date_gmt":"2026-04-11T00:50:54","guid":{"rendered":"https:\/\/roveyayinevi.com.tr\/index.php\/urun\/von-null-zum-gipfel\/"},"modified":"2026-04-15T03:49:21","modified_gmt":"2026-04-15T00:49:21","slug":"von-null-zum-gipfel","status":"publish","type":"product","link":"https:\/\/roveyayinevi.com.tr\/index.php\/urun\/von-null-zum-gipfel\/","title":{"rendered":"Von Null Zum Gipfel"},"content":{"rendered":"<p>In meinem letzten Schuljahr am Gymnasium ver\u00e4nderte eine Zeitungsanzeige, die mir meine Physiklehrerin Frau Y\u00fcksel Tezcan zeigte, mein Leben nachhaltig Eines Abends, w\u00e4hrend ich gedankenverloren vor mich hin tr\u00e4umte, h\u00f6rte ich im Radio TRT den Namen \u201eKemal \u015eahin\u201c. In diesem Moment wurde mein gr\u00f6\u00dfter Traum Wirklichkeit. Ich war \u00fcberw\u00e4ltigt vor Gl\u00fcck \u2013 und sp\u00fcrte zugleich, dass sich mein Lebensweg entscheidend wenden w\u00fcrde.Meine Heimat, das Taurusgebirge, hat mich fr\u00fch gepr\u00e4gt. Sie lehrte mich Entschlossenheit, Ausdauer und den Mut, neue Horizonte zu suchen. Nachdem ich mein Ingenieurstudium in Deutschland abgeschlossen hatte, wurde mir jedoch die Arbeitserlaubnis verweigert. Statt aufzugeben, entschied ich mich, meinen eigenen Weg zu gehen, und er\u00f6ffnete ein kleines Gesch\u00e4ft. Die 5.000 Mark, die mir damals zur Verf\u00fcgung standen, waren nicht mein einziges Kapital. Viel wichtiger waren meine Ausbildung, meine Zuverl\u00e4ssigkeit und meine Ehrlichkeit.Zun\u00e4chst sind es deine Familie, deine Lehrerinnen und Lehrer sowie deine Freunde, die dich f\u00f6rdern und begleiten. Im Berufsleben reifst du weiter. B\u00fccher, inspirierende Menschen, Mitbewerber und auch deine Fehler st\u00e4rken dich und lassen dich wachsen. So gelangst du Schritt f\u00fcr Schritt zum Gipfel. Manche sehen nur den Berg vor sich, andere erkennen den Stern dahinter. Wenn du deine Ziele erreichst, gewinnst du nicht nur Erfolg, sondern auch innere St\u00e4rke und Klarheit.<\/p>\n","protected":false},"excerpt":{"rendered":"<p>In meinem letzten Schuljahr am Gymnasium ver\u00e4nderte eine Zeitungsanzeige, die mir meine Physiklehrerin Frau Y\u00fcksel Tezcan zeigte, mein Leben nachhaltig Eines Abends, w\u00e4hrend ich gedankenverloren vor<span class=\"excerpt-hellip\"> [\u2026]<\/span><\/p>\n","protected":false},"featured_media":0,"template":"","meta":{"_monsterinsights_skip_tracking":false,"_monsterinsights_sitenote_active":false,"_monsterinsights_sitenote_note":"","_monsterinsights_sitenote_category":0},"product_brand":[],"product_cat":[13043,17647],"product_tag":[],"class_list":{"0":"post-785851","1":"product","2":"type-product","3":"status-publish","5":"product_cat-ekonomi","6":"product_cat-is-dunyasi","7":"pa_cilt-ciltsiz","8":"pa_tur-kitap","9":"pa_yayinevi-kirmizi-kedi-yayinevi","10":"pa_yazar-kemal-sahin","12":"first","13":"instock","14":"sale","15":"shipping-taxable","16":"purchasable","17":"product-type-simple"},"_links":{"self":[{"href":"https:\/\/roveyayinevi.com.tr\/index.php\/wp-json\/wp\/v2\/product\/785851","targetHints":{"allow":["GET"]}}],"collection":[{"href":"https:\/\/roveyayinevi.com.tr\/index.php\/wp-json\/wp\/v2\/product"}],"about":[{"href":"https:\/\/roveyayinevi.com.tr\/index.php\/wp-json\/wp\/v2\/types\/product"}],"wp:attachment":[{"href":"https:\/\/roveyayinevi.com.tr\/index.php\/wp-json\/wp\/v2\/media?parent=785851"}],"wp:term":[{"taxonomy":"product_brand","embeddable":true,"href":"https:\/\/roveyayinevi.com.tr\/index.php\/wp-json\/wp\/v2\/product_brand?post=785851"},{"taxonomy":"product_cat","embeddable":true,"href":"https:\/\/roveyayinevi.com.tr\/index.php\/wp-json\/wp\/v2\/product_cat?post=785851"},{"taxonomy":"product_tag","embeddable":true,"href":"https:\/\/roveyayinevi.com.tr\/index.php\/wp-json\/wp\/v2\/product_tag?post=785851"}],"curies":[{"name":"wp","href":"https:\/\/api.w.org\/{rel}","templated":true}]}}