{"id":785849,"date":"2026-04-11T03:50:51","date_gmt":"2026-04-11T00:50:51","guid":{"rendered":"https:\/\/roveyayinevi.com.tr\/index.php\/urun\/cagdas-dunya-siiri-antolojisi\/"},"modified":"2026-04-15T03:49:21","modified_gmt":"2026-04-15T00:49:21","slug":"cagdas-dunya-siiri-antolojisi","status":"publish","type":"product","link":"https:\/\/roveyayinevi.com.tr\/index.php\/urun\/cagdas-dunya-siiri-antolojisi\/","title":{"rendered":"\u00c7a\u011fda\u015f D\u00fcnya \u015eiiri Antolojisi"},"content":{"rendered":"<p>KORKULU \u00d6YK\u00dcHer \u015fey de\u011fi\u015fecek her \u015feyAs\u0131l olana do\u011fru, b\u00fcy\u00fck olana,\u00e7ocuklar\u0131n uykusunu b\u00f6lenlerBa\u011f\u0131\u015flanmayacak asla.Unutulmayacak, unutulur mu hi\u00e7\u015eu minik y\u00fczlere i\u015flemi\u015f gam, tasa.D\u00fc\u015fman sald\u0131\u011f\u0131 bu deh\u015feti\u00d6deyecek bir g\u00fcn mutlaka.G\u00fcn gelecek yolu onun daT\u00fcyler \u00fcrpertici bir \u00f6yk\u00fcden ge\u00e7ecek,Al\u0131nacak y\u00fczlerce y\u00fczlerce defaYetimin, sakat\u0131n, dulun \u00f6c\u00fc.Akl\u0131na getir bir o bombalar\u0131O ast\u0131\u011f\u0131 ast\u0131k d\u00f6nemO cinayetler, o y\u0131k\u0131nt\u0131lar,H\u00e9rode\u2019un Bethl\u00e9em\u2019de yapt\u0131\u011f\u0131 gibi.Eli kula\u011f\u0131nda daha iyi bir \u00e7a\u011f\u0131n,De\u011fi\u015fecek her \u015fey, besbelli.Ama \u015fu sakatlanm\u0131\u015f k\u00fc\u00e7\u00fckleriUnutabilir mi insan unutabilir mi?<\/p>\n","protected":false},"excerpt":{"rendered":"<p>KORKULU \u00d6YK\u00dcHer \u015fey de\u011fi\u015fecek her \u015feyAs\u0131l olana do\u011fru, b\u00fcy\u00fck olana,\u00e7ocuklar\u0131n uykusunu b\u00f6lenlerBa\u011f\u0131\u015flanmayacak asla.Unutulmayacak, unutulur mu hi\u00e7\u015eu minik y\u00fczlere i\u015flemi\u015f gam, tasa.D\u00fc\u015fman sald\u0131\u011f\u0131 bu deh\u015feti\u00d6deyecek bir g\u00fcn<span class=\"excerpt-hellip\"> [\u2026]<\/span><\/p>\n","protected":false},"featured_media":0,"template":"","meta":{"_monsterinsights_skip_tracking":false,"_monsterinsights_sitenote_active":false,"_monsterinsights_sitenote_note":"","_monsterinsights_sitenote_category":0},"product_brand":[],"product_cat":[141304],"product_tag":[],"class_list":{"0":"post-785849","1":"product","2":"type-product","3":"status-publish","5":"product_cat-yeni-cikanlar","6":"pa_cilt-ciltsiz","7":"pa_tur-kitap","8":"pa_yayinevi-kirmizi-kedi-yayinevi","9":"pa_yazar-kolektif","11":"first","12":"instock","13":"sale","14":"shipping-taxable","15":"purchasable","16":"product-type-simple"},"_links":{"self":[{"href":"https:\/\/roveyayinevi.com.tr\/index.php\/wp-json\/wp\/v2\/product\/785849","targetHints":{"allow":["GET"]}}],"collection":[{"href":"https:\/\/roveyayinevi.com.tr\/index.php\/wp-json\/wp\/v2\/product"}],"about":[{"href":"https:\/\/roveyayinevi.com.tr\/index.php\/wp-json\/wp\/v2\/types\/product"}],"wp:attachment":[{"href":"https:\/\/roveyayinevi.com.tr\/index.php\/wp-json\/wp\/v2\/media?parent=785849"}],"wp:term":[{"taxonomy":"product_brand","embeddable":true,"href":"https:\/\/roveyayinevi.com.tr\/index.php\/wp-json\/wp\/v2\/product_brand?post=785849"},{"taxonomy":"product_cat","embeddable":true,"href":"https:\/\/roveyayinevi.com.tr\/index.php\/wp-json\/wp\/v2\/product_cat?post=785849"},{"taxonomy":"product_tag","embeddable":true,"href":"https:\/\/roveyayinevi.com.tr\/index.php\/wp-json\/wp\/v2\/product_tag?post=785849"}],"curies":[{"name":"wp","href":"https:\/\/api.w.org\/{rel}","templated":true}]}}