{"id":785848,"date":"2026-04-11T03:50:49","date_gmt":"2026-04-11T00:50:49","guid":{"rendered":"https:\/\/roveyayinevi.com.tr\/index.php\/urun\/ey-ask-ey-ask-mavi-yuzun-gorunmuyor\/"},"modified":"2026-04-15T03:49:21","modified_gmt":"2026-04-15T00:49:21","slug":"ey-ask-ey-ask-mavi-yuzun-gorunmuyor","status":"publish","type":"product","link":"https:\/\/roveyayinevi.com.tr\/index.php\/urun\/ey-ask-ey-ask-mavi-yuzun-gorunmuyor\/","title":{"rendered":"Ey A\u015fk, Ey A\u015fk! Mavi Y\u00fcz\u00fcn G\u00f6r\u00fcnm\u00fcyor"},"content":{"rendered":"<p>Modern \u0130ran \u015fiirinin en b\u00fcy\u00fck ustalar\u0131ndan biri olan Ahmed \u015eamlu, yaln\u0131zca bir \u015fair de\u011fil; ayn\u0131 zamanda bir \u00e7a\u011f\u0131n vicdan\u0131d\u0131r. Fars\u00e7an\u0131n kadim \u015fiir gelene\u011fini \u00e7a\u011fda\u015f bir dille yeniden kuran \u015eamlu, \u015fiiri hem estetik hem de politik bir direni\u015f alan\u0131na d\u00f6n\u00fc\u015ft\u00fcren ender seslerden biridir. Onun dizeleri \u00f6zg\u00fcrl\u00fc\u011f\u00fcn, insan onurunun ve hakikatin ba\u015fka bir dilde yeniden s\u00f6ylenmesidir. \u015eamlu, \u015fiirin bi\u00e7imini k\u0131ran, kal\u0131plar\u0131 y\u0131kan ve serbest \u015fiire yeni bir soluk kazand\u0131ran \u00f6nc\u00fc isimlerden biri olarak modern \u0130ran edebiyat\u0131n\u0131n kurucu fig\u00fcrleri aras\u0131nda yer al\u0131r. Bu se\u00e7kide yer alan \u015fiirler, insanl\u0131\u011f\u0131n ortak yaras\u0131ndan do\u011far. \u015eamlu\u2019nun d\u00fcnyas\u0131nda a\u015fk ile isyan, umut ile ac\u0131, bireysel duyarl\u0131k ile toplumsal sorumluluk birbirine kar\u0131\u015f\u0131r. \u015eairin dizeleri bazen karanl\u0131k bir \u00e7a\u011f\u0131n tan\u0131kl\u0131\u011f\u0131, bazen de gelece\u011fe b\u0131rak\u0131lm\u0131\u015f bir umut meselesidir. S\u00fcrg\u00fcnler, bask\u0131lar ve hapishanelerle \u00e7evrili bir hayat ya\u015fayan Ahmed \u015eamlu, b\u00fct\u00fcn bu karanl\u0131\u011f\u0131n i\u00e7inden insan onurunu savunan bir \u015fiir dili kurar. \u015eiirleri bug\u00fcn d\u00fcnyan\u0131n bir\u00e7ok diline \u00e7evriliyorsa, bunun nedeni estetik g\u00fcc\u00fcn\u00fcn yan\u0131 s\u0131ra insan\u0131 merkeze alan o evrensel vicdand\u0131r. Ey A\u015fk, Ey A\u015fk! Mavi Y\u00fcz\u00fcn G\u00f6r\u00fcnm\u00fcyor, \u015eamlu\u2019nun \u015fiir evrenine a\u00e7\u0131lan g\u00fc\u00e7l\u00fc bir kap\u0131. Bu kitapta okur, b\u00fcy\u00fck bir \u015fairle birlikte \u015fiiri hayat\u0131n en derin hakikatine d\u00f6n\u00fc\u015ft\u00fcren bir d\u00fc\u015f\u00fcn\u00fcrle kar\u015f\u0131la\u015facak. Cavit Mukaddes\u2019in Fars\u00e7a\u2019dan \u00f6zenli \u00e7evirisiyle\u2026 \u201cNe adaletli ne de g\u00fczeldi d\u00fcnya biz sahneye \u00e7\u0131kmadan \u2018&#8217;evvel\u201d<\/p>\n","protected":false},"excerpt":{"rendered":"<p>Modern \u0130ran \u015fiirinin en b\u00fcy\u00fck ustalar\u0131ndan biri olan Ahmed \u015eamlu, yaln\u0131zca bir \u015fair de\u011fil; ayn\u0131 zamanda bir \u00e7a\u011f\u0131n vicdan\u0131d\u0131r. Fars\u00e7an\u0131n kadim \u015fiir gelene\u011fini \u00e7a\u011fda\u015f bir dille<span class=\"excerpt-hellip\"> [\u2026]<\/span><\/p>\n","protected":false},"featured_media":0,"template":"","meta":{"_monsterinsights_skip_tracking":false,"_monsterinsights_sitenote_active":false,"_monsterinsights_sitenote_note":"","_monsterinsights_sitenote_category":0},"product_brand":[],"product_cat":[12291,12509],"product_tag":[],"class_list":{"0":"post-785848","1":"product","2":"type-product","3":"status-publish","5":"product_cat-edebiyat","6":"product_cat-siir","7":"pa_cilt-ciltsiz","8":"pa_tur-kitap","9":"pa_yayinevi-kirmizi-kedi-yayinevi","10":"pa_yazar-ahmed-samlu","12":"first","13":"instock","14":"sale","15":"shipping-taxable","16":"purchasable","17":"product-type-simple"},"_links":{"self":[{"href":"https:\/\/roveyayinevi.com.tr\/index.php\/wp-json\/wp\/v2\/product\/785848","targetHints":{"allow":["GET"]}}],"collection":[{"href":"https:\/\/roveyayinevi.com.tr\/index.php\/wp-json\/wp\/v2\/product"}],"about":[{"href":"https:\/\/roveyayinevi.com.tr\/index.php\/wp-json\/wp\/v2\/types\/product"}],"wp:attachment":[{"href":"https:\/\/roveyayinevi.com.tr\/index.php\/wp-json\/wp\/v2\/media?parent=785848"}],"wp:term":[{"taxonomy":"product_brand","embeddable":true,"href":"https:\/\/roveyayinevi.com.tr\/index.php\/wp-json\/wp\/v2\/product_brand?post=785848"},{"taxonomy":"product_cat","embeddable":true,"href":"https:\/\/roveyayinevi.com.tr\/index.php\/wp-json\/wp\/v2\/product_cat?post=785848"},{"taxonomy":"product_tag","embeddable":true,"href":"https:\/\/roveyayinevi.com.tr\/index.php\/wp-json\/wp\/v2\/product_tag?post=785848"}],"curies":[{"name":"wp","href":"https:\/\/api.w.org\/{rel}","templated":true}]}}