{"id":785846,"date":"2026-04-11T03:50:46","date_gmt":"2026-04-11T00:50:46","guid":{"rendered":"https:\/\/roveyayinevi.com.tr\/index.php\/urun\/deniz-ustu-kopurur\/"},"modified":"2026-04-15T03:49:21","modified_gmt":"2026-04-15T00:49:21","slug":"deniz-ustu-kopurur","status":"publish","type":"product","link":"https:\/\/roveyayinevi.com.tr\/index.php\/urun\/deniz-ustu-kopurur\/","title":{"rendered":"Deniz \u00dcst\u00fc K\u00f6p\u00fcr\u00fcr"},"content":{"rendered":"<p>Emperyalizm, son 25 y\u0131ldaki en b\u00fcy\u00fck bozgununu T\u00fcrkiye\u2019de 1 Mart tezkeresi ile ya\u015fad\u0131. Bunun T\u00fcrkiye\u2019ye faturas\u0131 ise \u00e7ok a\u011f\u0131r oldu. Kumpas davalarla cumhuriyet ve kurumlar\u0131n\u0131n ku\u015fat\u0131lmas\u0131&#8230; Bu ku\u015fatman\u0131n uygulay\u0131c\u0131s\u0131, her yetki ile donat\u0131lm\u0131\u015f bir savc\u0131&#8230; Bug\u00fcn T\u00fcrkiye\u2019de ya\u015fananlar\u0131n zeminini olu\u015fturan geli\u015fmeler&#8230;Birbiri ile alakas\u0131z g\u00f6r\u00fcnen olaylar aras\u0131ndaki derin ba\u011flant\u0131 ve kapal\u0131 kap\u0131lar arkas\u0131ndaki kirli ittifaklar&#8230; T\u00fcrk siyasetinin yeniden dizayn\u0131&#8230; Ve t\u00fcm bunlar\u0131n merkezinde, hedefte bir amiral&#8230; Deniz \u00dcst\u00fc K\u00f6p\u00fcr\u00fcr: Emperyalizmin Hedefindeki Amiral, belgeler, g\u00fcnl\u00fckler ve tan\u0131kl\u0131klarla Cem Aziz \u00c7akmak\u2019\u0131n s\u0131rad\u0131\u015f\u0131 ya\u015fam \u00f6yk\u00fcs\u00fcn\u00fc okura sunuyor.<\/p>\n","protected":false},"excerpt":{"rendered":"<p>Emperyalizm, son 25 y\u0131ldaki en b\u00fcy\u00fck bozgununu T\u00fcrkiye\u2019de 1 Mart tezkeresi ile ya\u015fad\u0131. Bunun T\u00fcrkiye\u2019ye faturas\u0131 ise \u00e7ok a\u011f\u0131r oldu. Kumpas davalarla cumhuriyet ve kurumlar\u0131n\u0131n ku\u015fat\u0131lmas\u0131&#8230;<span class=\"excerpt-hellip\"> [\u2026]<\/span><\/p>\n","protected":false},"featured_media":0,"template":"","meta":{"_monsterinsights_skip_tracking":false,"_monsterinsights_sitenote_active":false,"_monsterinsights_sitenote_note":"","_monsterinsights_sitenote_category":0},"product_brand":[],"product_cat":[13590,12337],"product_tag":[],"class_list":{"0":"post-785846","1":"product","2":"type-product","3":"status-publish","5":"product_cat-arastirma-inceleme-politika-siyaset","6":"product_cat-politika-siyaset","7":"pa_cilt-ciltsiz","8":"pa_tur-kitap","9":"pa_yayinevi-kirmizi-kedi-yayinevi","10":"pa_yazar-cagdas-bayraktar","12":"first","13":"instock","14":"sale","15":"shipping-taxable","16":"purchasable","17":"product-type-simple"},"_links":{"self":[{"href":"https:\/\/roveyayinevi.com.tr\/index.php\/wp-json\/wp\/v2\/product\/785846","targetHints":{"allow":["GET"]}}],"collection":[{"href":"https:\/\/roveyayinevi.com.tr\/index.php\/wp-json\/wp\/v2\/product"}],"about":[{"href":"https:\/\/roveyayinevi.com.tr\/index.php\/wp-json\/wp\/v2\/types\/product"}],"wp:attachment":[{"href":"https:\/\/roveyayinevi.com.tr\/index.php\/wp-json\/wp\/v2\/media?parent=785846"}],"wp:term":[{"taxonomy":"product_brand","embeddable":true,"href":"https:\/\/roveyayinevi.com.tr\/index.php\/wp-json\/wp\/v2\/product_brand?post=785846"},{"taxonomy":"product_cat","embeddable":true,"href":"https:\/\/roveyayinevi.com.tr\/index.php\/wp-json\/wp\/v2\/product_cat?post=785846"},{"taxonomy":"product_tag","embeddable":true,"href":"https:\/\/roveyayinevi.com.tr\/index.php\/wp-json\/wp\/v2\/product_tag?post=785846"}],"curies":[{"name":"wp","href":"https:\/\/api.w.org\/{rel}","templated":true}]}}