{"id":785844,"date":"2026-04-11T03:50:43","date_gmt":"2026-04-11T00:50:43","guid":{"rendered":"https:\/\/roveyayinevi.com.tr\/index.php\/urun\/herkesi-memnun-etme-cabasi\/"},"modified":"2026-04-15T03:49:21","modified_gmt":"2026-04-15T00:49:21","slug":"herkesi-memnun-etme-cabasi","status":"publish","type":"product","link":"https:\/\/roveyayinevi.com.tr\/index.php\/urun\/herkesi-memnun-etme-cabasi\/","title":{"rendered":"Herkesi Memnun Etme \u00c7abas\u0131"},"content":{"rendered":"<p>Hepimiz sosyal varl\u0131klar olarak de\u011fer verdi\u011fimiz insanlarlaili\u015fkiler kurmaya ve bunlar\u0131 s\u00fcrd\u00fcrmeye ihtiya\u00e7 duyar\u0131z. Ailede,arkada\u015f \u00e7evresinde ya da i\u015f hayat\u0131ndaki ger\u00e7ek ve g\u00fcvenilirili\u015fkiler, anlaml\u0131 ve mutlu bir hayat\u0131n vazge\u00e7ilmezlerindendir. Buy\u00fczden pek \u00e7ok insan sevdiklerini kaybetme korkusuylaisteklerini dile getirmekten ka\u00e7\u0131n\u0131r ve onlar\u0131n esenli\u011finikendilerininkinden \u00fcst\u00fcn tutar.Herkesi memnun etme \u00e7abas\u0131 ne demektir ve \u00e7at\u0131\u015fma fikriylenas\u0131l bir ili\u015fki i\u00e7indedir? Ba\u015fkalar\u0131n\u0131n \u00fcz\u00fclece\u011fini d\u00fc\u015f\u00fcnerek kendiihtiya\u00e7lar\u0131n\u0131 geri plana atman\u0131n duygusal bedelleri nelerdir?Sa\u011fl\u0131kl\u0131 \u00f6fkeyi ifade etmenin yap\u0131c\u0131 ve hayatla uyumlu yollar\u0131 varm\u0131d\u0131r? Ba\u015fkalar\u0131n\u0131 memnun etmeye \u00e7al\u0131\u015fan ki\u015filerin karakteristik\u00f6zellikleri hangileridir? Ba\u015far\u0131s\u0131zl\u0131k korkusu, utan\u00e7 ve hayalk\u0131r\u0131kl\u0131\u011f\u0131 bu ki\u015filer i\u00e7in ne anlama gelir? Herkesi memnun etme\u00e7abas\u0131, ki\u015fileri nas\u0131l k\u0131skac\u0131na al\u0131r ve onlar\u0131 hangi y\u00f6ntemlerley\u00f6netir? Vicdan azab\u0131n\u0131 y\u00f6nlendirmek ve kontrol etmek m\u00fcmk\u00fcnm\u00fcd\u00fcr? Empati nas\u0131l ki\u015finin \u00f6zde\u011ferini y\u00fckselten bir i\u015flevg\u00f6rebilir? Herkesi memnun etmeye \u00e7al\u0131\u015fan ki\u015filer hangibecerileriyle toplum hayat\u0131na katk\u0131da bulunabilirler?Psikolog Ulrike Bossmann Herkesi Memnun Etme \u00c7abas\u0131\u2019nda,hayat\u0131n her alan\u0131nda ve s\u00fcrekli olarak ba\u015fkalar\u0131n\u0131n ihtiya\u00e7 lar\u0131n\u0131\u00f6nceleyerek ya\u015famay\u0131 \u015fiar edinmi\u015f ki\u015fileri inceliyor. Kendiihtiya\u00e7lar\u0131n\u0131 dile getirmenin bencillik de\u011fil sa\u011fl\u0131kl\u0131 ili\u015fkilerinolmazsa olmaz\u0131 oldu\u011funu vurgulayan yazar, okura fark\u0131ndal\u0131\u011f\u0131nve \u00f6z\u015fefkatin de\u011ferini hat\u0131rlat\u0131yor.<\/p>\n","protected":false},"excerpt":{"rendered":"<p>Hepimiz sosyal varl\u0131klar olarak de\u011fer verdi\u011fimiz insanlarlaili\u015fkiler kurmaya ve bunlar\u0131 s\u00fcrd\u00fcrmeye ihtiya\u00e7 duyar\u0131z. Ailede,arkada\u015f \u00e7evresinde ya da i\u015f hayat\u0131ndaki ger\u00e7ek ve g\u00fcvenilirili\u015fkiler, anlaml\u0131 ve mutlu bir<span class=\"excerpt-hellip\"> [\u2026]<\/span><\/p>\n","protected":false},"featured_media":0,"template":"","meta":{"_monsterinsights_skip_tracking":false,"_monsterinsights_sitenote_active":false,"_monsterinsights_sitenote_note":"","_monsterinsights_sitenote_category":0},"product_brand":[],"product_cat":[12755,12357],"product_tag":[],"class_list":{"0":"post-785844","1":"product","2":"type-product","3":"status-publish","5":"product_cat-gelisim-psikolojisi","6":"product_cat-psikoloji","7":"pa_cilt-ciltsiz","8":"pa_tur-kitap","9":"pa_yayinevi-iletisim-yayinlari","10":"pa_yazar-ulrike-bossmann","12":"first","13":"instock","14":"sale","15":"shipping-taxable","16":"purchasable","17":"product-type-simple"},"_links":{"self":[{"href":"https:\/\/roveyayinevi.com.tr\/index.php\/wp-json\/wp\/v2\/product\/785844","targetHints":{"allow":["GET"]}}],"collection":[{"href":"https:\/\/roveyayinevi.com.tr\/index.php\/wp-json\/wp\/v2\/product"}],"about":[{"href":"https:\/\/roveyayinevi.com.tr\/index.php\/wp-json\/wp\/v2\/types\/product"}],"wp:attachment":[{"href":"https:\/\/roveyayinevi.com.tr\/index.php\/wp-json\/wp\/v2\/media?parent=785844"}],"wp:term":[{"taxonomy":"product_brand","embeddable":true,"href":"https:\/\/roveyayinevi.com.tr\/index.php\/wp-json\/wp\/v2\/product_brand?post=785844"},{"taxonomy":"product_cat","embeddable":true,"href":"https:\/\/roveyayinevi.com.tr\/index.php\/wp-json\/wp\/v2\/product_cat?post=785844"},{"taxonomy":"product_tag","embeddable":true,"href":"https:\/\/roveyayinevi.com.tr\/index.php\/wp-json\/wp\/v2\/product_tag?post=785844"}],"curies":[{"name":"wp","href":"https:\/\/api.w.org\/{rel}","templated":true}]}}