{"id":785843,"date":"2026-04-11T03:50:41","date_gmt":"2026-04-11T00:50:41","guid":{"rendered":"https:\/\/roveyayinevi.com.tr\/index.php\/urun\/sosyalizmin-definesini-aramak\/"},"modified":"2026-04-15T03:49:21","modified_gmt":"2026-04-15T00:49:21","slug":"sosyalizmin-definesini-aramak","status":"publish","type":"product","link":"https:\/\/roveyayinevi.com.tr\/index.php\/urun\/sosyalizmin-definesini-aramak\/","title":{"rendered":"Sosyalizmin Definesini Aramak"},"content":{"rendered":"<p>\u201cTarihsel, k\u00fclt\u00fcrel ve toplumsal miras\u0131n art\u0131k birer kal\u0131nt\u0131veya \u00e7er\u00e7\u00f6p gibi g\u00f6r\u00fcnen par\u00e7alar\u0131ndan, ezilenlerinunutulmaya y\u00fcz tutmu\u015f ya da hi\u00e7 g\u00fcn y\u00fcz\u00fcne \u00e7\u0131kma \u015fans\u0131bulamam\u0131\u015f imk\u00e2nlar\u0131ndan sosyalist bir gelece\u011fe dair g\u00f6m\u00fcaray\u0131\u015f\u0131ndan taviz vermeyen K\u0131v\u0131lc\u0131ml\u0131 da t\u0131pk\u0131 Bloch gibiserbest bir arama tarama faaliyetine giri\u015fmi\u015f veenternasyonal sosyalist teoriyi bulundu\u011fu co\u011frafya vetarihsel mirasla birle\u015ftirerek ona yenilik\u00e7i bir katk\u0131 verme\u00e7abas\u0131nda olmu\u015ftur.\u201dSosyalizmin Definesini Aramak, d\u00fcnyada ve T\u00fcrkiye\u2019desosyalizmin iki s\u0131ra d\u0131\u015f\u0131, hatta kimilerince \u201csapk\u0131n\u201d say\u0131land\u00fc\u015f\u00fcn\u00fcr\u00fcn\u00fcn yollar\u0131n\u0131 kavu\u015fturuyor: Ernst Bloch ve Dr.Hikmet K\u0131v\u0131lc\u0131ml\u0131. Fark\u0131 co\u011frafyalarda, farkl\u0131 \u015fartlardayeti\u015fmi\u015f ve ya\u015fam\u0131\u015f iki d\u00fc\u015f\u00fcn\u00fcr bir noktada ortakt\u0131rlar:Dinde, ge\u00e7mi\u015f tarihsel tecr\u00fcbelerde, geleneklerde ve kadimanlat\u0131larda kaz\u0131 yaparak, sosyal devrimin, sosyalizminderin k\u00f6klerini ararlar.Bar\u0131\u015f Ayd\u0131n, Bloch\u2019un ve K\u0131v\u0131lc\u0131ml\u0131\u2019n\u0131n d\u00fc\u015f\u00fcnce d\u00fcnyalar\u0131n\u0131ortakl\u0131klar\u0131 ve farklar\u0131yla analiz ediyor bu kitapta. Bir temelortakl\u0131k ve b\u00fcy\u00fck bir a\u015fk ve \u015fevk kayna\u011f\u0131 olarak, \u201c\u0130nsan\u0131nkolektif eylemine duyulan inan\u00e7\u201d s\u00fcz\u00fcl\u00fcyor o analizden.Sosyalist d\u00fc\u015f\u00fcncenin \u201cyerli\u201d ile \u201cevrensel\u201di kayna\u015ft\u0131rmag\u00fcc\u00fcne \u00f6rnek bir \u00e7al\u0131\u015fma.<\/p>\n","protected":false},"excerpt":{"rendered":"<p>\u201cTarihsel, k\u00fclt\u00fcrel ve toplumsal miras\u0131n art\u0131k birer kal\u0131nt\u0131veya \u00e7er\u00e7\u00f6p gibi g\u00f6r\u00fcnen par\u00e7alar\u0131ndan, ezilenlerinunutulmaya y\u00fcz tutmu\u015f ya da hi\u00e7 g\u00fcn y\u00fcz\u00fcne \u00e7\u0131kma \u015fans\u0131bulamam\u0131\u015f imk\u00e2nlar\u0131ndan sosyalist bir gelece\u011fe<span class=\"excerpt-hellip\"> [\u2026]<\/span><\/p>\n","protected":false},"featured_media":0,"template":"","meta":{"_monsterinsights_skip_tracking":false,"_monsterinsights_sitenote_active":false,"_monsterinsights_sitenote_note":"","_monsterinsights_sitenote_category":0},"product_brand":[],"product_cat":[12388,15536],"product_tag":[],"class_list":{"0":"post-785843","1":"product","2":"type-product","3":"status-publish","5":"product_cat-felsefe","6":"product_cat-siyaset-felsefesi","7":"pa_cilt-ciltsiz","8":"pa_tur-kitap","9":"pa_yayinevi-iletisim-yayinlari","10":"pa_yazar-baris-aydin","12":"first","13":"instock","14":"sale","15":"shipping-taxable","16":"purchasable","17":"product-type-simple"},"_links":{"self":[{"href":"https:\/\/roveyayinevi.com.tr\/index.php\/wp-json\/wp\/v2\/product\/785843","targetHints":{"allow":["GET"]}}],"collection":[{"href":"https:\/\/roveyayinevi.com.tr\/index.php\/wp-json\/wp\/v2\/product"}],"about":[{"href":"https:\/\/roveyayinevi.com.tr\/index.php\/wp-json\/wp\/v2\/types\/product"}],"wp:attachment":[{"href":"https:\/\/roveyayinevi.com.tr\/index.php\/wp-json\/wp\/v2\/media?parent=785843"}],"wp:term":[{"taxonomy":"product_brand","embeddable":true,"href":"https:\/\/roveyayinevi.com.tr\/index.php\/wp-json\/wp\/v2\/product_brand?post=785843"},{"taxonomy":"product_cat","embeddable":true,"href":"https:\/\/roveyayinevi.com.tr\/index.php\/wp-json\/wp\/v2\/product_cat?post=785843"},{"taxonomy":"product_tag","embeddable":true,"href":"https:\/\/roveyayinevi.com.tr\/index.php\/wp-json\/wp\/v2\/product_tag?post=785843"}],"curies":[{"name":"wp","href":"https:\/\/api.w.org\/{rel}","templated":true}]}}